{"id":309,"date":"2010-07-26T20:43:36","date_gmt":"2010-07-26T20:43:36","guid":{"rendered":"http:\/\/easyaffiliate.wpengine.com\/thank-you\/"},"modified":"2021-07-21T15:50:54","modified_gmt":"2021-07-21T15:50:54","slug":"thank-you","status":"publish","type":"page","link":"https:\/\/easyaffiliate.com\/de\/thank-you\/","title":{"rendered":"Dankesch\u00f6n"},"content":{"rendered":"<p>Vielen Dank f\u00fcr den Kauf von Easy Affiliate!<\/p>\n\n\n\n<p>Sie sollten in K\u00fcrze eine Willkommens-E-Mail von unserem System erhalten. Wenn Sie sie nicht in Ihrem Posteingang sehen, \u00fcberpr\u00fcfen Sie bitte Ihren Junk- oder Spam-Ordner. Wenn Sie sie nicht erhalten haben, k\u00f6nnen Sie uns eine Nachricht auf unserer Website schicken. <a href=\"\/de\/contact\/\">Kontakt-Formular<\/a>.<\/p>\n\n\n\n<p><strong>Hier erfahren Sie, wie Sie Easy Affiliate installieren:<\/strong><\/p>\n\n\n\n<ol class=\"wp-block-list\"><li>Laden Sie die neueste Version von Easy Affiliate von Ihrem <a href=\"\/de\/account\/\">Konto-Seite<\/a><\/li><li>Gehen Sie zur Verwaltung Ihrer WordPress-Website<\/li><li>Gehe zu <strong>Plugins &gt; Neu hinzuf\u00fcgen<\/strong>und klicken Sie auf <strong>Hochladen<\/strong><\/li><li>Laden Sie die gerade heruntergeladene Zip-Datei hoch und klicken Sie auf <strong>Aktivieren Sie<\/strong><\/li><li>Weiter zu <strong>Easy Affiliate &gt; Aktivieren<\/strong> in Ihrem WordPress-Admin, dann geben Sie Ihren Lizenzschl\u00fcssel ein und aktivieren ihn<\/li><\/ol>\n\n\n\n<p><strong>Das war's!<\/strong><\/p>\n\n\n\n<p>Jetzt k\u00f6nnen Sie gehen zu <strong>Easy Affiliate &gt; Einstellungen<\/strong>und richten Sie Ihr neues Partnerprogramm ein.<\/p>\n\n\n\n<p>Weitere Informationen finden Sie unter <a href=\"https:\/\/easyaffiliate.com\/de\/docs-category\/getting-started\/\" target=\"_blank\" rel=\"noreferrer noopener\">Erste Schritte<\/a> in der Easy Affiliate-Wissensdatenbank.<\/p>","protected":false},"excerpt":{"rendered":"<p>Thanks for purchasing Easy Affiliate! You should receive a welcome email shortly from our system. If you don&#8217;t see it in your inbox, make sure to check your junk or spam folders. But if you didn&#8217;t get it, you can shoot us a note on our contact form. Here&#8217;s how to install Easy Affiliate: Download [&hellip;]<\/p>\n","protected":false},"author":1,"featured_media":0,"parent":0,"menu_order":0,"comment_status":"closed","ping_status":"closed","template":"","meta":{"_acf_changed":false,"om_disable_all_campaigns":false,"_strive_editorial_status":"not-started","_strive_copy_of":0,"inline_featured_image":false,"_monsterinsights_skip_tracking":false,"_monsterinsights_sitenote_active":false,"_monsterinsights_sitenote_note":"","_monsterinsights_sitenote_category":0,"_genesis_hide_title":false,"_genesis_hide_breadcrumbs":false,"_genesis_hide_singular_image":false,"_genesis_hide_footer_widgets":false,"_genesis_custom_body_class":"","_genesis_custom_post_class":"","_genesis_layout":"","footnotes":""},"class_list":{"0":"post-309","1":"page","2":"type-page","3":"status-publish","5":"entry"},"acf":[],"aioseo_notices":[],"_links":{"self":[{"href":"https:\/\/easyaffiliate.com\/de\/wp-json\/wp\/v2\/pages\/309","targetHints":{"allow":["GET"]}}],"collection":[{"href":"https:\/\/easyaffiliate.com\/de\/wp-json\/wp\/v2\/pages"}],"about":[{"href":"https:\/\/easyaffiliate.com\/de\/wp-json\/wp\/v2\/types\/page"}],"author":[{"embeddable":true,"href":"https:\/\/easyaffiliate.com\/de\/wp-json\/wp\/v2\/users\/1"}],"replies":[{"embeddable":true,"href":"https:\/\/easyaffiliate.com\/de\/wp-json\/wp\/v2\/comments?post=309"}],"version-history":[{"count":0,"href":"https:\/\/easyaffiliate.com\/de\/wp-json\/wp\/v2\/pages\/309\/revisions"}],"wp:attachment":[{"href":"https:\/\/easyaffiliate.com\/de\/wp-json\/wp\/v2\/media?parent=309"}],"curies":[{"name":"wp","href":"https:\/\/api.w.org\/{rel}","templated":true}]}}