{"id":313,"date":"2010-07-26T22:53:45","date_gmt":"2010-07-26T22:53:45","guid":{"rendered":"http:\/\/easyaffiliate.wpengine.com\/affiliate-signup\/"},"modified":"2021-05-13T21:54:40","modified_gmt":"2021-05-13T21:54:40","slug":"affiliate-program","status":"publish","type":"page","link":"https:\/\/easyaffiliate.com\/de\/affiliate-program\/","title":{"rendered":"Geld verdienen durch Werbung f\u00fcr Easy Affiliate"},"content":{"rendered":"<p>Wenn Sie sich f\u00fcr das Easy Affiliate-Partnerprogramm anmelden, werden Sie Teil eines Teams, das f\u00fcr das einfachste, aber leistungsf\u00e4higste und sicherste WordPress-Plugin f\u00fcr Partnerprogramme wirbt, das es gibt. Helfen Sie Menschen, ihre Gesch\u00e4fte auf die n\u00e4chste Stufe zu bringen, und verdienen Sie dabei auch noch Provisionen!<\/p>\n\n\n\n<h3 class=\"wp-block-heading\">Welche Art von Provision kommt f\u00fcr mich in Frage?<\/h3>\n\n\n\n<p>F\u00fcr jeden geworbenen Kunden erhalten Sie 25% Provisionen f\u00fcr den ersten Verkauf.<\/p>\n\n\n\n<h3 class=\"wp-block-heading\">Warum sollten Sie dem Easy Affiliate Partnerprogramm beitreten?<\/h3>\n\n\n\n<ul class=\"wp-block-list\">\n<li>Verdienen Sie gro\u00dfz\u00fcgige Provisionen<\/li>\n\n\n\n<li>60-Tage-R\u00fcckgabe-Cookie<\/li>\n\n\n\n<li>Zugang zu kreativen Bannern, E-Mails und Textlinks, die f\u00fcr die Konvertierung optimiert sind<\/li>\n\n\n\n<li>Genie\u00dfen Sie schnelle monatliche Zahlungen (am Ersten eines jeden Monats \u00fcber PayPal)<\/li>\n\n\n\n<li>Kostenlos anmelden!<\/li>\n\n\n\n<li>Verfolgen Sie Ihre Provisionen zuverl\u00e4ssig \u00fcber Ihr personalisiertes Affiliate Dashboard<\/li>\n\n\n\n<li>Sie werden das sicherste WordPress-Plugin f\u00fcr Affiliate-Programme bewerben, das es gibt<\/li>\n<\/ul>\n\n\n\n<p class=\"has-text-align-left\">Beginnen Sie noch heute zu verdienen.<\/p>\n\n\n\n<div class=\"wp-block-group\"><div class=\"wp-block-group__inner-container is-layout-flow wp-block-group-is-layout-flow\">\n<div class=\"wp-block-buttons is-horizontal is-content-justification-center is-layout-flex wp-container-core-buttons-is-layout-499968f5 wp-block-buttons-is-layout-flex\">\n<div class=\"wp-block-button\"><a class=\"wp-block-button__link has-text-color has-background wp-element-button\" href=\"https:\/\/easyaffiliate.com\/de\/affiliate-signup\/\" style=\"border-radius:2px;color:#fffffa;background-color:#ba0c49\">Ich bin bereit, mich zu bewerben!<\/a><\/div>\n\n\n\n<div class=\"wp-block-button is-style-outline is-style-outline--1\"><a class=\"wp-block-button__link has-text-color wp-element-button\" href=\"https:\/\/easyaffiliate.com\/de\/affiliate-login\/\" style=\"border-radius:2px;color:#ba0c49\">Ich bin bereits ein Partner.<\/a><\/div>\n<\/div>\n<\/div><\/div>","protected":false},"excerpt":{"rendered":"<p>When you sign up for the Easy Affiliate affiliate program, you become part of a team promoting the simplest, yet most powerful and secure affiliate program WordPress plugin out there. Help people take their businesses to the next level, and earn commission revenue while you&#8217;re at it! What kind of commission am I eligible for? [&hellip;]<\/p>\n","protected":false},"author":1,"featured_media":0,"parent":0,"menu_order":0,"comment_status":"closed","ping_status":"closed","template":"","meta":{"_acf_changed":false,"om_disable_all_campaigns":false,"_strive_editorial_status":"not-started","_strive_copy_of":0,"inline_featured_image":false,"_monsterinsights_skip_tracking":false,"_monsterinsights_sitenote_active":false,"_monsterinsights_sitenote_note":"","_monsterinsights_sitenote_category":0,"_genesis_hide_title":false,"_genesis_hide_breadcrumbs":false,"_genesis_hide_singular_image":false,"_genesis_hide_footer_widgets":false,"_genesis_custom_body_class":"","_genesis_custom_post_class":"","_genesis_layout":"","footnotes":""},"class_list":{"0":"post-313","1":"page","2":"type-page","3":"status-publish","5":"entry"},"acf":[],"aioseo_notices":[],"_links":{"self":[{"href":"https:\/\/easyaffiliate.com\/de\/wp-json\/wp\/v2\/pages\/313","targetHints":{"allow":["GET"]}}],"collection":[{"href":"https:\/\/easyaffiliate.com\/de\/wp-json\/wp\/v2\/pages"}],"about":[{"href":"https:\/\/easyaffiliate.com\/de\/wp-json\/wp\/v2\/types\/page"}],"author":[{"embeddable":true,"href":"https:\/\/easyaffiliate.com\/de\/wp-json\/wp\/v2\/users\/1"}],"replies":[{"embeddable":true,"href":"https:\/\/easyaffiliate.com\/de\/wp-json\/wp\/v2\/comments?post=313"}],"version-history":[{"count":1,"href":"https:\/\/easyaffiliate.com\/de\/wp-json\/wp\/v2\/pages\/313\/revisions"}],"predecessor-version":[{"id":12700,"href":"https:\/\/easyaffiliate.com\/de\/wp-json\/wp\/v2\/pages\/313\/revisions\/12700"}],"wp:attachment":[{"href":"https:\/\/easyaffiliate.com\/de\/wp-json\/wp\/v2\/media?parent=313"}],"curies":[{"name":"wp","href":"https:\/\/api.w.org\/{rel}","templated":true}]}}