{"id":37,"date":"2010-07-07T17:25:46","date_gmt":"2010-07-07T17:25:46","guid":{"rendered":"http:\/\/easyaffiliate.wpengine.com\/"},"modified":"2021-04-20T23:35:15","modified_gmt":"2021-04-20T23:35:15","slug":"privacy","status":"publish","type":"page","link":"https:\/\/easyaffiliate.com\/de\/privacy\/","title":{"rendered":"Datenschutzbestimmungen"},"content":{"rendered":"<p>Ihre Privatsph\u00e4re ist f\u00fcr uns sehr wichtig. Bei Caseproof haben wir ein paar grundlegende Prinzipien, die wir befolgen:<\/p>\n\n\n\n<ul class=\"wp-block-list\"><li>Wir fragen Sie nur dann nach pers\u00f6nlichen Informationen, wenn wir sie wirklich brauchen. (Wir k\u00f6nnen Dienste nicht ausstehen, die Sie ohne ersichtlichen Grund nach Dingen wie Ihrem Geschlecht oder Einkommensniveau fragen).<\/li><li>Wir geben Ihre pers\u00f6nlichen Daten an niemanden weiter, es sei denn, wir m\u00fcssen die gesetzlichen Bestimmungen einhalten, unsere Produkte entwickeln oder unsere Rechte sch\u00fctzen.<\/li><li>Wir speichern keine pers\u00f6nlichen Daten auf unseren Servern, es sei denn, dies ist f\u00fcr den laufenden Betrieb unserer Website erforderlich.<\/li><\/ul>\n\n\n\n<p>Caseproof LLC (\"Caseproof\") betreibt mehrere Websites, darunter EasyAffiliate.com. Es ist die Politik von Caseproof, Ihre Privatsph\u00e4re in Bezug auf jegliche Informationen, die wir w\u00e4hrend des Betriebs unserer Websites sammeln, zu respektieren.<\/p>\n\n\n\n<p><strong>Besucher der Website<\/strong><\/p>\n\n\n\n<p>Wie die meisten Website-Betreiber sammelt Caseproof nicht-personenbezogene Daten, wie sie von Webbrowsern und Servern \u00fcblicherweise zur Verf\u00fcgung gestellt werden, z. B. den Browsertyp, die bevorzugte Sprache, die verweisende Website sowie das Datum und die Uhrzeit der einzelnen Besucheranfragen. Caseproof sammelt nicht-personenbezogene Daten, um besser zu verstehen, wie die Besucher von Caseproof die Website nutzen. Von Zeit zu Zeit kann Caseproof nicht-personenbezogene Informationen in zusammengefasster Form ver\u00f6ffentlichen, z. B. durch die Ver\u00f6ffentlichung eines Berichts \u00fcber Trends bei der Nutzung seiner Website.<\/p>\n\n\n\n<p>Caseproof sammelt auch potenziell pers\u00f6nlich identifizierende Informationen wie Internetprotokoll (IP)-Adressen f\u00fcr angemeldete Benutzer und f\u00fcr Benutzer, die Kommentare in unseren Blogs hinterlassen. Caseproof gibt die IP-Adressen der angemeldeten Benutzer und Kommentatoren nur unter denselben Umst\u00e4nden bekannt, unter denen es pers\u00f6nlich identifizierende Informationen wie unten beschrieben verwendet und offenlegt, mit der Ausnahme, dass die IP-Adressen der Blog-Kommentatoren f\u00fcr die Administratoren des Blogs, in dem der Kommentar hinterlassen wurde, sichtbar sind und offengelegt werden.<\/p>\n\n\n\n<p><strong>Erhebung personenbezogener Daten<\/strong><\/p>\n\n\n\n<p>Bestimmte Besucher der Caseproof-Websites interagieren mit Caseproof auf eine Weise, die es erforderlich macht, dass Caseproof pers\u00f6nlich identifizierende Informationen sammelt. Die Menge und Art der Informationen, die Caseproof sammelt, h\u00e4ngt von der Art der Interaktion ab. Zum Beispiel bitten wir Besucher, die in unserem Blog kommentieren, einen Benutzernamen und eine E-Mail-Adresse anzugeben. Diejenigen, die Caseproof-Updates per E-Mail erhalten m\u00f6chten, sammeln wir ihre E-Mails. In jedem Fall sammelt Caseproof solche Informationen nur insoweit, wie es notwendig oder angemessen ist, um den Zweck der Interaktion des Besuchers mit Caseproof zu erf\u00fcllen. Caseproof gibt keine pers\u00f6nlich identifizierenden Informationen weiter, au\u00dfer wie unten beschrieben. Und Besucher k\u00f6nnen sich jederzeit weigern, pers\u00f6nlich identifizierende Informationen zu liefern, mit dem Vorbehalt, dass dies sie an der Teilnahme an bestimmten Website-bezogenen Aktivit\u00e4ten hindern kann.<\/p>\n\n\n\n<p><strong>Aggregierte Statistiken<\/strong><\/p>\n\n\n\n<p>Caseproof kann Statistiken \u00fcber das Verhalten der Besucher seiner Websites sammeln. Caseproof kann zum Beispiel die beliebtesten Seiten auf der EasyAffiliate.com-Website \u00fcberwachen oder den Akismet-Dienst zur Spam-Erkennung einsetzen. Caseproof kann diese Informationen \u00f6ffentlich anzeigen oder sie anderen zur Verf\u00fcgung stellen. Caseproof gibt jedoch keine pers\u00f6nlich identifizierenden Informationen weiter, au\u00dfer wie unten beschrieben.<\/p>\n\n\n\n<p><strong>Schutz bestimmter personenbezogener Daten<\/strong><\/p>\n\n\n\n<p>Caseproof legt potenziell pers\u00f6nlich identifizierende und pers\u00f6nlich identifizierende Informationen nur gegen\u00fcber seinen Mitarbeitern, Auftragnehmern und angeschlossenen Organisationen offen, die (i) diese Informationen kennen m\u00fcssen, um sie im Auftrag von Caseproof zu verarbeiten oder um auf den Websites von Caseproof verf\u00fcgbare Dienste bereitzustellen, und die (ii) zugestimmt haben, sie nicht an andere weiterzugeben. Einige dieser Mitarbeiter, Auftragnehmer und angeschlossenen Organisationen k\u00f6nnen sich au\u00dferhalb Ihres Heimatlandes befinden; durch die Nutzung der Websites von Caseproof stimmen Sie der \u00dcbertragung solcher Informationen an sie zu. Caseproof wird potenziell pers\u00f6nlich identifizierende und pers\u00f6nlich identifizierende Informationen nicht an Dritte vermieten oder verkaufen. Abgesehen von seinen Mitarbeitern, Auftragnehmern und angeschlossenen Organisationen, wie oben beschrieben, gibt Caseproof potenziell pers\u00f6nlich identifizierende und pers\u00f6nlich identifizierende Informationen nur als Reaktion auf eine Vorladung, einen Gerichtsbeschluss oder eine andere beh\u00f6rdliche Anfrage weiter, oder wenn Caseproof in gutem Glauben davon ausgeht, dass die Offenlegung vern\u00fcnftigerweise notwendig ist, um das Eigentum oder die Rechte von Caseproof, Dritten oder der \u00d6ffentlichkeit insgesamt zu sch\u00fctzen. Wenn Sie ein registrierter Benutzer einer Caseproof-Website sind und Ihre E-Mail-Adresse angegeben haben, kann Caseproof Ihnen gelegentlich eine E-Mail senden, um Sie \u00fcber neue Funktionen zu informieren, Sie um Ihr Feedback zu bitten oder Sie einfach nur auf dem Laufenden zu halten, was bei Caseproof und unseren Produkten vor sich geht. Wir verwenden in erster Linie unsere verschiedenen Produkt-Blogs, um diese Art von Informationen zu \u00fcbermitteln, so dass wir diese Art von E-Mail auf ein Minimum beschr\u00e4nken m\u00f6chten. Wenn Sie uns eine Anfrage senden (z. B. \u00fcber eine Support-E-Mail oder \u00fcber einen unserer Feedback-Mechanismen), behalten wir uns das Recht vor, diese zu ver\u00f6ffentlichen, um uns bei der Kl\u00e4rung oder Beantwortung Ihrer Anfrage zu helfen oder um uns bei der Unterst\u00fctzung anderer Benutzer zu unterst\u00fctzen. Caseproof ergreift alle angemessenen Ma\u00dfnahmen, um sich gegen den unbefugten Zugriff, die Verwendung, die \u00c4nderung oder die Zerst\u00f6rung von potenziell pers\u00f6nlich identifizierenden und pers\u00f6nlich identifizierenden Informationen zu sch\u00fctzen.<\/p>\n\n\n\n<p><strong>Cookies<\/strong><\/p>\n\n\n\n<p>Ein Cookie ist eine Zeichenfolge von Informationen, die eine Website auf dem Computer eines Besuchers speichert und die der Browser des Besuchers der Website jedes Mal zur Verf\u00fcgung stellt, wenn der Besucher zur\u00fcckkehrt. Caseproof verwendet Cookies, um Caseproof dabei zu helfen, Besucher zu identifizieren und zu verfolgen, ihre Nutzung der Caseproof-Websites und ihre Website-Zugangspr\u00e4ferenzen. Besucher von Caseproof-Websites, die nicht m\u00f6chten, dass Cookies auf ihren Computern platziert werden, sollten ihren Browser so einstellen, dass er Cookies ablehnt, bevor sie die Websites von Caseproof nutzen, mit dem Nachteil, dass bestimmte Funktionen der Websites von Caseproof ohne die Hilfe von Cookies nicht richtig funktionieren k\u00f6nnen.<\/p>\n\n\n\n<p><strong>Verfolgung der Nutzung<\/strong><\/p>\n\n\n\n<p>Caseproof sammelt bestimmte Informationen durch Nutzungsverfolgung. Der Zweck der Nutzungsverfolgung hilft Caseproof, unsere Benutzer und ihre Website-Bed\u00fcrfnisse besser zu verstehen, indem wir eine Reihe von Variablen in ihrem Easy Affiliate Plugin, WordPress und Webhosting betrachten. Diese Informationen erm\u00f6glichen es uns, unser Produkt sowie unseren Q&amp;A-\/Testprozess kontinuierlich zu verbessern. Die Informationen k\u00f6nnen den Lizenzschl\u00fcssel (und -typ), Plugin-Aktivierungsdaten, Mitgliedschafts- und Transaktionsstatistiken umfassen, um sicherzustellen, dass unsere Funktionen und Updates in Situationen getestet werden, die den Website-Umgebungen unserer Kunden und der Nutzung von Easy Affiliate entsprechen. Wir k\u00f6nnen auch Informationen \u00fcber aktive Integrationen und Plugin-Einstellungen sammeln, aber sensible Einstellungen wie API-Schl\u00fcssel werden automatisch vom Tracking ausgeschlossen.<\/p>\n\n\n\n<p>Unsere Nutzungsverfolgung umfasst das Sammeln von Informationen \u00fcber das aktive WordPress-Theme\/Plugins, das Gebietsschema, die Zeitzone, ob SSL aktiviert ist oder ob es sich bei einer Website um eine Multisite handelt, sowie die URL der Website. Dar\u00fcber hinaus umfasst die Verfolgung der Nutzung die Ermittlung der PHP- und MySQL-Versionen, um sicherzustellen, dass unsere Testverfahren die Kompatibilit\u00e4tsprobleme angemessen abdecken, und die Ermittlung der Serversoftware, die zu Testzwecken verwendet wird.<\/p>\n\n\n\n<p><strong>Unternehmens\u00fcbertragungen<\/strong><\/p>\n\n\n\n<p>Wenn Caseproof oder im Wesentlichen alle seine Verm\u00f6genswerte erworben werden, oder in dem unwahrscheinlichen Fall, dass Caseproof in Konkurs geht, w\u00fcrden Benutzerinformationen zu den Verm\u00f6genswerten geh\u00f6ren, die von einer dritten Partei \u00fcbertragen oder erworben werden. Sie erkennen an, dass solche \u00dcbertragungen stattfinden k\u00f6nnen und dass jeder Erwerber von Caseproof Ihre pers\u00f6nlichen Informationen weiterhin wie in dieser Richtlinie dargelegt verwenden kann.<\/p>\n\n\n\n<p><strong>Anzeigen<\/strong><\/p>\n\n\n\n<p>Anzeigen, die auf einer unserer Websites erscheinen, k\u00f6nnen den Nutzern von Werbepartnern geliefert werden, die m\u00f6glicherweise Cookies setzen. Diese Cookies erm\u00f6glichen es dem Anzeigenserver, Ihren Computer jedes Mal zu erkennen, wenn er Ihnen eine Online-Werbung sendet, um Informationen \u00fcber Sie oder andere Personen, die Ihren Computer benutzen, zu sammeln. Diese Informationen erm\u00f6glichen es den Werbenetzwerken unter anderem, gezielte Werbung zu schalten, von der sie glauben, dass sie f\u00fcr Sie von gr\u00f6\u00dftem Interesse sein wird. Diese Datenschutzrichtlinie bezieht sich auf die Verwendung von Cookies durch Caseproof und nicht auf die Verwendung von Cookies durch andere Werbetreibende.<\/p>\n\n\n\n<p><strong>Kommentare<\/strong><\/p>\n\n\n\n<p>Kommentare und andere Inhalte, die an den Anti-Spam-Dienst von Akismet \u00fcbermittelt werden, werden auf unseren Servern gespeichert, es sei denn, sie wurden als falsch-positiv markiert; in diesem Fall speichern wir sie lange genug, um sie zur Verbesserung des Dienstes zu verwenden, um zuk\u00fcnftige falsch-positive Meldungen zu vermeiden.<\/p>\n\n\n\n<p><strong>\u00c4nderungen der Datenschutzrichtlinie<\/strong><\/p>\n\n\n\n<p>Obwohl die meisten \u00c4nderungen wahrscheinlich geringf\u00fcgig sind, kann Caseproof seine Datenschutzrichtlinie von Zeit zu Zeit und nach eigenem Ermessen \u00e4ndern. Caseproof fordert seine Besucher auf, diese Seite regelm\u00e4\u00dfig auf \u00c4nderungen der Datenschutzrichtlinie zu \u00fcberpr\u00fcfen. Durch die fortgesetzte Nutzung dieser Website nach einer \u00c4nderung dieser Datenschutzrichtlinie erkl\u00e4ren Sie sich mit dieser \u00c4nderung einverstanden.<\/p>","protected":false},"excerpt":{"rendered":"<p>Your privacy is very important to us. At Caseproof we have a few fundamental principles that we follow: We don\u2019t ask you for personal information unless we truly need it. (We can\u2019t stand services that ask you for things like your gender or income level for no apparent reason.) We don\u2019t share your personal information [&hellip;]<\/p>\n","protected":false},"author":1,"featured_media":0,"parent":0,"menu_order":0,"comment_status":"closed","ping_status":"closed","template":"","meta":{"_acf_changed":false,"om_disable_all_campaigns":false,"_strive_editorial_status":"not-started","_strive_copy_of":0,"inline_featured_image":false,"_monsterinsights_skip_tracking":false,"_monsterinsights_sitenote_active":false,"_monsterinsights_sitenote_note":"","_monsterinsights_sitenote_category":0,"_genesis_hide_title":false,"_genesis_hide_breadcrumbs":false,"_genesis_hide_singular_image":false,"_genesis_hide_footer_widgets":false,"_genesis_custom_body_class":"","_genesis_custom_post_class":"","_genesis_layout":"","footnotes":""},"class_list":{"0":"post-37","1":"page","2":"type-page","3":"status-publish","5":"entry"},"acf":[],"aioseo_notices":[],"_links":{"self":[{"href":"https:\/\/easyaffiliate.com\/de\/wp-json\/wp\/v2\/pages\/37","targetHints":{"allow":["GET"]}}],"collection":[{"href":"https:\/\/easyaffiliate.com\/de\/wp-json\/wp\/v2\/pages"}],"about":[{"href":"https:\/\/easyaffiliate.com\/de\/wp-json\/wp\/v2\/types\/page"}],"author":[{"embeddable":true,"href":"https:\/\/easyaffiliate.com\/de\/wp-json\/wp\/v2\/users\/1"}],"replies":[{"embeddable":true,"href":"https:\/\/easyaffiliate.com\/de\/wp-json\/wp\/v2\/comments?post=37"}],"version-history":[{"count":0,"href":"https:\/\/easyaffiliate.com\/de\/wp-json\/wp\/v2\/pages\/37\/revisions"}],"wp:attachment":[{"href":"https:\/\/easyaffiliate.com\/de\/wp-json\/wp\/v2\/media?parent=37"}],"curies":[{"name":"wp","href":"https:\/\/api.w.org\/{rel}","templated":true}]}}