{"id":5434,"date":"2021-04-02T00:03:38","date_gmt":"2021-04-02T00:03:38","guid":{"rendered":"https:\/\/easyaffstage.wpengine.com\/?page_id=5434"},"modified":"2023-10-20T19:45:15","modified_gmt":"2023-10-20T19:45:15","slug":"features","status":"publish","type":"page","link":"https:\/\/easyaffiliate.com\/de\/features\/","title":{"rendered":"Eine Reihe von BUZZ-w\u00fcrdigen Funktionen"},"content":{"rendered":"<div class=\"features\">\n        <div class=\"features__wrap\">\n            <div class=\"first-col\"><div id=\"feature-block_642d7f3d14cfbbad65779c685147cf24\" class=\"feature\">\n\t<div class=\"feature__icon\"><img decoding=\"async\" src=\"https:\/\/easyaffiliate.com\/wp-content\/uploads\/2021\/04\/feature-icon-setup.svg\" alt=\"\"><\/div>\n\t<h2 class=\"feature__title\">Super-einfache Einrichtung<\/h2>\n\t<div class=\"feature__text\"><p><span style=\"font-weight: 400;\">Wenn Sie wissen, wie man ein WordPress-Plugin installiert, wissen Sie auch, wie man ein Partnerprogramm mit Easy Affiliate startet. Sie m\u00fcssen nicht an Ihrer Datenbank herumbasteln. Keine speziellen Skripte, die auf Ihrem Webserver laufen m\u00fcssen. Und keine speziellen Vorlagen, die sicherstellen, dass die Grafiken Ihres Partnerprogramms zu Ihrer Website passen. Sobald Easy Affiliate auf Ihrer WordPress-Website installiert ist, haben Sie ein vollwertiges Partnerprogramm. So einfach ist es. <\/span><\/p>\n<\/div>\n<\/div><div id=\"feature-block_642d7f3d14cfbbad65779c685147cf24\" class=\"feature\">\n\t<div class=\"feature__icon\"><img decoding=\"async\" src=\"https:\/\/easyaffiliate.com\/wp-content\/uploads\/2021\/04\/feature-icon-admin.svg\" alt=\"\"><\/div>\n\t<h2 class=\"feature__title\">Leistungsstarker Admin<\/h2>\n\t<div class=\"feature__text\"><p><span style=\"font-weight: 400;\">Mit Easy Affiliate finden Sie alles, was Sie zum Betreiben Ihres Partnerprogramms ben\u00f6tigen, direkt in Ihrer WordPress-Verwaltung. In Ihrem Admin-Panel k\u00f6nnen Sie verschiedene Berichte einsehen, darunter Transaktionen, Gesamtstatistiken f\u00fcr Ihre Partner, eine Auflistung Ihrer Top-Partner, die eingehenden Klicks und was Sie Ihren Partnern zu einem bestimmten Zeitpunkt schulden.<\/span><\/p>\n<\/div>\n<\/div><div id=\"feature-block_642d7f3d14cfbbad65779c685147cf24\" class=\"feature\">\n\t<div class=\"feature__icon\"><img decoding=\"async\" src=\"https:\/\/easyaffiliate.com\/wp-content\/uploads\/2021\/04\/feature-icon-security.svg\" alt=\"\"><\/div>\n\t<h2 class=\"feature__title\">Erweiterte Sicherheit<\/h2>\n\t<div class=\"feature__text\"><p><span style=\"font-weight: 400;\">Easy Affiliate ist das sicherste Affiliate-Plugin auf dem Markt. Sie k\u00f6nnen sich darauf verlassen, dass Ihre Provisionen genau nachverfolgt werden und Ihr Partnerprogramm gegen Angriffe gesch\u00fctzt ist.<\/span><\/p>\n<\/div>\n<\/div><div id=\"feature-block_642d7f3d14cfbbad65779c685147cf24\" class=\"feature\">\n\t<div class=\"feature__icon\"><img decoding=\"async\" src=\"https:\/\/easyaffiliate.com\/wp-content\/uploads\/2021\/04\/feature-icon-link-generation.svg\" alt=\"\"><\/div>\n\t<h2 class=\"feature__title\">Benutzerdefinierte Link-Generierung<\/h2>\n\t<div class=\"feature__text\"><p><span style=\"font-weight: 400;\">Mit der benutzerdefinierten Link-Generierung k\u00f6nnen Ihre Partner jederzeit benutzerdefinierte Affiliate-Tracking-Links erstellen. Und mit der integrierten Unterst\u00fctzung f\u00fcr Pretty Links werden diese sch\u00f6nen Links immer kurz sein und gut aussehen.<\/span><\/p>\n<\/div>\n<\/div><div id=\"feature-block_642d7f3d14cfbbad65779c685147cf24\" class=\"feature\">\n\t<div class=\"feature__icon\"><img decoding=\"async\" src=\"https:\/\/easyaffiliate.com\/wp-content\/uploads\/2021\/04\/feature-icon-support.svg\" alt=\"\"><\/div>\n\t<h2 class=\"feature__title\">Stellare Unterst\u00fctzung<\/h2>\n\t<div class=\"feature__text\"><p><span style=\"font-weight: 400;\">Es ist super einfach, Ihr Partnerprogramm mit Easy Affiliate einzurichten. Aber manchmal brauchen Sie vielleicht ein wenig Hilfe. Deshalb haben wir eine umfassende <\/span><span style=\"font-weight: 400;\">Benutzerhandbuch<\/span><span style=\"font-weight: 400;\"> die alle Funktionen und Verwaltungsseiten abdeckt, die Easy Affiliate zu bieten hat. Und nur f\u00fcr den Fall, dass Sie uns brauchen, unser <\/span><span style=\"font-weight: 400;\">Betreuungsteam<\/span><span style=\"font-weight: 400;\"> ist bereit und willens zu helfen. Wir lassen Sie nicht im Stich.<\/span><\/p>\n<\/div>\n<\/div><\/div>            <div class=\"second-col\"><div id=\"feature-block_642d7f3d14cfbbad65779c685147cf24\" class=\"feature\">\n\t<div class=\"feature__icon\"><img decoding=\"async\" src=\"https:\/\/easyaffiliate.com\/wp-content\/uploads\/2021\/04\/feature-icon-dashboard.svg\" alt=\"\"><\/div>\n\t<h2 class=\"feature__title\">Personalisiertes Affiliate Dashboard<\/h2>\n\t<div class=\"feature__text\"><p><span style=\"font-weight: 400;\">Sie m\u00fcssen sich keine Sorgen machen, dass das Affiliate-Dashboard gut aussieht. Es wird vorgestylt geliefert und kann mit dem WordPress Customizer an Ihre Marke angepasst werden. Das Affiliate-Dashboard erm\u00f6glicht es jedem Ihrer Partner, seine Statistiken zu \u00fcberwachen, seine Kontoinformationen zu bearbeiten, seine Links und Banner herunterzuladen und seine Zahlungshistorie einzusehen. <\/span><\/p>\n<\/div>\n<\/div><div id=\"feature-block_642d7f3d14cfbbad65779c685147cf24\" class=\"feature\">\n\t<div class=\"feature__icon\"><img decoding=\"async\" src=\"https:\/\/easyaffiliate.com\/wp-content\/uploads\/2021\/04\/feature-icon-applications.svg\" alt=\"\"><\/div>\n\t<h2 class=\"feature__title\">Affiliate-Anwendungen<\/h2>\n\t<div class=\"feature__text\"><p><span style=\"font-weight: 400;\">Qualifizieren Sie Ihre Partner auf stilvolle Weise mit dem in Easy Affiliate integrierten Partnerbewerbungsverfahren. Wenn diese leistungsstarke Funktion aktiviert ist, m\u00fcssen sich Besucher f\u00fcr Ihr Partnerprogramm bewerben, bevor sie tats\u00e4chlich Partner werden. Sie haben die M\u00f6glichkeit, jede Bewerbung abzulehnen, zu ignorieren oder zu genehmigen, sobald sie eingeht.<\/span><\/p>\n<\/div>\n<\/div><div id=\"feature-block_642d7f3d14cfbbad65779c685147cf24\" class=\"feature\">\n\t<div class=\"feature__icon\"><img decoding=\"async\" src=\"https:\/\/easyaffiliate.com\/wp-content\/uploads\/2021\/04\/feature-icon-fraud-detection.svg\" alt=\"\"><\/div>\n\t<h2 class=\"feature__title\">Aufdeckung von Betrug<\/h2>\n\t<div class=\"feature__text\"><p>Partnerbetrug ist die gr\u00f6\u00dfte Bedrohung f\u00fcr jedes Partnerprogramm. Aber Sie haben nicht die Zeit, jede Provisionszahlung, die Sie versenden, zu hinterfragen. Easy Affiliate macht den Prozess einfach, indem es verd\u00e4chtiges Verhalten von Partnern kennzeichnet oder ablehnt, BEVOR Sie auszahlen.<\/p>\n<\/div>\n<\/div><div id=\"feature-block_642d7f3d14cfbbad65779c685147cf24\" class=\"feature\">\n\t<div class=\"feature__icon\"><img decoding=\"async\" src=\"https:\/\/easyaffiliate.com\/wp-content\/uploads\/2021\/04\/feature-icon-pay-affiliates.svg\" alt=\"\"><\/div>\n\t<h2 class=\"feature__title\">Affiliates vertrauensvoll bezahlen<\/h2>\n\t<div class=\"feature__text\"><p><span style=\"font-weight: 400;\">Easy Affiliate macht die Bezahlung von Affiliates zum Kinderspiel. Es unterst\u00fctzt PayPal-Massenzahlungsdateien, Offline-Zahlungen und One-Click-Zahlungen \u00fcber PayPal. Loggen Sie sich einfach einmal im Monat ein, \u00fcberpr\u00fcfen Sie die Aktivit\u00e4ten Ihrer Partner und klicken Sie auf <\/span><i><span style=\"font-weight: 400;\">Bezahlen<\/span><\/i><span style=\"font-weight: 400;\">. So einfach ist das!<\/span><\/p>\n<\/div>\n<\/div><div id=\"feature-block_642d7f3d14cfbbad65779c685147cf24\" class=\"feature\">\n\t<div class=\"feature__icon\"><img decoding=\"async\" src=\"https:\/\/easyaffiliate.com\/wp-content\/uploads\/2021\/04\/feature-icon-upgrades.svg\" alt=\"\"><\/div>\n\t<h2 class=\"feature__title\">Ein-Klick-Upgrade<\/h2>\n\t<div class=\"feature__text\"><p>Sind Sie Benutzer des Plugins AffiliateRoyale? Sie k\u00f6nnen mit einem einfachen Klick auf Easy Affiliate umsteigen! Alle Ihre Einstellungen, Partner, Transaktionen, Klicks, Zahlungen und andere Daten werden sicher und zug\u00e4nglich in Easy Affiliate sein.<\/p>\n<\/div>\n<\/div><\/div>            <div class=\"third-col\"><div id=\"feature-block_642d7f3d14cfbbad65779c685147cf24\" class=\"feature\">\n\t<div class=\"feature__icon\"><img decoding=\"async\" src=\"https:\/\/easyaffiliate.com\/wp-content\/uploads\/2021\/04\/feature-icon-payment-integration.svg\" alt=\"\"><\/div>\n\t<h2 class=\"feature__title\">Perfekte Zahlungsintegration<\/h2>\n\t<div class=\"feature__text\"><p><span style=\"font-weight: 400;\">Die Zahlungsintegration von Easy Affiliate hebt die Bequemlichkeit auf ein neues Niveau. Sie k\u00f6nnen Easy Affiliate einrichten, um erste und wiederkehrende Zahlungen von MemberPress, WooCommerce und Easy Digital Downloads zu verfolgen.<\/span><\/p>\n<\/div>\n<\/div><div id=\"feature-block_642d7f3d14cfbbad65779c685147cf24\" class=\"feature\">\n\t<div class=\"feature__icon\"><img decoding=\"async\" src=\"https:\/\/easyaffiliate.com\/wp-content\/uploads\/2021\/04\/feature-icon-commissions-tracking.svg\" alt=\"\"><\/div>\n\t<h2 class=\"feature__title\">Verfolgung von Provisionen<\/h2>\n\t<div class=\"feature__text\"><p><span style=\"font-weight: 400;\">Die Verfolgung von Provisionen ist das Herzst\u00fcck eines jeden soliden Partnerprogramms, und Easy Affiliate entt\u00e4uscht nicht. Es erm\u00f6glicht Ihnen, Ihren Provisionssatz festzulegen und ihn pro Benutzer anzupassen. Es geht \u00fcber jedes andere Affiliate-Plugin auf dem Markt hinaus, indem es Ihnen erlaubt, mehrere Provisionsstufen festzulegen und Ihnen die vollst\u00e4ndige Kontrolle mit effektiven, anpassbaren \u00dcberschreibungsregeln f\u00fcr Affiliate-Provisionen zu geben.<\/span><\/p>\n<\/div>\n<\/div><div id=\"feature-block_642d7f3d14cfbbad65779c685147cf24\" class=\"feature\">\n\t<div class=\"feature__icon\"><img decoding=\"async\" src=\"https:\/\/easyaffiliate.com\/wp-content\/uploads\/2021\/04\/feature-icon-creatives.svg\" alt=\"\"><\/div>\n\t<h2 class=\"feature__title\">Vollst\u00e4ndiges Kreativ-Management<\/h2>\n\t<div class=\"feature__text\"><p><span style=\"font-weight: 400;\">Sie m\u00f6chten, dass Ihre Partner Ihre Marke auf die bestm\u00f6gliche Weise repr\u00e4sentieren. Easy Affiliate umfasst eine voll funktionsf\u00e4hige Plattform f\u00fcr die Verwaltung von Links und Bannern und deren Bereitstellung f\u00fcr Ihre Partner, so dass Sie sicher sein k\u00f6nnen, dass deren Marketing immer auf dem neuesten Stand ist.<\/span><\/p>\n<\/div>\n<\/div><div id=\"feature-block_642d7f3d14cfbbad65779c685147cf24\" class=\"feature\">\n\t<div class=\"feature__icon\"><img decoding=\"async\" src=\"https:\/\/easyaffiliate.com\/wp-content\/uploads\/2021\/04\/feature-icon-email-marketing.svg\" alt=\"\"><\/div>\n\t<h2 class=\"feature__title\">Intuitives E-Mail-Marketing<\/h2>\n\t<div class=\"feature__text\"><p><span style=\"font-weight: 400;\">Mit Ihren Partnern in Kontakt zu bleiben ist der Schl\u00fcssel zu einem erfolgreichen Programm. Aus diesem Grund l\u00e4sst sich Easy Affiliate nahtlos in die wichtigsten E-Mail-Marketingdienste wie MailChimp, ActiveCampaign und ConvertKit integrieren.<\/span><\/p>\n<\/div>\n<\/div><div id=\"feature-block_642d7f3d14cfbbad65779c685147cf24\" class=\"feature\">\n\t<div class=\"feature__icon\"><img decoding=\"async\" src=\"https:\/\/easyaffiliate.com\/wp-content\/uploads\/2023\/10\/features-icon-dev-tools.svg\" alt=\"\"><\/div>\n\t<h2 class=\"feature__title\">Automatisieren mit Entwicklungswerkzeugen<\/h2>\n\t<div class=\"feature__text\"><p>Maximieren Sie Ihre Effizienz und Kundenzufriedenheit mit dem Add-on Developer Tools. Mit einer vollst\u00e4ndigen REST-API und komplexen Webhooks k\u00f6nnen Sie sich nahtlos in Ihre bevorzugten Plattformen integrieren und alles auf Autopilot stellen - von der Anmeldung von Partnern bis zur Provisionsverfolgung. Machen Sie sich bereit, Ihr Affiliate-Marketing-Spiel zu verbessern!<\/p>\n<\/div>\n<\/div><\/div>        <\/div>\n    <\/div>","protected":false},"excerpt":{"rendered":"","protected":false},"author":2,"featured_media":0,"parent":0,"menu_order":0,"comment_status":"closed","ping_status":"closed","template":"template-features-page.php","meta":{"_acf_changed":false,"om_disable_all_campaigns":false,"_strive_editorial_status":"not-started","_strive_copy_of":0,"inline_featured_image":false,"_monsterinsights_skip_tracking":false,"_monsterinsights_sitenote_active":false,"_monsterinsights_sitenote_note":"","_monsterinsights_sitenote_category":0,"_genesis_hide_title":false,"_genesis_hide_breadcrumbs":false,"_genesis_hide_singular_image":false,"_genesis_hide_footer_widgets":false,"_genesis_custom_body_class":"","_genesis_custom_post_class":"","_genesis_layout":"","footnotes":""},"class_list":{"0":"post-5434","1":"page","2":"type-page","3":"status-publish","5":"entry"},"acf":[],"aioseo_notices":[],"_links":{"self":[{"href":"https:\/\/easyaffiliate.com\/de\/wp-json\/wp\/v2\/pages\/5434","targetHints":{"allow":["GET"]}}],"collection":[{"href":"https:\/\/easyaffiliate.com\/de\/wp-json\/wp\/v2\/pages"}],"about":[{"href":"https:\/\/easyaffiliate.com\/de\/wp-json\/wp\/v2\/types\/page"}],"author":[{"embeddable":true,"href":"https:\/\/easyaffiliate.com\/de\/wp-json\/wp\/v2\/users\/2"}],"replies":[{"embeddable":true,"href":"https:\/\/easyaffiliate.com\/de\/wp-json\/wp\/v2\/comments?post=5434"}],"version-history":[{"count":0,"href":"https:\/\/easyaffiliate.com\/de\/wp-json\/wp\/v2\/pages\/5434\/revisions"}],"wp:attachment":[{"href":"https:\/\/easyaffiliate.com\/de\/wp-json\/wp\/v2\/media?parent=5434"}],"curies":[{"name":"wp","href":"https:\/\/api.w.org\/{rel}","templated":true}]}}