{"id":5844,"date":"2021-04-16T11:20:56","date_gmt":"2021-04-16T11:20:56","guid":{"rendered":"https:\/\/easyaffiliate.com\/?page_id=5844"},"modified":"2025-09-24T04:36:36","modified_gmt":"2025-09-24T08:36:36","slug":"change-log","status":"publish","type":"page","link":"https:\/\/easyaffiliate.com\/de\/change-log\/","title":{"rendered":"\u00c4nderungsprotokoll"},"content":{"rendered":"<h2 class=\"wp-block-heading\" id=\"1.4.0\"><a href=\"#1.4.0\" title=\"\">1.4.0<\/a> \u2013 11.09.2025<\/h2>\n\n\n\n<ul class=\"wp-block-list\">\n<li>Ein Konflikt mit Yoast SEO wurde behoben, der zu einem Fehler bei der Einreichung eines Partnerantrags f\u00fchrte.<\/li>\n<li>PHP-Warnung behoben, die bei Cron auftreten kann<\/li>\n<li>Zwei veraltete PHP-Hinweise im Zusammenhang mit Partneranwendungen behoben<\/li>\n<\/ul>\n\n\n\n<h2 class=\"wp-block-heading\" id=\"1.3.18\"><a href=\"#1.3.18\" title=\"\">1.3.18<\/a> \u2013 20.05.2025<\/h2>\n\n\n\n<ul class=\"wp-block-list\">\n<li>Verbessertes In-Plugin-Benachrichtigungssystem<\/li>\n<\/ul>\n\n\n\n<h2 class=\"wp-block-heading\" id=\"1.3.17\"><a href=\"#1.3.17\" title=\"\">1.3.17<\/a> \u2013 03.03.2025<\/h2>\n\n\n\n<ul class=\"wp-block-list\">\n<li>Leistungsverbesserungen f\u00fcr die Abfrage \"Pay Affiliates\" hinzugef\u00fcgt<\/li>\n\n\n\n<li>Aktualisierung der Moment-Bibliothek auf die neueste Version<\/li>\n<\/ul>\n\n\n\n<h2 class=\"wp-block-heading\" id=\"1.3.16\"><a href=\"#1.3.16\" title=\"\">1.3.16<\/a> \u2013 18.12.2024<\/h2>\n\n\n\n<ul class=\"wp-block-list\">\n<li>Kleinere Fehlerbehebungen<\/li>\n<\/ul>\n\n\n\n<h2 class=\"wp-block-heading\" id=\"1.3.15\"><a href=\"#1.3.15\" title=\"\">1.3.15<\/a> \u2013 28.11.2024<\/h2>\n\n\n\n<ul class=\"wp-block-list\">\n<li>Rebranding-Kit<\/li>\n<\/ul>\n\n\n\n<h2 class=\"wp-block-heading\" id=\"1.3.14\"><a href=\"#1.3.14\" title=\"\">1.3.14<\/a> \u2013 27.11.2024<\/h2>\n\n\n\n<ul class=\"wp-block-list\">\n<li>Loco Translate-Integration korrigieren<\/li>\n\n\n\n<li>Korrekturen f\u00fcr \u00dcbersetzungen mit WP 6.7<\/li>\n<\/ul>\n\n\n\n<h2 class=\"wp-block-heading\" id=\"1.3.12\"><a href=\"#1.3.12\" title=\"\">1.3.12<\/a> \u2013 26.11.2024<\/h2>\n\n\n\n<ul class=\"wp-block-list\">\n<li>Neuer Posteingang f\u00fcr In-Plugin-Benachrichtigungen<\/li>\n\n\n\n<li>Beheben Sie \u00dcbersetzungen, die nach WP 6.7 nicht mehr funktionieren<\/li>\n<\/ul>\n\n\n\n<h2 class=\"wp-block-heading\" id=\"1.3.11\"><a href=\"#1.3.11\" title=\"\">1.3.11<\/a> \u2013 06.11.2024<\/h2>\n\n\n\n<ul class=\"wp-block-list\">\n<li>Haken hinzugef\u00fcgt, um das PayPal-E-Mail-Feld bei der Anmeldung auszublenden und\/oder nicht zu ben\u00f6tigen<\/li>\n\n\n\n<li>PHP-Warnung im Zusammenhang mit der UTM-Parameter-Funktion behoben<\/li>\n\n\n\n<li>Ein seltenes Problem wurde behoben, bei dem die Option \"Referrals anzeigen\" des Add-Ons \"Provisionsstufen\" alle Partner auf der Website anzeigen konnte<\/li>\n<\/ul>\n\n\n\n<h2 class=\"wp-block-heading\" id=\"1.3.10\"><a href=\"#1.3.10\" title=\"\">1.3.10<\/a> \u2013 06.12.2024<\/h2>\n\n\n\n<ul class=\"wp-block-list\">\n<li>Hinzuf\u00fcgen einer Funktion, um einen Partner mit einem WooCommerce-Gutschein zu verkn\u00fcpfen, um Provisionen auf Basis der Gutscheinnutzung zu vergeben<\/li>\n\n\n\n<li>Es wurde ein Problem behoben, bei dem es nicht m\u00f6glich war, Affiliates zu bezahlen, wenn alle Klicks aus diesem Zeitraum gel\u00f6scht wurden.<\/li>\n\n\n\n<li>Ein Problem wurde behoben, bei dem TranslatePress die Deaktivierung der Plugin-Lizenz zur Folge hatte<\/li>\n\n\n\n<li>Die Leistung der Abfrage f\u00fcr inaktive Ereignisse bei Partnern wurde verbessert<\/li>\n<\/ul>\n\n\n\n<h2 class=\"wp-block-heading\" id=\"1.3.9\"><a href=\"#1.3.9\" title=\"\">1.3.9<\/a> \u2013 30.04.2024<\/h2>\n\n\n\n<ul class=\"wp-block-list\">\n<li>Behebung eines fatalen Fehlers bei PHP 8.2 mit WooCommerce<\/li>\n\n\n\n<li>Hinzuf\u00fcgen von Unterst\u00fctzung f\u00fcr monatliche Umsatzbetrags\u00fcbereinstimmungsbedingungen f\u00fcr das Add-on Provisionsregeln<\/li>\n\n\n\n<li>Automatische Anmeldung bei der Anmeldung implementieren, wenn die Kontodaten korrekt sind<\/li>\n\n\n\n<li>Erh\u00f6hen der PHP-Anforderungen auf PHP 7.4+<\/li>\n<\/ul>\n\n\n\n<h2 class=\"wp-block-heading\" id=\"1.3.8\"><a href=\"#1.3.8\" title=\"\">1.3.8<\/a> \u2013 28.03.2024<\/h2>\n\n\n\n<ul class=\"wp-block-list\">\n<li>Affiliates gelten jetzt als \"aktiv\", wenn sie in den letzten 30 Tagen entweder einen Klick oder eine Provision erhalten haben, anstatt nur einen Klick.<\/li>\n<\/ul>\n\n\n\n<h2 class=\"wp-block-heading\" id=\"1.3.7\"><a href=\"#1.3.7\" title=\"\">1.3.7<\/a> \u2013 19.03.2024<\/h2>\n\n\n\n<ul class=\"wp-block-list\">\n<li>Der AffiliateWP-Migrator wurde beim Migrieren gro\u00dfer Datenmengen verbessert<\/li>\n\n\n\n<li>Hinzuf\u00fcgen der W\u00e4hrung und des Symbols des peruanischen Sol<\/li>\n\n\n\n<li>Hinzuf\u00fcgen eines Filterhakens zu den Affiliate-Dashboard-Creatives<\/li>\n\n\n\n<li>Behebung eines aufgezeichneten Klicks beim Hinzuf\u00fcgen eines benutzerdefinierten Links mit installierten PrettyLinks<\/li>\n\n\n\n<li>Behebung eines fatalen Fehlers in PHP-Versionen kleiner als 7.4<\/li>\n<\/ul>\n\n\n\n<h2 class=\"wp-block-heading\" id=\"1.3.6\"><a href=\"#1.3.6\" title=\"\">1.3.6<\/a> \u2013 16.01.2024<\/h2>\n\n\n\n<ul class=\"wp-block-list\">\n<li>Men\u00fcpunkt Growth Tools hinzuf\u00fcgen, um erg\u00e4nzende Produkte zu finden<\/li>\n\n\n\n<li>Korrekturen der Kompatibilit\u00e4t mit PHP 8+<\/li>\n<\/ul>\n\n\n\n<h2 class=\"wp-block-heading\" id=\"1.3.5\"><a href=\"#1.3.5\" title=\"\">1.3.5<\/a> \u2013 14.11.2023<\/h2>\n\n\n\n<ul class=\"wp-block-list\">\n<li>WP 6.4 Kompatibilit\u00e4t<\/li>\n<\/ul>\n\n\n\n<h2 class=\"wp-block-heading\" id=\"1.3.4\"><a href=\"#1.3.4\" rel=\"nofollow\" title=\"#1.3.4\"> 1.3.1 \u2013 1.3.4 <\/a> \u2013 08.11.2023<\/h2>\n\n\n\n<ul class=\"wp-block-list\">\n<li>Hinzuf\u00fcgen von Arbeitspl\u00e4tzen zur Verarbeitung von Ereignissen f\u00fcr das Add-on Developer Tools<\/li>\n<\/ul>\n\n\n\n<h2 class=\"wp-block-heading\" id=\"1.3.0\"><a href=\"#1.3.0\" rel=\"nofollow\" title=\"#1.3.0\"> 1.3.0 <\/a> \u2013 06.10.2023<\/h2>\n\n\n\n<ul class=\"wp-block-list\">\n<li>MemberMouse-Integration hinzuf\u00fcgen<\/li>\n\n\n\n<li>Integration von Wunschlistenmitgliedern hinzuf\u00fcgen<\/li>\n\n\n\n<li>Behebung der Warnungen vor dynamischen Eigenschaften in PHP 8.2<\/li>\n<\/ul>\n\n\n\n<h2 class=\"wp-block-heading\" id=\"1.2.14\"><a href=\"#1.2.14\" rel=\"nofollow\" title=\"#1.2.14\"> 1.2.14 <\/a> \u2013 14.09.2023<\/h2>\n\n\n\n<ul class=\"wp-block-list\">\n<li>Vermeiden Sie die Anzeige von leeren Tags in Benachrichtigungen<\/li>\n\n\n\n<li>Geplante In-Plugin-Benachrichtigungen korrigieren<\/li>\n<\/ul>\n\n\n\n<h2 class=\"wp-block-heading\" id=\"1.2.13\"><a title=\"#1.2.13\" href=\"#1.2.13\" rel=\"nofollow\"> 1.2.13 <\/a> \u2013 21.08.2023<\/h2>\n\n\n\n<ul class=\"wp-block-list\">\n<li>Unterst\u00fctzung f\u00fcr das Add-on Developer Tools hinzuf\u00fcgen<\/li>\n\n\n\n<li>F\u00fcgen Sie der Standard-URL des Partners einen abschlie\u00dfenden Schr\u00e4gstrich hinzu<\/li>\n<\/ul>\n\n\n\n<h2 class=\"wp-block-heading\" id=\"1.2.12\"><a title=\"#1.2.12\" href=\"#1.2.12\" rel=\"nofollow\"> 1.2.12 <\/a> \u2013 08.02.2023<\/h2>\n\n\n\n<ul class=\"wp-block-list\">\n<li>Hinzuf\u00fcgen eines Feldes auf der Seite \"Partnerantrag bearbeiten\", um die Bearbeitung des mit einem Antrag verbundenen Partners zu erm\u00f6glichen<\/li>\n\n\n\n<li>Hinzuf\u00fcgen von Papierkorb\/Wiederherstellen\/L\u00f6schen-Aktionen zu einzelnen Zeilen von Partneranwendungen<\/li>\n\n\n\n<li>Hinzuf\u00fcgen eines beschreibenden Tooltips zum Label \"Earns Per Click\" auf dem Affiliate-Dashboard<\/li>\n\n\n\n<li>Behebung eines Problems, bei dem eingeloggte Benutzer sich nicht anmelden konnten, wenn sie sich abgemeldet hatten<\/li>\n\n\n\n<li>Die Links zu den Dashboard- und Anmeldeseiten im letzten Schritt des Onboarding-Assistenten wurden korrigiert<\/li>\n<\/ul>\n\n\n\n<h2 class=\"wp-block-heading\" id=\"1.2.11\"><a title=\"#1.2.11\" href=\"#1.2.11\" rel=\"nofollow\"> 1.2.11 <\/a> \u2013 25.07.2023<\/h2>\n\n\n\n<ul class=\"wp-block-list\">\n<li>Elementor-Kompatibilit\u00e4t hinzuf\u00fcgen<\/li>\n\n\n\n<li>URL-Filterhaken f\u00fcr die Abmeldeumleitung hinzuf\u00fcgen<\/li>\n\n\n\n<li>Filterhaken f\u00fcr Anmelde- und Registrierungs-URLs hinzuf\u00fcgen<\/li>\n\n\n\n<li>Filterhaken zu Pro Dashboard back URL hinzuf\u00fcgen<\/li>\n\n\n\n<li>F\u00fcgen Sie den ConvertKit Link Checker zur Liste der bekannten Bots hinzu<\/li>\n\n\n\n<li>Verwenden Sie F\u00e4higkeiten anstelle von Rollen f\u00fcr den Plugin-Admin-Zugriff<\/li>\n\n\n\n<li>reCAPTCHA-Integration korrigiert<\/li>\n\n\n\n<li>Korrektur des Hinweises auf Veralterung, wenn das Tabellenergebnis null ist<\/li>\n\n\n\n<li>Problem mit der Verfolgung von Admin-Provisionen behoben<\/li>\n\n\n\n<li>Fix Kommission Tracking in WPForms 1.8.2+<\/li>\n<\/ul>\n\n\n\n<h2 class=\"wp-block-heading\" id=\"1.2.10\"><a title=\"#1.2.10\" href=\"#1.2.10\" rel=\"nofollow\"> 1.2.10 <\/a> \u2013 15.02.2023<\/h2>\n\n\n\n<ul class=\"wp-block-list\">\n<li>Rum\u00e4nisches W\u00e4hrungssymbol \"Lei\" hinzuf\u00fcgen<\/li>\n\n\n\n<li>Hinzuf\u00fcgen der Kompatibilit\u00e4t f\u00fcr die MySQL-Einstellung NO_AUTO_VALUE_ON_ZERO<\/li>\n\n\n\n<li>Hinzuf\u00fcgen einer eindeutigen Klasse zu Textlinkzeilen und Bannergitterelementen<\/li>\n\n\n\n<li>Reparieren Sie das Tracking von Affiliate-Coupons, wenn auch ein Affiliate-Cookie vorhanden ist<\/li>\n\n\n\n<li>Fix Klick-Tracking, wenn die Partner-URL durch eine MemberPress-Regel gesch\u00fctzt ist<\/li>\n\n\n\n<li>Fix Admin-Skripte laden auf allen Admin-Seiten<\/li>\n\n\n\n<li>Fix Tracking f\u00fcr numerische Benutzernamen<\/li>\n<\/ul>\n\n\n\n<h2 class=\"wp-block-heading\" id=\"1.2.9\"><a title=\"#1.2.9\" href=\"#1.2.9\" rel=\"nofollow\"> 1.2.9 <\/a> \u2013 29.08.2022<\/h2>\n\n\n\n<ul class=\"wp-block-list\">\n<li>Korrektur der Provisionsverfolgung bei MemberPress-Einmalzahlungen<\/li>\n<\/ul>\n\n\n\n<h2 class=\"wp-block-heading\" id=\"1.2.8\"><a title=\"#1.2.8\" href=\"#1.2.8\" rel=\"nofollow\"> 1.2.8 <\/a> \u2013 08.12.2022<\/h2>\n\n\n\n<ul class=\"wp-block-list\">\n<li>PayPal-Auszahlungsberechnungen korrigieren<\/li>\n\n\n\n<li>Alexa-Domain-Statistiken-Link entfernen<\/li>\n<\/ul>\n\n\n\n<h2 class=\"wp-block-heading\" id=\"1.2.7\"><a title=\"#1.2.7\" href=\"#1.2.7\" rel=\"nofollow\"> 1.2.7 <\/a> \u2013 15.07.2022<\/h2>\n\n\n\n<ul class=\"wp-block-list\">\n<li>Behebung eines fatalen Fehlers bei der Suche nach Plugin-Updates<\/li>\n<\/ul>\n\n\n\n<h2 class=\"wp-block-heading\" id=\"1.2.6\"><a title=\"#1.2.6\" href=\"#1.2.6\" rel=\"nofollow\"> 1.2.6 <\/a> \u2013 15.07.2022<\/h2>\n\n\n\n<ul class=\"wp-block-list\">\n<li>Verhindern Sie doppelte Bewerbungen von Partnern mit der gleichen E-Mail-Adresse<\/li>\n\n\n\n<li>Anmeldung mit einer E-Mail-Adresse als Benutzernamen zulassen<\/li>\n<\/ul>\n\n\n\n<h2 class=\"wp-block-heading\" id=\"1.2.5\"><a title=\"#1.2.5\" href=\"#1.2.5\" rel=\"nofollow\"> 1.2.5 <\/a> \u2013 16.05.2022<\/h2>\n\n\n\n<ul class=\"wp-block-list\">\n<li>Fix WooCommerce Erstattung Tracking<\/li>\n\n\n\n<li>Behebung einer PHP-Warnung auf dem Affiliate Dashboard<\/li>\n\n\n\n<li>\u00dcberschreiben des Affiliate-Referrers w\u00e4hrend eines EDD-Kaufs behoben<\/li>\n\n\n\n<li>Wiederkehrende Provisionen werden jetzt standardm\u00e4\u00dfig an den Werber des Kunden vergeben<\/li>\n<\/ul>\n\n\n\n<h2 class=\"wp-block-heading\" id=\"1.2.4\"><a title=\"#1.2.4\" href=\"#1.2.4\" rel=\"nofollow\"> 1.2.4 <\/a> \u2013 14.01.2022<\/h2>\n\n\n\n<ul class=\"wp-block-list\">\n<li>Unterst\u00fctzung f\u00fcr das Add-on Tax Reports hinzuf\u00fcgen<\/li>\n<\/ul>\n\n\n\n<h2 class=\"wp-block-heading\" id=\"1.2.3\"><a title=\"#1.2.3\" href=\"#1.2.3\" rel=\"nofollow\"> 1.2.3 <\/a> \u2013 21.12.2021<\/h2>\n\n\n\n<ul class=\"wp-block-list\">\n<li>W\u00e4hrung Ghanaischer Cedi (GHS) hinzuf\u00fcgen<\/li>\n\n\n\n<li>Filterhaken f\u00fcr UTM-Parameter hinzuf\u00fcgen<\/li>\n\n\n\n<li>F\u00fcgen Sie den Shortcode esaf_affiliate_id hinzu, um die aktuelle Partner-ID im Cookie abzurufen<\/li>\n\n\n\n<li>Reparieren der Suche nach Affiliates nach Referrer-Benutzername<\/li>\n\n\n\n<li>Auszahlungen f\u00fcr Partner mit einer ung\u00fcltigen PayPal-E-Mail-Adresse korrigiert<\/li>\n\n\n\n<li>Fix Affiliate-Meta-Werte werden f\u00fcr Felder, die nicht sichtbar sind, auf leer gesetzt<\/li>\n<\/ul>\n\n\n\n<h2 class=\"wp-block-heading\" id=\"1.2.2\"><a title=\"#1.2.2\" href=\"#1.2.2\" rel=\"nofollow\"> 1.2.2 <\/a> \u2013 15.11.2021<\/h2>\n\n\n\n<ul class=\"wp-block-list\">\n<li>Korrektur der Provisionsverfolgung bei Verwendung der WooCommerce-Blocks-Kasse<\/li>\n<\/ul>\n\n\n\n<h2 class=\"wp-block-heading\" id=\"1.2.1\"><a title=\"#1.2.1\" href=\"#1.2.1\" rel=\"nofollow\"> 1.2.1 <\/a> \u2013 13.11.2021<\/h2>\n\n\n\n<ul class=\"wp-block-list\">\n<li>URL-Option f\u00fcr das Schaufenster hinzuf\u00fcgen<\/li>\n<\/ul>\n\n\n\n<h2 class=\"wp-block-heading\" id=\"1.2.0\"><a title=\"#1.2.0\" href=\"#1.2.0\" rel=\"nofollow\"> 1.2.0 <\/a> \u2013 29.09.2021<\/h2>\n\n\n\n<ul class=\"wp-block-list\">\n<li>Hinzuf\u00fcgen einer Option zur Aktivierung des automatischen UTM-Trackings f\u00fcr Affiliate-Links<\/li>\n<\/ul>\n\n\n\n<h2 class=\"wp-block-heading\" id=\"1.1.2\"><a title=\"#1.1.2\" href=\"#1.1.2\" rel=\"nofollow\"> 1.1.2 <\/a> \u2013 16.09.2021<\/h2>\n\n\n\n<ul class=\"wp-block-list\">\n<li>Korrigiert doppelte Provisionen f\u00fcr einmalige Zahlungen (MemberPress PayPal)<\/li>\n\n\n\n<li>Fix \"Voraussichtliche n\u00e4chste Auszahlung\" Betrag auf dem Affiliate-Dashboard<\/li>\n\n\n\n<li>Hinzuf\u00fcgen eines Filterhakens f\u00fcr die Standard-URL der Partner<\/li>\n<\/ul>\n\n\n\n<h2 class=\"wp-block-heading\" id=\"1.1.1\"><a title=\"#1.1.1\" href=\"#1.1.1\" rel=\"nofollow\"> 1.1.1 <\/a> \u2013 26.08.2021<\/h2>\n\n\n\n<ul class=\"wp-block-list\">\n<li>Korrektur der Provisionsverfolgung f\u00fcr Abonnements nach der Migration von AffiliateWP<\/li>\n\n\n\n<li>Fix MemberPress-Transaktionen werden nicht von AffiliateWP migriert<\/li>\n\n\n\n<li>Abgelehnte Referrals werden nicht mehr von AffiliateWP migriert<\/li>\n\n\n\n<li>Behebung eines Problems bei der Migration von Provisionen aus AffiliateWP<\/li>\n\n\n\n<li>Behebung von Banner-Bildern, die das Popup im Partner-Dashboard \u00fcberf\u00fcllen<\/li>\n\n\n\n<li>Beim Exportieren von Tabellen nach CSV wird der Wert \"pro Seite\" nicht verwendet<\/li>\n\n\n\n<li>Die Links zu den Affiliate-Statistiken auf der Pay-Affiliates-Seite wurden korrigiert.<\/li>\n\n\n\n<li>Problem der Klickverfolgung mit Thrive Architect beheben<\/li>\n<\/ul>\n\n\n\n<h2 class=\"wp-block-heading\" id=\"1.1.0\"><a title=\"#1.1.0\" href=\"#1.1.0\" rel=\"nofollow\"> 1.1.0 <\/a> \u2013 16.08.2021<\/h2>\n\n\n\n<ul class=\"wp-block-list\">\n<li>WPForms-Integration hinzuf\u00fcgen<\/li>\n\n\n\n<li>Integration von Formidable Forms hinzuf\u00fcgen<\/li>\n<\/ul>\n\n\n\n<h2 class=\"wp-block-heading\" id=\"1.0.7\"><a title=\"#1.0.7\" href=\"#1.0.7\" rel=\"nofollow\"> 1.0.7 <\/a> \u2013 22.07.2021<\/h2>\n\n\n\n<ul class=\"wp-block-list\">\n<li>Affiliate-Provisionsrate zur Dashboard-Statistik hinzuf\u00fcgen<\/li>\n\n\n\n<li>Hinzuf\u00fcgen einer Aktion zum erneuten Versenden der E-Mail mit der Genehmigung des Partnerantrags<\/li>\n\n\n\n<li>Hinzuf\u00fcgen einer Option zum Abbestellen von Verkaufsbenachrichtigungen<\/li>\n\n\n\n<li>F\u00fcgen Sie Filterhaken hinzu, damit die Felder f\u00fcr die Website\/Strategie der Partneranwendung nicht erforderlich sind.<\/li>\n\n\n\n<li>Sortierung der MTD\/YTD-Spalten in der Verwaltungstabelle f\u00fcr Tochtergesellschaften korrigiert<\/li>\n\n\n\n<li>Behebung, dass Admins ihre eigenen Affiliate-Einstellungen nicht sehen\/bearbeiten k\u00f6nnen<\/li>\n\n\n\n<li>Behebung des Problems, dass Admin-Benutzer nicht auf das Affiliate-Dashboard zugreifen k\u00f6nnen, ohne sich anzumelden<\/li>\n\n\n\n<li>Fix Admin Liste Tabelle Pagination Eingabefeld<\/li>\n<\/ul>\n\n\n\n<h2 class=\"wp-block-heading\" id=\"1.0.6\"><a title=\"#1.0.6\" href=\"#1.0.6\" rel=\"nofollow\"> 1.0.6 <\/a> \u2013 07.07.2021<\/h2>\n\n\n\n<ul class=\"wp-block-list\">\n<li>1-Klick-Migration von AffiliateWP hinzuf\u00fcgen<\/li>\n\n\n\n<li>Behebung von doppelten Willkommens-E-Mails bei aktivierter Option \"Automatisches Hinzuf\u00fcgen von Affiliates<\/li>\n\n\n\n<li>Automatische Erstattungen in der MemberPress-Integration behoben<\/li>\n\n\n\n<li>Korrektur der MemberPress-Provisionsverfolgung f\u00fcr manuell abgeschlossene Offline-Zahlungen<\/li>\n\n\n\n<li>Behebung eines fatalen Fehlers bei der Bearbeitung eines benutzerdefinierten Links<\/li>\n\n\n\n<li>Ausrichtung des E-Mail-Inhalts auf RTL-Seiten korrigieren<\/li>\n<\/ul>\n\n\n\n<h2 class=\"wp-block-heading\" id=\"1.0.5\"><a title=\"#1.0.5\" href=\"#1.0.5\" rel=\"nofollow\"> 1.0.5 <\/a> \u2013 06.09.2021<\/h2>\n\n\n\n<ul class=\"wp-block-list\">\n<li>Abfragefehler bei der Erstellung der Zahlungstabelle beheben<\/li>\n<\/ul>\n\n\n\n<h2 class=\"wp-block-heading\" id=\"1.0.4\"><a title=\"#1.0.4\" href=\"#1.0.4\" rel=\"nofollow\"> 1.0.4 <\/a> \u2013 01.06.2021<\/h2>\n\n\n\n<ul class=\"wp-block-list\">\n<li>Unterst\u00fctzung f\u00fcr WooCommerce-Abonnements hinzuf\u00fcgen<\/li>\n\n\n\n<li>Hinzuf\u00fcgen der E-Mail-Adresse des Benutzers zur Reply-To-Kopfzeile in der E-Mail der Partneranwendung<\/li>\n\n\n\n<li>Hinzuf\u00fcgen einer URL-Validierung zum Feld f\u00fcr Werbe-Websites auf dem Antragsformular f\u00fcr Partner<\/li>\n\n\n\n<li>Hinzuf\u00fcgen von Hilfslinks zum Bildschirm \"Antrag bearbeiten\", um Administratoren bei der Pr\u00fcfung der eingereichten Websites zu unterst\u00fctzen<\/li>\n\n\n\n<li>Hinzuf\u00fcgen eines Feldes f\u00fcr soziale Medien in das Antragsformular f\u00fcr Partner<\/li>\n\n\n\n<li>F\u00fcgen Sie die PayPal-E-Mail-Adresse des Partners in die CSV-Datei f\u00fcr Auszahlungen ein.<\/li>\n\n\n\n<li>F\u00fcgen Sie das Feld f\u00fcr die PayPal-E-Mail-Adresse des Partners zum Bildschirm \"Benutzer bearbeiten\" hinzu.<\/li>\n\n\n\n<li>Unterst\u00fctzung f\u00fcr W\u00e4hrungssymbole nach dem Betrag hinzuf\u00fcgen<\/li>\n\n\n\n<li>Verbesserung der Leistung der Suchabfragen in der Listentabelle<\/li>\n\n\n\n<li>Klicks und Verk\u00e4ufe f\u00fcr blockierte Affiliates werden nicht mehr verfolgt<\/li>\n\n\n\n<li>Fix WooCommerce Kommission Berechnungen nicht den Steuerbetrag enthalten<\/li>\n\n\n\n<li>Die Adressfelder und die Felder f\u00fcr die Steuer-ID werden auf dem Bildschirm \"Benutzer bearbeiten\" nicht mehr angezeigt.<\/li>\n<\/ul>\n\n\n\n<h2 class=\"wp-block-heading\" id=\"1.0.3\"><a title=\"#1.0.3\" href=\"#1.0.3\" rel=\"nofollow\"> 1.0.3 <\/a> \u2013 18.05.2021<\/h2>\n\n\n\n<ul class=\"wp-block-list\">\n<li>Fix Affiliate Dashboard Layout auf mobilen Ger\u00e4ten<\/li>\n\n\n\n<li>Behebung von Offline-Auszahlungen, die nicht funktionieren, wenn der Partner keine PayPal-E-Mail-Adresse eingestellt hat<\/li>\n\n\n\n<li>Behebung des Problems, dass man sich nicht als angemeldeter Benutzer anmelden kann, wenn kein Vor- oder Nachname eingestellt ist<\/li>\n<\/ul>\n\n\n\n<h2 class=\"wp-block-heading\" id=\"1.0.2\"><a title=\"#1.0.2\" href=\"#1.0.2\" rel=\"nofollow\"> 1.0.2 <\/a> \u2013 13.05.2021<\/h2>\n\n\n\n<ul class=\"wp-block-list\">\n<li>Ersetzen Sie alte wafp_* Shortcodes durch neue esaf_* Alternativen<\/li>\n\n\n\n<li>Unterst\u00fctzung f\u00fcr reCaptcha von BestWebSoft hinzuf\u00fcgen<\/li>\n\n\n\n<li>Unterst\u00fctzung f\u00fcr Loco Translate hinzuf\u00fcgen<\/li>\n\n\n\n<li>Zeigen Sie auf der Affiliate-Dashboard-Seite immer \"Mein Affiliate-Link\" an.<\/li>\n\n\n\n<li>Konflikte mit dem Divi-Theme beheben<\/li>\n\n\n\n<li>Verschiedene Korrekturen zur Verbesserung der Affiliate Dashboard UI Konflikte und Aussehen<\/li>\n\n\n\n<li>Behebung eines fatalen Fehlers bei \u00e4lteren WP-Installationen<\/li>\n\n\n\n<li>Fehler beim Zur\u00fccksetzen des Kennworts beheben: Variable stimmt nicht \u00fcberein<\/li>\n\n\n\n<li>Behebung, dass der Generator f\u00fcr benutzerdefinierte Links nicht funktioniert, wenn noch keine Werbemittel definiert wurden<\/li>\n<\/ul>\n\n\n\n<h2 class=\"wp-block-heading\" id=\"1.0.1\"><a title=\"#1.0.1\" href=\"#1.0.1\" rel=\"nofollow\"> 1.0.1 <\/a><\/h2>\n\n\n\n<ul class=\"wp-block-list\">\n<li>Keine \u00c4nderungen<\/li>\n<\/ul>\n\n\n\n<h2 class=\"wp-block-heading\" id=\"1.0.0\"><a title=\"#1.0.0\" href=\"#1.0.0\" rel=\"nofollow\"> 1.0.0 <\/a><\/h2>\n\n\n\n<ul class=\"wp-block-list\">\n<li>Erste Ver\u00f6ffentlichung<\/li>\n<\/ul>","protected":false},"excerpt":{"rendered":"<p>1.4.0 &#8211; 09\/11\/2025 1.3.18 &#8211; 05\/20\/2025 1.3.17 &#8211; 03\/03\/2025 1.3.16 &#8211; 12\/18\/2024 1.3.15 &#8211; 11\/28\/2024 1.3.14 &#8211; 11\/27\/2024 1.3.12 &#8211; 11\/26\/2024 1.3.11 &#8211; 11\/06\/2024 1.3.10 &#8211; 06\/12\/2024 1.3.9 &#8211; 04\/30\/2024 1.3.8 &#8211; 03\/28\/2024 1.3.7 &#8211; 03\/19\/2024 1.3.6 &#8211; 01\/16\/2024 1.3.5 &#8211; 11\/14\/2023 1.3.1 &#8211; 1.3.4 &#8211; 11\/08\/2023 1.3.0 &#8211; 10\/06\/2023 1.2.14 &#8211; 09\/14\/2023 1.2.13 &#8211; [&hellip;]<\/p>\n","protected":false},"author":2028,"featured_media":0,"parent":0,"menu_order":0,"comment_status":"closed","ping_status":"closed","template":"","meta":{"_acf_changed":false,"om_disable_all_campaigns":false,"_strive_editorial_status":"not-started","_strive_copy_of":0,"inline_featured_image":false,"_monsterinsights_skip_tracking":false,"_monsterinsights_sitenote_active":false,"_monsterinsights_sitenote_note":"","_monsterinsights_sitenote_category":0,"_genesis_hide_title":false,"_genesis_hide_breadcrumbs":false,"_genesis_hide_singular_image":false,"_genesis_hide_footer_widgets":false,"_genesis_custom_body_class":"","_genesis_custom_post_class":"","_genesis_layout":"","footnotes":""},"class_list":{"0":"post-5844","1":"page","2":"type-page","3":"status-publish","5":"entry"},"acf":[],"aioseo_notices":[],"_links":{"self":[{"href":"https:\/\/easyaffiliate.com\/de\/wp-json\/wp\/v2\/pages\/5844","targetHints":{"allow":["GET"]}}],"collection":[{"href":"https:\/\/easyaffiliate.com\/de\/wp-json\/wp\/v2\/pages"}],"about":[{"href":"https:\/\/easyaffiliate.com\/de\/wp-json\/wp\/v2\/types\/page"}],"author":[{"embeddable":true,"href":"https:\/\/easyaffiliate.com\/de\/wp-json\/wp\/v2\/users\/2028"}],"replies":[{"embeddable":true,"href":"https:\/\/easyaffiliate.com\/de\/wp-json\/wp\/v2\/comments?post=5844"}],"version-history":[{"count":7,"href":"https:\/\/easyaffiliate.com\/de\/wp-json\/wp\/v2\/pages\/5844\/revisions"}],"predecessor-version":[{"id":13531,"href":"https:\/\/easyaffiliate.com\/de\/wp-json\/wp\/v2\/pages\/5844\/revisions\/13531"}],"wp:attachment":[{"href":"https:\/\/easyaffiliate.com\/de\/wp-json\/wp\/v2\/media?parent=5844"}],"curies":[{"name":"wp","href":"https:\/\/api.w.org\/{rel}","templated":true}]}}