{"id":6074,"date":"2021-04-20T14:13:40","date_gmt":"2021-04-20T14:13:40","guid":{"rendered":"https:\/\/easyaffstage.wpengine.com\/?page_id=6074"},"modified":"2021-04-23T21:29:06","modified_gmt":"2021-04-23T21:29:06","slug":"easy-affiliate-replaces-affiliate-royale","status":"publish","type":"page","link":"https:\/\/easyaffiliate.com\/de\/easy-affiliate-replaces-affiliate-royale\/","title":{"rendered":"Ganz neue Easy Affiliate ersetzt Affiliate Royale"},"content":{"rendered":"<p>Das neue Plugin f\u00fcr das Partnerprogramm <strong>Leichtes Affiliate<\/strong> ist das umfassendste, sicherste und modernste Affiliate-Programm-Plugin der Welt! Wenn Sie Affiliate Royale gerne benutzt haben, <strong>Machen Sie sich bereit, von Easy Affiliate umgehauen zu werden<\/strong>!<\/p>\n\n\n\n<p>Wenn Sie ein aktueller Benutzer von Affiliate Royale sind, k\u00f6nnen Sie <strong>kostenlos zum neuen Produkt Easy Affiliate wechseln<\/strong> indem Sie die unten stehenden Anweisungen befolgen. Wenn Sie wechseln, sind alle Ihre Einstellungen, Partner, Transaktionen, Klicks, Zahlungen und andere Daten sicher und Sie k\u00f6nnen von Easy Affiliate aus auf sie zugreifen.<\/p>\n\n\n\n<h2 class=\"wp-block-heading\"><strong>Was im Mix enthalten ist<\/strong><\/h2>\n\n\n\n<ul class=\"wp-block-list\"><li><strong>Antragsverfahren f\u00fcr Partner<\/strong>. Sie k\u00f6nnen jetzt verlangen, dass sich die Partner \u00fcber ein Bewerbungsformular bewerben, und dann die Bewerbung genehmigen, ablehnen oder ignorieren<\/li><li><strong>PayPal 1-Klick-Auszahlungen<\/strong>. Bezahlen Sie Ihre Affiliates \u00fcber PayPal direkt aus dem WordPress-Dashboard heraus<\/li><li><strong>Pro Dashboard<\/strong>. Ein ganzseitiges SaaS-\u00e4hnliches Dashboard f\u00fcr Ihre Affiliates<\/li><li><strong>Sicherheit<\/strong>. Cookies sind mit Hash-Validierung gesichert, um Manipulationen zu verhindern, und es gibt ein Add-on zur Betrugsbek\u00e4mpfung, um betr\u00fcgerische Klicks und Verk\u00e4ufe zu erkennen und zu verhindern<\/li><li><strong>Provisionen f\u00fcr mehrere Artikel im Warenkorb<\/strong>. Bei WooCommerce- und EDD-Eink\u00e4ufen verfolgt Easy Affiliate die Provisionen f\u00fcr jeden einzelnen Artikel im Einkaufswagen und nicht f\u00fcr die Gesamtsumme der Bestellung, so dass Sie eine benutzerdefinierte Provisionsh\u00f6he oder keine Provision f\u00fcr einzelne Produkte festlegen k\u00f6nnen<\/li><li><strong>Add-ons<\/strong>. Die folgenden Add-ons k\u00f6nnen unter Easy Affiliate &gt; Add-ons installiert werden (erfordert eine aktive Lizenz):<ul><li><strong>Ebenen der Kommission<\/strong>. Zus\u00e4tzliche Unterst\u00fctzung f\u00fcr das Hinzuf\u00fcgen und Entfernen von Provisionsstufen (dies war im Kern von Affiliate Royale - wenn Sie mehr als eine Provisionsstufe verwendet haben, ben\u00f6tigen Sie dieses Add-on, um Provisionsstufen hinzuzuf\u00fcgen oder zu entfernen)<\/li><li><strong>Regeln der Kommission<\/strong>. Erm\u00f6glicht es Ihnen, Regeln festzulegen, um unterschiedliche Provisionsbetr\u00e4ge f\u00fcr verschiedene Produkte, Partner und mehr zu erm\u00f6glichen.<\/li><li><strong>Betrugsbek\u00e4mpfung<\/strong>. Erkennen und verhindern Sie betr\u00fcgerische Klicks und Verk\u00e4ufe<\/li><li><strong>Marketing<\/strong>. Affiliates werden bei ihrer Anmeldung zu diesen Diensten hinzugef\u00fcgt (falls installiert):<ul><li>ActiveCampaign<\/li><li>ConvertKit<\/li><li>GetResponse<\/li><li>Mailchimp<\/li><\/ul><\/li><\/ul><\/li><\/ul>\n\n\n\n<h2 class=\"wp-block-heading\"><strong>Was ist anders?<\/strong><\/h2>\n\n\n\n<p>Die <strong>AWeber-Marketing-Integration<\/strong> ist in Easy Affiliate nicht enthalten. Wir hoffen, dies noch in diesem Jahr als Zusatzmodul anbieten zu k\u00f6nnen.<\/p>\n\n\n\n<p>Die <strong>unterst\u00fctzt<\/strong> eCommerce-Integrationen in Easy Affiliate sind:<\/p>\n\n\n\n<ul class=\"wp-block-list\"><li>MitgliedPresse<\/li><li>WooCommerce<\/li><li>Einfache digitale Downloads<\/li><li>PayPal<\/li><\/ul>\n\n\n\n<p>Wenn Sie eine der folgenden eCommerce-Integrationen in Affiliate Royale verwendet haben, beachten Sie bitte, dass sie in Easy Affiliate nicht funktionieren werden.<\/p>\n\n\n\n<ul class=\"wp-block-list\"><li>Jetzt kaufen f\u00fcr Stripe<\/li><li>Jigoshop<\/li><li>MarktPresse<\/li><li>Shoppen<\/li><li>Wagen66<\/li><li>WP E-Commerce<\/li><li>Authorize.net ARB<\/li><li>Wunschzettel<\/li><li>DigLabs Streifenzahlungen<\/li><li>Allgemeines (Pixel) Tracking<\/li><\/ul>\n\n\n\n<h2 class=\"wp-block-heading\">Wie man zu Easy Affiliate wechselt<\/h2>\n\n\n\n<p>Melden Sie sich bei Ihrem <a href=\"https:\/\/easyaffiliate.com\/de\/account\/\">easyaffiliate.com-Konto<\/a> (mit denselben Anmeldedaten wie Ihr affiliateroyale.com-Konto) und laden Sie die neueste Version des Easy Affiliate Plugins herunter. Als n\u00e4chstes gehen Sie zu <em>Plugins &gt; Neu hinzuf\u00fcgen<\/em>und laden Sie dann die Easy Affiliate Plugin-Zip-Datei hoch und installieren Sie sie. Nachdem Sie das Plugin aktiviert haben, werden Sie zum Einrichtungsassistenten weitergeleitet, um loszulegen.<\/p>\n\n\n\n<h2 class=\"wp-block-heading\"><strong>Wie man zu Affiliate Royale zur\u00fcckgeht<\/strong><\/h2>\n\n\n\n<p>Wir bezweifeln ernsthaft, dass dies passieren wird, aber wenn etwas schief geht oder Sie zu Affiliate Royale zur\u00fcckkehren m\u00f6chten, ist das Verfahren einfach. Deaktivieren Sie einfach Easy Affiliate und aktivieren Sie Affiliate Royale. Ihr Partnerprogramm wird dann wieder \u00fcber Affiliate Royale laufen.<\/p>\n\n\n\n<p>Wenn Sie Fragen haben oder Hilfe ben\u00f6tigen, wenden Sie sich bitte an <a href=\"https:\/\/easyaffiliate.com\/de\/support\/\" title=\"easyaffiliate.com\/unterst\u00fctzung\">Kontakt zum Support<\/a>. Wir sind hier, um zu helfen!<\/p>\n\n\n\n<h4 class=\"wp-block-heading\"><strong>Wichtiger Hinweis zum benutzerdefinierten Code<\/strong><\/h4>\n\n\n\n<p>Wenn Sie einen benutzerdefinierten PHP-Code haben, der mit Affiliate Royale interagiert (z.B. unter Verwendung der PHP-Klassen, die mit Wafp beginnen, wie WafpUser), muss der Code ge\u00e4ndert oder entfernt werden, um fatale Fehler zu vermeiden. In Easy Affiliate sind die Klassen mit einem Namensraum versehen, der mit EasyAffiliate\\ beginnt. Zum Beispiel ist WafpUser jetzt EasyAffiliate\\Models\\User.<\/p>\n\n\n\n<p>Wenn Sie ein benutzerdefiniertes Styling f\u00fcr Affiliate Royale auf den CSS-Klassen haben, die mit Wafp beginnen, sollten Sie \u00fcberpr\u00fcfen, ob Ihr benutzerdefiniertes Styling von dem Upgrade betroffen ist und es gegebenenfalls korrigieren.<\/p>","protected":false},"excerpt":{"rendered":"<p>The all new affiliate program plugin Easy Affiliate is the most comprehensive, secure, and modern affiliate program plugin in the world! If you&#8217;ve enjoyed using Affiliate Royale, get ready to be blown away by Easy Affiliate! If you&#8217;re a current user of Affiliate Royale, you can switch to the all new product Easy Affiliate for [&hellip;]<\/p>\n","protected":false},"author":2,"featured_media":0,"parent":0,"menu_order":0,"comment_status":"closed","ping_status":"closed","template":"","meta":{"_acf_changed":false,"om_disable_all_campaigns":false,"_strive_editorial_status":"not-started","_strive_copy_of":0,"inline_featured_image":false,"_monsterinsights_skip_tracking":false,"_monsterinsights_sitenote_active":false,"_monsterinsights_sitenote_note":"","_monsterinsights_sitenote_category":0,"_genesis_hide_title":false,"_genesis_hide_breadcrumbs":false,"_genesis_hide_singular_image":false,"_genesis_hide_footer_widgets":false,"_genesis_custom_body_class":"","_genesis_custom_post_class":"","_genesis_layout":"","footnotes":""},"class_list":{"0":"post-6074","1":"page","2":"type-page","3":"status-publish","5":"entry"},"acf":[],"aioseo_notices":[],"_links":{"self":[{"href":"https:\/\/easyaffiliate.com\/de\/wp-json\/wp\/v2\/pages\/6074","targetHints":{"allow":["GET"]}}],"collection":[{"href":"https:\/\/easyaffiliate.com\/de\/wp-json\/wp\/v2\/pages"}],"about":[{"href":"https:\/\/easyaffiliate.com\/de\/wp-json\/wp\/v2\/types\/page"}],"author":[{"embeddable":true,"href":"https:\/\/easyaffiliate.com\/de\/wp-json\/wp\/v2\/users\/2"}],"replies":[{"embeddable":true,"href":"https:\/\/easyaffiliate.com\/de\/wp-json\/wp\/v2\/comments?post=6074"}],"version-history":[{"count":0,"href":"https:\/\/easyaffiliate.com\/de\/wp-json\/wp\/v2\/pages\/6074\/revisions"}],"wp:attachment":[{"href":"https:\/\/easyaffiliate.com\/de\/wp-json\/wp\/v2\/media?parent=6074"}],"curies":[{"name":"wp","href":"https:\/\/api.w.org\/{rel}","templated":true}]}}