{"id":37,"date":"2010-07-07T17:25:46","date_gmt":"2010-07-07T17:25:46","guid":{"rendered":"http:\/\/easyaffiliate.wpengine.com\/"},"modified":"2021-04-20T23:35:15","modified_gmt":"2021-04-20T23:35:15","slug":"privacy","status":"publish","type":"page","link":"https:\/\/easyaffiliate.com\/es\/privacy\/","title":{"rendered":"Pol\u00edtica de privacidad"},"content":{"rendered":"<p>Su privacidad es muy importante para nosotros. En Caseproof seguimos algunos principios fundamentales:<\/p>\n\n\n\n<ul class=\"wp-block-list\"><li>No te pedimos informaci\u00f3n personal a menos que realmente la necesitemos. (No soportamos los servicios que te piden cosas como tu sexo o tu nivel de ingresos sin motivo aparente).<\/li><li>No compartimos su informaci\u00f3n personal con nadie excepto para cumplir la ley, desarrollar nuestros productos o proteger nuestros derechos.<\/li><li>No almacenamos informaci\u00f3n personal en nuestros servidores a menos que sea necesario para el funcionamiento continuo de nuestro sitio.<\/li><\/ul>\n\n\n\n<p>Caseproof LLC (\"Caseproof\") opera varios sitios web, incluido EasyAffiliate.com. La pol\u00edtica de Caseproof es respetar su privacidad con respecto a cualquier informaci\u00f3n que podamos recopilar mientras operamos nuestros sitios web.<\/p>\n\n\n\n<p><strong>Visitantes del sitio web<\/strong><\/p>\n\n\n\n<p>Al igual que la mayor\u00eda de los operadores de sitios web, Caseproof recopila informaci\u00f3n de identificaci\u00f3n no personal del tipo que los navegadores y servidores web suelen poner a disposici\u00f3n, como el tipo de navegador, la preferencia de idioma, el sitio de referencia y la fecha y hora de cada solicitud de visitante. El prop\u00f3sito de Caseproof al recopilar informaci\u00f3n de identificaci\u00f3n no personal es comprender mejor c\u00f3mo utilizan los visitantes de Caseproof su sitio web. De vez en cuando, Caseproof puede divulgar informaci\u00f3n no personal de forma agregada, por ejemplo, publicando un informe sobre las tendencias de uso de su sitio web.<\/p>\n\n\n\n<p>Caseproof tambi\u00e9n recopila informaci\u00f3n potencial de identificaci\u00f3n personal, como las direcciones IP de los usuarios registrados y de los usuarios que dejan comentarios en nuestros blogs. Caseproof s\u00f3lo divulga las direcciones IP de los usuarios registrados y de los comentaristas en las mismas circunstancias en las que utiliza y divulga la informaci\u00f3n de identificaci\u00f3n personal, tal como se describe a continuaci\u00f3n, excepto que las direcciones IP de los comentaristas del blog son visibles y se divulgan a los administradores del blog donde se dej\u00f3 el comentario.<\/p>\n\n\n\n<p><strong>Recopilaci\u00f3n de datos personales<\/strong><\/p>\n\n\n\n<p>Algunos visitantes de los sitios web de Caseproof deciden interactuar con Caseproof de formas que requieren que Caseproof recopile informaci\u00f3n de identificaci\u00f3n personal. La cantidad y el tipo de informaci\u00f3n que Caseproof recopila dependen de la naturaleza de la interacci\u00f3n. Por ejemplo, pedimos a los visitantes que comentan nuestro blog que proporcionen un nombre de usuario y una direcci\u00f3n de correo electr\u00f3nico. Aquellos que deseen recibir actualizaciones de Caseproof por correo electr\u00f3nico, recogemos sus direcciones de correo electr\u00f3nico. En cada caso, Caseproof recopila dicha informaci\u00f3n s\u00f3lo en la medida en que sea necesaria o apropiada para cumplir el prop\u00f3sito de la interacci\u00f3n del visitante con Caseproof. Caseproof no revela informaci\u00f3n de identificaci\u00f3n personal que no sea la descrita a continuaci\u00f3n. Y los visitantes siempre pueden negarse a suministrar informaci\u00f3n de identificaci\u00f3n personal, con la advertencia de que esto puede impedirles participar en determinadas actividades relacionadas con el sitio web.<\/p>\n\n\n\n<p><strong>Estad\u00edsticas agregadas<\/strong><\/p>\n\n\n\n<p>Caseproof puede recopilar estad\u00edsticas sobre el comportamiento de los visitantes de sus sitios web. Por ejemplo, Caseproof puede supervisar las p\u00e1ginas m\u00e1s populares del sitio EasyAffiliate.com o utilizar spam filtrado por el servicio Akismet para ayudar a identificar el spam. Caseproof puede mostrar esta informaci\u00f3n p\u00fablicamente o facilitarla a terceros. No obstante, Caseproof no revela informaci\u00f3n de identificaci\u00f3n personal salvo en los casos que se describen a continuaci\u00f3n.<\/p>\n\n\n\n<p><strong>Protecci\u00f3n de determinados datos personales<\/strong><\/p>\n\n\n\n<p>Caseproof divulga informaci\u00f3n potencial de identificaci\u00f3n personal solo a aquellos de sus empleados, contratistas y organizaciones afiliadas que (i) necesitan conocer esa informaci\u00f3n para procesarla en nombre de Caseproof o para prestar servicios disponibles en los sitios web de Caseproof, y (ii) que han acordado no divulgarla a otros. Algunos de estos empleados, contratistas y organizaciones afiliadas pueden encontrarse fuera de su pa\u00eds de origen; al utilizar los sitios web de Caseproof, usted consiente en que se les transfiera dicha informaci\u00f3n. Caseproof no alquilar\u00e1 ni vender\u00e1 a nadie la informaci\u00f3n que pueda identificarle personalmente. Aparte de a sus empleados, contratistas y organizaciones afiliadas, como se ha descrito anteriormente, Caseproof divulga informaci\u00f3n potencialmente de identificaci\u00f3n personal y de identificaci\u00f3n personal s\u00f3lo en respuesta a una citaci\u00f3n, orden judicial u otra solicitud gubernamental, o cuando Caseproof cree de buena fe que la divulgaci\u00f3n es razonablemente necesaria para proteger la propiedad o los derechos de Caseproof, de terceros o del p\u00fablico en general. Si usted es un usuario registrado de un sitio web de Caseproof y ha facilitado su direcci\u00f3n de correo electr\u00f3nico, Caseproof podr\u00e1 enviarle ocasionalmente un correo electr\u00f3nico para informarle de nuevas funciones, solicitar sus comentarios o simplemente mantenerle al d\u00eda de lo que ocurre con Caseproof y nuestros productos. Utilizamos principalmente nuestros blogs de productos para comunicar este tipo de informaci\u00f3n, por lo que esperamos mantener este tipo de correo electr\u00f3nico al m\u00ednimo. Si nos env\u00eda una solicitud (por ejemplo, a trav\u00e9s de un correo electr\u00f3nico de asistencia o de uno de nuestros mecanismos de comentarios), nos reservamos el derecho a publicarla para ayudarnos a aclarar o responder a su solicitud o para ayudarnos a prestar asistencia a otros usuarios. Caseproof toma todas las medidas razonablemente necesarias para protegerse contra el acceso no autorizado, el uso, la alteraci\u00f3n o la destrucci\u00f3n de informaci\u00f3n potencialmente identificable y personalmente identificable.<\/p>\n\n\n\n<p><strong>Cookies<\/strong><\/p>\n\n\n\n<p>Una cookie es una cadena de informaci\u00f3n que un sitio web almacena en el ordenador de un visitante, y que el navegador del visitante proporciona al sitio web cada vez que el visitante regresa. Caseproof utiliza cookies para ayudar a Caseproof a identificar y rastrear a los visitantes, su uso de los sitios web de Caseproof y sus preferencias de acceso al sitio web. Los visitantes de los sitios web de Caseproof que no deseen que se coloquen cookies en sus ordenadores deben configurar sus navegadores para que rechacen las cookies antes de utilizar los sitios web de Caseproof, con el inconveniente de que algunas caracter\u00edsticas de los sitios web de Caseproof pueden no funcionar correctamente sin la ayuda de las cookies.<\/p>\n\n\n\n<p><strong>Seguimiento de la utilizaci\u00f3n<\/strong><\/p>\n\n\n\n<p>Caseproof recopila determinada informaci\u00f3n a trav\u00e9s del seguimiento del uso. El objetivo del seguimiento de uso es ayudar a Caseproof a comprender mejor a nuestros usuarios y las necesidades de su sitio web mediante el an\u00e1lisis de una serie de variables en su plugin Easy Affiliate, WordPress y alojamiento web. Esta informaci\u00f3n nos permite mejorar continuamente nuestro producto, as\u00ed como nuestro proceso de preguntas y respuestas\/pruebas. La informaci\u00f3n puede incluir la clave de licencia (y tipo), fechas de activaci\u00f3n del plugin, estad\u00edsticas de afiliaci\u00f3n y transacciones para ayudarnos a asegurarnos de que nuestras funciones y actualizaciones se prueban en situaciones que se ajustan al entorno del sitio web de nuestros clientes y al uso de Easy Affiliate. Tambi\u00e9n podemos recopilar informaci\u00f3n de integraciones activas y configuraciones de plugins, pero las configuraciones sensibles como las claves API se excluyen autom\u00e1ticamente del seguimiento.<\/p>\n\n\n\n<p>Nuestro seguimiento de uso incluye la recopilaci\u00f3n de informaci\u00f3n sobre el tema\/plugins activos de WordPress, la configuraci\u00f3n regional, la zona horaria, si el SSL est\u00e1 activado, o si un sitio es multisitio, y la URL del sitio. Adem\u00e1s, el seguimiento del uso incluye la determinaci\u00f3n de las versiones de PHP y MySQL para ayudarnos a garantizar que nuestros procedimientos de prueba tienen la cobertura adecuada para evitar problemas de compatibilidad, y determinar el software del servidor, que se utiliza para fines de prueba.<\/p>\n\n\n\n<p><strong>Transferencia de empresas<\/strong><\/p>\n\n\n\n<p>Si Caseproof, o sustancialmente todos sus activos fueran adquiridos, o en el improbable caso de que Caseproof quebrara o entrara en bancarrota, la informaci\u00f3n del usuario ser\u00eda uno de los activos que se transferir\u00edan o adquirir\u00edan por un tercero. Usted reconoce que dichas transferencias pueden producirse, y que cualquier adquirente de Caseproof puede seguir utilizando su informaci\u00f3n personal seg\u00fan lo establecido en esta pol\u00edtica.<\/p>\n\n\n\n<p><strong>Anuncios<\/strong><\/p>\n\n\n\n<p>Los anuncios que aparecen en cualquiera de nuestros sitios web pueden ser enviados a los usuarios por socios publicitarios, que pueden instalar cookies. Estas cookies permiten al servidor de anuncios reconocer su ordenador cada vez que le env\u00edan un anuncio en l\u00ednea para recopilar informaci\u00f3n sobre usted u otras personas que utilizan su ordenador. Esta informaci\u00f3n permite a las redes publicitarias, entre otras cosas, ofrecer anuncios espec\u00edficos que creen que ser\u00e1n de mayor inter\u00e9s para usted. Esta Pol\u00edtica de privacidad cubre el uso de cookies por parte de Caseproof y no cubre el uso de cookies por parte de ning\u00fan anunciante.<\/p>\n\n\n\n<p><strong>Comentarios<\/strong><\/p>\n\n\n\n<p>Los comentarios y otros contenidos enviados al servicio antispam Akismet se guardan en nuestros servidores a menos que hayan sido marcados como falsos positivos, en cuyo caso los almacenamos el tiempo suficiente para utilizarlos en la mejora del servicio y evitar futuros falsos positivos.<\/p>\n\n\n\n<p><strong>Cambios en la pol\u00edtica de privacidad<\/strong><\/p>\n\n\n\n<p>Aunque es probable que la mayor\u00eda de los cambios sean menores, Caseproof puede cambiar su Pol\u00edtica de privacidad de vez en cuando, y a la entera discreci\u00f3n de Caseproof. Caseproof anima a sus visitantes a consultar con frecuencia esta p\u00e1gina para comprobar si se han producido cambios en su Pol\u00edtica de privacidad. El uso continuado de este sitio despu\u00e9s de cualquier cambio en esta Pol\u00edtica de privacidad constituir\u00e1 la aceptaci\u00f3n de dicho cambio.<\/p>","protected":false},"excerpt":{"rendered":"<p>Your privacy is very important to us. At Caseproof we have a few fundamental principles that we follow: We don\u2019t ask you for personal information unless we truly need it. (We can\u2019t stand services that ask you for things like your gender or income level for no apparent reason.) We don\u2019t share your personal information [&hellip;]<\/p>\n","protected":false},"author":1,"featured_media":0,"parent":0,"menu_order":0,"comment_status":"closed","ping_status":"closed","template":"","meta":{"_acf_changed":false,"om_disable_all_campaigns":false,"_strive_editorial_status":"not-started","_strive_copy_of":0,"inline_featured_image":false,"_monsterinsights_skip_tracking":false,"_monsterinsights_sitenote_active":false,"_monsterinsights_sitenote_note":"","_monsterinsights_sitenote_category":0,"_genesis_hide_title":false,"_genesis_hide_breadcrumbs":false,"_genesis_hide_singular_image":false,"_genesis_hide_footer_widgets":false,"_genesis_custom_body_class":"","_genesis_custom_post_class":"","_genesis_layout":"","footnotes":""},"class_list":{"0":"post-37","1":"page","2":"type-page","3":"status-publish","5":"entry"},"acf":[],"aioseo_notices":[],"_links":{"self":[{"href":"https:\/\/easyaffiliate.com\/es\/wp-json\/wp\/v2\/pages\/37","targetHints":{"allow":["GET"]}}],"collection":[{"href":"https:\/\/easyaffiliate.com\/es\/wp-json\/wp\/v2\/pages"}],"about":[{"href":"https:\/\/easyaffiliate.com\/es\/wp-json\/wp\/v2\/types\/page"}],"author":[{"embeddable":true,"href":"https:\/\/easyaffiliate.com\/es\/wp-json\/wp\/v2\/users\/1"}],"replies":[{"embeddable":true,"href":"https:\/\/easyaffiliate.com\/es\/wp-json\/wp\/v2\/comments?post=37"}],"version-history":[{"count":0,"href":"https:\/\/easyaffiliate.com\/es\/wp-json\/wp\/v2\/pages\/37\/revisions"}],"wp:attachment":[{"href":"https:\/\/easyaffiliate.com\/es\/wp-json\/wp\/v2\/media?parent=37"}],"curies":[{"name":"wp","href":"https:\/\/api.w.org\/{rel}","templated":true}]}}