{"id":5434,"date":"2021-04-02T00:03:38","date_gmt":"2021-04-02T00:03:38","guid":{"rendered":"https:\/\/easyaffstage.wpengine.com\/?page_id=5434"},"modified":"2023-10-20T19:45:15","modified_gmt":"2023-10-20T19:45:15","slug":"features","status":"publish","type":"page","link":"https:\/\/easyaffiliate.com\/es\/features\/","title":{"rendered":"Un mont\u00f3n de caracter\u00edsticas BUZZ-Worthy"},"content":{"rendered":"<div class=\"features\">\n        <div class=\"features__wrap\">\n            <div class=\"first-col\"><div id=\"feature-block_642d7f3d14cfbbad65779c685147cf24\" class=\"feature\">\n\t<div class=\"feature__icon\"><img decoding=\"async\" src=\"https:\/\/easyaffiliate.com\/wp-content\/uploads\/2021\/04\/feature-icon-setup.svg\" alt=\"\"><\/div>\n\t<h2 class=\"feature__title\">Configuraci\u00f3n supersencilla<\/h2>\n\t<div class=\"feature__text\"><p><span style=\"font-weight: 400;\">Si sabe c\u00f3mo instalar un plugin de WordPress, sabe c\u00f3mo lanzar un programa de afiliados con Easy Affiliate. No tiene que manipular su base de datos. No hay scripts especiales que ejecutar en su servidor web. Y no hay plantillas especiales para asegurarse de que los gr\u00e1ficos de su programa de afiliados coinciden con su sitio web. Una vez instalado Easy Affiliate en su sitio web WordPress, tendr\u00e1 un programa de afiliados completo. As\u00ed de f\u00e1cil. <\/span><\/p>\n<\/div>\n<\/div><div id=\"feature-block_642d7f3d14cfbbad65779c685147cf24\" class=\"feature\">\n\t<div class=\"feature__icon\"><img decoding=\"async\" src=\"https:\/\/easyaffiliate.com\/wp-content\/uploads\/2021\/04\/feature-icon-admin.svg\" alt=\"\"><\/div>\n\t<h2 class=\"feature__title\">Administraci\u00f3n potente<\/h2>\n\t<div class=\"feature__text\"><p><span style=\"font-weight: 400;\">Con Easy Affiliate, encontrar\u00e1 todo lo que necesita para gestionar su programa de afiliados directamente en su panel de administraci\u00f3n de WordPress. Desde su panel de administraci\u00f3n puede ver varios informes diferentes, incluidas las transacciones, las estad\u00edsticas generales de sus afiliados, una lista de sus principales afiliados, los clics recibidos y lo que debe a sus afiliados en un momento dado.<\/span><\/p>\n<\/div>\n<\/div><div id=\"feature-block_642d7f3d14cfbbad65779c685147cf24\" class=\"feature\">\n\t<div class=\"feature__icon\"><img decoding=\"async\" src=\"https:\/\/easyaffiliate.com\/wp-content\/uploads\/2021\/04\/feature-icon-security.svg\" alt=\"\"><\/div>\n\t<h2 class=\"feature__title\">Seguridad avanzada<\/h2>\n\t<div class=\"feature__text\"><p><span style=\"font-weight: 400;\">Easy Affiliate es el plugin de afiliaci\u00f3n m\u00e1s seguro del mercado. Puede estar seguro de que sus comisiones se rastrean con precisi\u00f3n y de que su programa de afiliaci\u00f3n es resistente a los ataques.<\/span><\/p>\n<\/div>\n<\/div><div id=\"feature-block_642d7f3d14cfbbad65779c685147cf24\" class=\"feature\">\n\t<div class=\"feature__icon\"><img decoding=\"async\" src=\"https:\/\/easyaffiliate.com\/wp-content\/uploads\/2021\/04\/feature-icon-link-generation.svg\" alt=\"\"><\/div>\n\t<h2 class=\"feature__title\">Generaci\u00f3n de enlaces personalizados<\/h2>\n\t<div class=\"feature__text\"><p><span style=\"font-weight: 400;\">Con la generaci\u00f3n de enlaces personalizados, sus afiliados pueden crear enlaces de seguimiento de afiliados personalizados en cualquier momento. Y, gracias a la compatibilidad integrada con Pretty Links, esos preciosos enlaces siempre ser\u00e1n cortos y tendr\u00e1n un aspecto estupendo.<\/span><\/p>\n<\/div>\n<\/div><div id=\"feature-block_642d7f3d14cfbbad65779c685147cf24\" class=\"feature\">\n\t<div class=\"feature__icon\"><img decoding=\"async\" src=\"https:\/\/easyaffiliate.com\/wp-content\/uploads\/2021\/04\/feature-icon-support.svg\" alt=\"\"><\/div>\n\t<h2 class=\"feature__title\">Apoyo estelar<\/h2>\n\t<div class=\"feature__text\"><p><span style=\"font-weight: 400;\">Es muy sencillo configurar su programa de afiliaci\u00f3n con Easy Affiliate. Pero a veces puede necesitar un poco de ayuda. Por eso tenemos una completa <\/span><span style=\"font-weight: 400;\">Manual del usuario<\/span><span style=\"font-weight: 400;\"> que cubre todas las funciones y p\u00e1ginas de administraci\u00f3n que ofrece Easy Affiliate. Y en caso de que nos necesite, nuestro <\/span><span style=\"font-weight: 400;\">equipo de apoyo<\/span><span style=\"font-weight: 400;\"> est\u00e1 preparada y dispuesta a ayudarle. No le dejaremos colgado.<\/span><\/p>\n<\/div>\n<\/div><\/div>            <div class=\"second-col\"><div id=\"feature-block_642d7f3d14cfbbad65779c685147cf24\" class=\"feature\">\n\t<div class=\"feature__icon\"><img decoding=\"async\" src=\"https:\/\/easyaffiliate.com\/wp-content\/uploads\/2021\/04\/feature-icon-dashboard.svg\" alt=\"\"><\/div>\n\t<h2 class=\"feature__title\">Tablero de afiliaci\u00f3n personalizado<\/h2>\n\t<div class=\"feature__text\"><p><span style=\"font-weight: 400;\">Nunca tendr\u00e1s que preocuparte de que el Panel de Afiliados tenga un buen aspecto. Viene pre-dise\u00f1ado y puede ser ajustado para adaptarse a su marca utilizando el Personalizador de WordPress. El Panel de Afiliados permite a cada uno de tus afiliados monitorizar sus estad\u00edsticas, editar la informaci\u00f3n de su cuenta, descargar sus enlaces y banners, y ver su historial de pagos. <\/span><\/p>\n<\/div>\n<\/div><div id=\"feature-block_642d7f3d14cfbbad65779c685147cf24\" class=\"feature\">\n\t<div class=\"feature__icon\"><img decoding=\"async\" src=\"https:\/\/easyaffiliate.com\/wp-content\/uploads\/2021\/04\/feature-icon-applications.svg\" alt=\"\"><\/div>\n\t<h2 class=\"feature__title\">Solicitudes de afiliaci\u00f3n<\/h2>\n\t<div class=\"feature__text\"><p><span style=\"font-weight: 400;\">Califique a sus afiliados con estilo gracias al proceso de solicitud de afiliaci\u00f3n integrado en Easy Affiliate. Cuando est\u00e9 activada, esta potente funci\u00f3n requerir\u00e1 que los visitantes soliciten su ingreso en su programa de afiliaci\u00f3n antes de que se conviertan en afiliados. Tendr\u00e1 la posibilidad de rechazar, ignorar o aprobar cualquier solicitud que reciba.<\/span><\/p>\n<\/div>\n<\/div><div id=\"feature-block_642d7f3d14cfbbad65779c685147cf24\" class=\"feature\">\n\t<div class=\"feature__icon\"><img decoding=\"async\" src=\"https:\/\/easyaffiliate.com\/wp-content\/uploads\/2021\/04\/feature-icon-fraud-detection.svg\" alt=\"\"><\/div>\n\t<h2 class=\"feature__title\">Detecci\u00f3n de fraudes<\/h2>\n\t<div class=\"feature__text\"><p>El fraude de afiliaci\u00f3n es la mayor amenaza para cualquier programa de afiliaci\u00f3n. Pero usted no tiene tiempo para dudar de cada pago de comisiones que env\u00eda. Easy Affiliate simplifica el proceso marcando o rechazando comportamientos sospechosos de los afiliados ANTES de realizar el pago.<\/p>\n<\/div>\n<\/div><div id=\"feature-block_642d7f3d14cfbbad65779c685147cf24\" class=\"feature\">\n\t<div class=\"feature__icon\"><img decoding=\"async\" src=\"https:\/\/easyaffiliate.com\/wp-content\/uploads\/2021\/04\/feature-icon-pay-affiliates.svg\" alt=\"\"><\/div>\n\t<h2 class=\"feature__title\">Pague a los afiliados con confianza<\/h2>\n\t<div class=\"feature__text\"><p><span style=\"font-weight: 400;\">Easy Affiliate hace que pagar a los afiliados sea pan comido. Admite archivos de pago en serie de PayPal, pagos fuera de l\u00ednea y pagos con un solo clic a trav\u00e9s de PayPal. S\u00f3lo tiene que iniciar sesi\u00f3n una vez al mes, revisar la actividad de sus afiliados y hacer clic en <\/span><i><span style=\"font-weight: 400;\">Pagar<\/span><\/i><span style=\"font-weight: 400;\">. As\u00ed de sencillo.<\/span><\/p>\n<\/div>\n<\/div><div id=\"feature-block_642d7f3d14cfbbad65779c685147cf24\" class=\"feature\">\n\t<div class=\"feature__icon\"><img decoding=\"async\" src=\"https:\/\/easyaffiliate.com\/wp-content\/uploads\/2021\/04\/feature-icon-upgrades.svg\" alt=\"\"><\/div>\n\t<h2 class=\"feature__title\">Actualizaci\u00f3n con un solo clic<\/h2>\n\t<div class=\"feature__text\"><p>\u00bfEres usuario del plugin AffiliateRoyale? Puede actualizarse a Easy Affiliate con un simple clic. Todos sus ajustes, afiliados, transacciones, clics, pagos y otros datos estar\u00e1n seguros y accesibles desde Easy Affiliate.<\/p>\n<\/div>\n<\/div><\/div>            <div class=\"third-col\"><div id=\"feature-block_642d7f3d14cfbbad65779c685147cf24\" class=\"feature\">\n\t<div class=\"feature__icon\"><img decoding=\"async\" src=\"https:\/\/easyaffiliate.com\/wp-content\/uploads\/2021\/04\/feature-icon-payment-integration.svg\" alt=\"\"><\/div>\n\t<h2 class=\"feature__title\">Integraci\u00f3n perfecta de pagos<\/h2>\n\t<div class=\"feature__text\"><p><span style=\"font-weight: 400;\">La integraci\u00f3n de pagos de Easy Affiliate lleva la comodidad a un nuevo nivel. Puede configurar Easy Affiliate para realizar un seguimiento de los pagos iniciales y recurrentes desde MemberPress, WooCommerce y Easy Digital Downloads.<\/span><\/p>\n<\/div>\n<\/div><div id=\"feature-block_642d7f3d14cfbbad65779c685147cf24\" class=\"feature\">\n\t<div class=\"feature__icon\"><img decoding=\"async\" src=\"https:\/\/easyaffiliate.com\/wp-content\/uploads\/2021\/04\/feature-icon-commissions-tracking.svg\" alt=\"\"><\/div>\n\t<h2 class=\"feature__title\">Seguimiento de las comisiones<\/h2>\n\t<div class=\"feature__text\"><p><span style=\"font-weight: 400;\">El seguimiento de las comisiones es el n\u00facleo de cualquier programa de afiliaci\u00f3n s\u00f3lido, y Easy Affiliate no decepciona. Le permite establecer su tasa de comisi\u00f3n y personalizarla por usuario. Va m\u00e1s all\u00e1 de cualquier otro plugin de afiliados en el mercado, ya que le permite establecer m\u00faltiples niveles de comisi\u00f3n y le da un control completo con reglas de anulaci\u00f3n de comisiones de afiliados eficaces y personalizables.<\/span><\/p>\n<\/div>\n<\/div><div id=\"feature-block_642d7f3d14cfbbad65779c685147cf24\" class=\"feature\">\n\t<div class=\"feature__icon\"><img decoding=\"async\" src=\"https:\/\/easyaffiliate.com\/wp-content\/uploads\/2021\/04\/feature-icon-creatives.svg\" alt=\"\"><\/div>\n\t<h2 class=\"feature__title\">Gesti\u00f3n creativa completa<\/h2>\n\t<div class=\"feature__text\"><p><span style=\"font-weight: 400;\">Usted quiere que sus afiliados representen su marca de la mejor manera posible. Easy Affiliate incluye una plataforma completa para gestionar enlaces y banners y proporcion\u00e1rselos a sus afiliados, para que sepa que su marketing est\u00e1 siempre a punto.<\/span><\/p>\n<\/div>\n<\/div><div id=\"feature-block_642d7f3d14cfbbad65779c685147cf24\" class=\"feature\">\n\t<div class=\"feature__icon\"><img decoding=\"async\" src=\"https:\/\/easyaffiliate.com\/wp-content\/uploads\/2021\/04\/feature-icon-email-marketing.svg\" alt=\"\"><\/div>\n\t<h2 class=\"feature__title\">Marketing por correo electr\u00f3nico intuitivo<\/h2>\n\t<div class=\"feature__text\"><p><span style=\"font-weight: 400;\">Mantenerse en contacto con sus afiliados es clave para el \u00e9xito de un programa. Por eso Easy Affiliate se integra perfectamente con los principales servicios de marketing por correo electr\u00f3nico, como MailChimp, ActiveCampaign y ConvertKit.<\/span><\/p>\n<\/div>\n<\/div><div id=\"feature-block_642d7f3d14cfbbad65779c685147cf24\" class=\"feature\">\n\t<div class=\"feature__icon\"><img decoding=\"async\" src=\"https:\/\/easyaffiliate.com\/wp-content\/uploads\/2023\/10\/features-icon-dev-tools.svg\" alt=\"\"><\/div>\n\t<h2 class=\"feature__title\">Automatizaci\u00f3n con herramientas de desarrollo<\/h2>\n\t<div class=\"feature__text\"><p>Aumente su eficacia y la satisfacci\u00f3n de sus clientes con el complemento Herramientas para desarrolladores. Con una API REST completa e intrincados webhooks, puede integrarse perfectamente con sus plataformas favoritas y poner todo en piloto autom\u00e1tico, desde las inscripciones de afiliados hasta el seguimiento de las comisiones. Prep\u00e1rese para potenciar su marketing de afiliaci\u00f3n.<\/p>\n<\/div>\n<\/div><\/div>        <\/div>\n    <\/div>","protected":false},"excerpt":{"rendered":"","protected":false},"author":2,"featured_media":0,"parent":0,"menu_order":0,"comment_status":"closed","ping_status":"closed","template":"template-features-page.php","meta":{"_acf_changed":false,"om_disable_all_campaigns":false,"_strive_editorial_status":"not-started","_strive_copy_of":0,"inline_featured_image":false,"_monsterinsights_skip_tracking":false,"_monsterinsights_sitenote_active":false,"_monsterinsights_sitenote_note":"","_monsterinsights_sitenote_category":0,"_genesis_hide_title":false,"_genesis_hide_breadcrumbs":false,"_genesis_hide_singular_image":false,"_genesis_hide_footer_widgets":false,"_genesis_custom_body_class":"","_genesis_custom_post_class":"","_genesis_layout":"","footnotes":""},"class_list":{"0":"post-5434","1":"page","2":"type-page","3":"status-publish","5":"entry"},"acf":[],"aioseo_notices":[],"_links":{"self":[{"href":"https:\/\/easyaffiliate.com\/es\/wp-json\/wp\/v2\/pages\/5434","targetHints":{"allow":["GET"]}}],"collection":[{"href":"https:\/\/easyaffiliate.com\/es\/wp-json\/wp\/v2\/pages"}],"about":[{"href":"https:\/\/easyaffiliate.com\/es\/wp-json\/wp\/v2\/types\/page"}],"author":[{"embeddable":true,"href":"https:\/\/easyaffiliate.com\/es\/wp-json\/wp\/v2\/users\/2"}],"replies":[{"embeddable":true,"href":"https:\/\/easyaffiliate.com\/es\/wp-json\/wp\/v2\/comments?post=5434"}],"version-history":[{"count":0,"href":"https:\/\/easyaffiliate.com\/es\/wp-json\/wp\/v2\/pages\/5434\/revisions"}],"wp:attachment":[{"href":"https:\/\/easyaffiliate.com\/es\/wp-json\/wp\/v2\/media?parent=5434"}],"curies":[{"name":"wp","href":"https:\/\/api.w.org\/{rel}","templated":true}]}}