{"id":5844,"date":"2021-04-16T11:20:56","date_gmt":"2021-04-16T11:20:56","guid":{"rendered":"https:\/\/easyaffiliate.com\/?page_id=5844"},"modified":"2025-09-24T04:36:36","modified_gmt":"2025-09-24T08:36:36","slug":"change-log","status":"publish","type":"page","link":"https:\/\/easyaffiliate.com\/es\/change-log\/","title":{"rendered":"Registro de cambios"},"content":{"rendered":"<h2 class=\"wp-block-heading\" id=\"1.4.0\"><a href=\"#1.4.0\" title=\"\">1.4.0<\/a> \u2013 11\/09\/2025<\/h2>\n\n\n\n<ul class=\"wp-block-list\">\n<li>Se ha solucionado un conflicto con Yoast SEO que provocaba un error al enviar una solicitud de afiliaci\u00f3n<\/li>\n<li>Se ha corregido una advertencia de PHP que puede producirse durante Cron<\/li>\n<li>Corregidos dos avisos PHP deprecated relacionados con aplicaciones de afiliaci\u00f3n<\/li>\n<\/ul>\n\n\n\n<h2 class=\"wp-block-heading\" id=\"1.3.18\"><a href=\"#1.3.18\" title=\"\">1.3.18<\/a> \u2013 20\/05\/2025<\/h2>\n\n\n\n<ul class=\"wp-block-list\">\n<li>Mejoras en el sistema de notificaciones del plugin<\/li>\n<\/ul>\n\n\n\n<h2 class=\"wp-block-heading\" id=\"1.3.17\"><a href=\"#1.3.17\" title=\"\">1.3.17<\/a> \u2013 03\/03\/2025<\/h2>\n\n\n\n<ul class=\"wp-block-list\">\n<li>Se ha mejorado el rendimiento de la consulta Pay Affiliates.<\/li>\n\n\n\n<li>Actualizada la biblioteca Moment a la \u00faltima versi\u00f3n<\/li>\n<\/ul>\n\n\n\n<h2 class=\"wp-block-heading\" id=\"1.3.16\"><a href=\"#1.3.16\" title=\"\">1.3.16<\/a> \u2013 18\/12\/2024<\/h2>\n\n\n\n<ul class=\"wp-block-list\">\n<li>Correcci\u00f3n de errores menores<\/li>\n<\/ul>\n\n\n\n<h2 class=\"wp-block-heading\" id=\"1.3.15\"><a href=\"#1.3.15\" title=\"\">1.3.15<\/a> \u2013 28\/11\/2024<\/h2>\n\n\n\n<ul class=\"wp-block-list\">\n<li>Kit de renovaci\u00f3n de marca<\/li>\n<\/ul>\n\n\n\n<h2 class=\"wp-block-heading\" id=\"1.3.14\"><a href=\"#1.3.14\" title=\"\">1.3.14<\/a> \u2013 27\/11\/2024<\/h2>\n\n\n\n<ul class=\"wp-block-list\">\n<li>Arreglar la integraci\u00f3n de Loco Translate<\/li>\n\n\n\n<li>Correcciones para las traducciones con WP 6.7<\/li>\n<\/ul>\n\n\n\n<h2 class=\"wp-block-heading\" id=\"1.3.12\"><a href=\"#1.3.12\" title=\"\">1.3.12<\/a> \u2013 26\/11\/2024<\/h2>\n\n\n\n<ul class=\"wp-block-list\">\n<li>Nueva bandeja de entrada de notificaciones en el plugin<\/li>\n\n\n\n<li>Traducciones Fix no funciona despu\u00e9s de WP 6.7<\/li>\n<\/ul>\n\n\n\n<h2 class=\"wp-block-heading\" id=\"1.3.11\"><a href=\"#1.3.11\" title=\"\">1.3.11<\/a> \u2013 11\/06\/2024<\/h2>\n\n\n\n<ul class=\"wp-block-list\">\n<li>Se han a\u00f1adido ganchos para ocultar o no exigir el campo de correo electr\u00f3nico de PayPal al registrarse.<\/li>\n\n\n\n<li>Se ha corregido una advertencia de PHP relacionada con la funci\u00f3n de par\u00e1metros UTM.<\/li>\n\n\n\n<li>Se ha corregido una situaci\u00f3n poco frecuente en la que la opci\u00f3n \"Mostrar referidos\" del complemento Niveles de comisi\u00f3n pod\u00eda mostrar a todos los afiliados del sitio.<\/li>\n<\/ul>\n\n\n\n<h2 class=\"wp-block-heading\" id=\"1.3.10\"><a href=\"#1.3.10\" title=\"\">1.3.10<\/a> \u2013 06\/12\/2024<\/h2>\n\n\n\n<ul class=\"wp-block-list\">\n<li>A\u00f1adida una funci\u00f3n para asociar un afiliado con un cup\u00f3n de WooCommerce, para otorgar una comisi\u00f3n basada en el uso del cup\u00f3n.<\/li>\n\n\n\n<li>Se ha solucionado un problema por el que no era posible pagar a los afiliados si se borraban todos los clics de ese periodo.<\/li>\n\n\n\n<li>Se ha solucionado un problema por el que TranslatePress provocaba la desactivaci\u00f3n de la licencia del plugin.<\/li>\n\n\n\n<li>Mejora del rendimiento de la consulta de eventos inactivos de afiliados<\/li>\n<\/ul>\n\n\n\n<h2 class=\"wp-block-heading\" id=\"1.3.9\"><a href=\"#1.3.9\" title=\"\">1.3.9<\/a> \u2013 30\/04\/2024<\/h2>\n\n\n\n<ul class=\"wp-block-list\">\n<li>Corregir un error fatal en PHP 8.2 con WooCommerce<\/li>\n\n\n\n<li>A\u00f1adir soporte para las condiciones de coincidencia del importe de las ventas mensuales para el complemento Reglas de la Comisi\u00f3n.<\/li>\n\n\n\n<li>Inicio de sesi\u00f3n autom\u00e1tico durante el registro si las credenciales de la cuenta son correctas.<\/li>\n\n\n\n<li>Aumentar los requisitos de PHP a PHP 7.4+.<\/li>\n<\/ul>\n\n\n\n<h2 class=\"wp-block-heading\" id=\"1.3.8\"><a href=\"#1.3.8\" title=\"\">1.3.8<\/a> \u2013 28\/03\/2024<\/h2>\n\n\n\n<ul class=\"wp-block-list\">\n<li>A partir de ahora, los afiliados se considerar\u00e1n \"Activos\" si han recibido un clic o una comisi\u00f3n en los \u00faltimos 30 d\u00edas, en lugar de s\u00f3lo un clic.<\/li>\n<\/ul>\n\n\n\n<h2 class=\"wp-block-heading\" id=\"1.3.7\"><a href=\"#1.3.7\" title=\"\">1.3.7<\/a> \u2013 19\/03\/2024<\/h2>\n\n\n\n<ul class=\"wp-block-list\">\n<li>Mejorado el migrador AffiliateWP al migrar grandes cantidades de datos.<\/li>\n\n\n\n<li>A\u00f1adir la moneda y el s\u00edmbolo del sol peruano<\/li>\n\n\n\n<li>A\u00f1adir un gancho de filtro en las creatividades del Tablero de Afiliados<\/li>\n\n\n\n<li>Corregir un clic que se registra al a\u00f1adir un enlace personalizado con PrettyLinks instalado<\/li>\n\n\n\n<li>Corregir error fatal en versiones de PHP inferiores a 7.4<\/li>\n<\/ul>\n\n\n\n<h2 class=\"wp-block-heading\" id=\"1.3.6\"><a href=\"#1.3.6\" title=\"\">1.3.6<\/a> \u2013 16\/01\/2024<\/h2>\n\n\n\n<ul class=\"wp-block-list\">\n<li>A\u00f1ada la opci\u00f3n de men\u00fa Herramientas de crecimiento para encontrar productos complementarios<\/li>\n\n\n\n<li>Correcciones de compatibilidad con PHP 8<\/li>\n<\/ul>\n\n\n\n<h2 class=\"wp-block-heading\" id=\"1.3.5\"><a href=\"#1.3.5\" title=\"\">1.3.5<\/a> \u2013 14\/11\/2023<\/h2>\n\n\n\n<ul class=\"wp-block-list\">\n<li>Compatibilidad WP 6.4<\/li>\n<\/ul>\n\n\n\n<h2 class=\"wp-block-heading\" id=\"1.3.4\"><a href=\"#1.3.4\" rel=\"nofollow\" title=\"#1.3.4\"> 1.3.1 \u2013 1.3.4 <\/a> \u2013 11\/08\/2023<\/h2>\n\n\n\n<ul class=\"wp-block-list\">\n<li>A\u00f1adir jobs worker para procesar eventos para el complemento Developer Tools<\/li>\n<\/ul>\n\n\n\n<h2 class=\"wp-block-heading\" id=\"1.3.0\"><a href=\"#1.3.0\" rel=\"nofollow\" title=\"#1.3.0\"> 1.3.0 <\/a> \u2013 10\/06\/2023<\/h2>\n\n\n\n<ul class=\"wp-block-list\">\n<li>Integraci\u00f3n de MemberMouse<\/li>\n\n\n\n<li>Integraci\u00f3n de la lista de deseos<\/li>\n\n\n\n<li>Corregir advertencias de propiedades din\u00e1micas en PHP 8.2<\/li>\n<\/ul>\n\n\n\n<h2 class=\"wp-block-heading\" id=\"1.2.14\"><a href=\"#1.2.14\" rel=\"nofollow\" title=\"#1.2.14\"> 1.2.14 <\/a> \u2013 14\/09\/2023<\/h2>\n\n\n\n<ul class=\"wp-block-list\">\n<li>Evitar la visualizaci\u00f3n de etiquetas vac\u00edas en las notificaciones<\/li>\n\n\n\n<li>Correcci\u00f3n de las notificaciones programadas en el plugin<\/li>\n<\/ul>\n\n\n\n<h2 class=\"wp-block-heading\" id=\"1.2.13\"><a title=\"#1.2.13\" href=\"#1.2.13\" rel=\"nofollow\"> 1.2.13 <\/a> \u2013 21\/08\/2023<\/h2>\n\n\n\n<ul class=\"wp-block-list\">\n<li>A\u00f1adir compatibilidad con el complemento Herramientas para desarrolladores<\/li>\n\n\n\n<li>A\u00f1adir una barra al final de la URL de afiliaci\u00f3n por defecto<\/li>\n<\/ul>\n\n\n\n<h2 class=\"wp-block-heading\" id=\"1.2.12\"><a title=\"#1.2.12\" href=\"#1.2.12\" rel=\"nofollow\"> 1.2.12 <\/a> \u2013 08\/02\/2023<\/h2>\n\n\n\n<ul class=\"wp-block-list\">\n<li>A\u00f1adir un campo a la p\u00e1gina Editar solicitud de afiliaci\u00f3n para permitir la edici\u00f3n del afiliado asociado a una solicitud.<\/li>\n\n\n\n<li>A\u00f1adir acciones Papelera\/Restaurar\/Borrar a las filas individuales de la aplicaci\u00f3n de afiliaci\u00f3n<\/li>\n\n\n\n<li>A\u00f1adir un tooltip descriptivo a la etiqueta Ganancias por clic en el panel de afiliados<\/li>\n\n\n\n<li>Se ha solucionado un problema por el que los usuarios que hab\u00edan iniciado sesi\u00f3n no pod\u00edan registrarse si lo hab\u00edan solicitado al cerrar la sesi\u00f3n.<\/li>\n\n\n\n<li>Arreglar los enlaces a las p\u00e1ginas Dashboard y Signup en el \u00faltimo paso del asistente de incorporaci\u00f3n.<\/li>\n<\/ul>\n\n\n\n<h2 class=\"wp-block-heading\" id=\"1.2.11\"><a title=\"#1.2.11\" href=\"#1.2.11\" rel=\"nofollow\"> 1.2.11 <\/a> \u2013 25\/07\/2023<\/h2>\n\n\n\n<ul class=\"wp-block-list\">\n<li>A\u00f1adir compatibilidad con Elementor<\/li>\n\n\n\n<li>A\u00f1adir gancho de filtro de URL de redirecci\u00f3n de cierre de sesi\u00f3n<\/li>\n\n\n\n<li>A\u00f1adir ganchos de filtro para las URL de inicio de sesi\u00f3n y registro<\/li>\n\n\n\n<li>A\u00f1adir gancho de filtro a Pro Dashboard URL de vuelta<\/li>\n\n\n\n<li>A\u00f1adir el verificador de enlaces ConvertKit a la lista de bots conocidos<\/li>\n\n\n\n<li>Utilizar capacidades en lugar de roles para el acceso de administraci\u00f3n de plugins<\/li>\n\n\n\n<li>Integraci\u00f3n de reCAPTCHA<\/li>\n\n\n\n<li>Correcci\u00f3n del aviso de obsoleto cuando el resultado de la tabla es nulo<\/li>\n\n\n\n<li>Arreglar el problema de seguimiento de las comisiones de los administradores<\/li>\n\n\n\n<li>Fijar el seguimiento de comisiones en WPForms 1.8.2+<\/li>\n<\/ul>\n\n\n\n<h2 class=\"wp-block-heading\" id=\"1.2.10\"><a title=\"#1.2.10\" href=\"#1.2.10\" rel=\"nofollow\"> 1.2.10 <\/a> \u2013 15\/02\/2023<\/h2>\n\n\n\n<ul class=\"wp-block-list\">\n<li>A\u00f1adir el s\u00edmbolo del lei rumano<\/li>\n\n\n\n<li>A\u00f1adir compatibilidad para la configuraci\u00f3n NO_AUTO_VALUE_ON_ZERO de MySQL<\/li>\n\n\n\n<li>A\u00f1adir una clase \u00fanica a las filas de enlaces de texto y a los elementos de la rejilla de banners<\/li>\n\n\n\n<li>Corregir el seguimiento de cupones de afiliados cuando una cookie de afiliado tambi\u00e9n est\u00e1 presente<\/li>\n\n\n\n<li>Fijar el seguimiento de clics si la URL de afiliado est\u00e1 protegido por una regla MemberPress<\/li>\n\n\n\n<li>Arreglar la carga de scripts de administraci\u00f3n en todas las p\u00e1ginas de administraci\u00f3n<\/li>\n\n\n\n<li>Correcci\u00f3n del seguimiento de los nombres de usuario num\u00e9ricos<\/li>\n<\/ul>\n\n\n\n<h2 class=\"wp-block-heading\" id=\"1.2.9\"><a title=\"#1.2.9\" href=\"#1.2.9\" rel=\"nofollow\"> 1.2.9 <\/a> \u2013 29\/08\/2022<\/h2>\n\n\n\n<ul class=\"wp-block-list\">\n<li>Fijar el seguimiento de comisiones con MemberPress pagos \u00fanicos<\/li>\n<\/ul>\n\n\n\n<h2 class=\"wp-block-heading\" id=\"1.2.8\"><a title=\"#1.2.8\" href=\"#1.2.8\" rel=\"nofollow\"> 1.2.8 <\/a> \u2013 08\/12\/2022<\/h2>\n\n\n\n<ul class=\"wp-block-list\">\n<li>Corregir los c\u00e1lculos de pago de PayPal<\/li>\n\n\n\n<li>Eliminar el enlace a las estad\u00edsticas de dominio de Alexa<\/li>\n<\/ul>\n\n\n\n<h2 class=\"wp-block-heading\" id=\"1.2.7\"><a title=\"#1.2.7\" href=\"#1.2.7\" rel=\"nofollow\"> 1.2.7 <\/a> \u2013 15\/07\/2022<\/h2>\n\n\n\n<ul class=\"wp-block-list\">\n<li>Correcci\u00f3n de un error fatal al buscar actualizaciones de plugins<\/li>\n<\/ul>\n\n\n\n<h2 class=\"wp-block-heading\" id=\"1.2.6\"><a title=\"#1.2.6\" href=\"#1.2.6\" rel=\"nofollow\"> 1.2.6 <\/a> \u2013 15\/07\/2022<\/h2>\n\n\n\n<ul class=\"wp-block-list\">\n<li>Evitar la duplicaci\u00f3n de solicitudes de afiliaci\u00f3n con la misma direcci\u00f3n de correo electr\u00f3nico<\/li>\n\n\n\n<li>Permitir el inicio de sesi\u00f3n con una direcci\u00f3n de correo electr\u00f3nico como nombre de usuario<\/li>\n<\/ul>\n\n\n\n<h2 class=\"wp-block-heading\" id=\"1.2.5\"><a title=\"#1.2.5\" href=\"#1.2.5\" rel=\"nofollow\"> 1.2.5 <\/a> \u2013 16\/05\/2022<\/h2>\n\n\n\n<ul class=\"wp-block-list\">\n<li>Fijar WooCommerce seguimiento de los reembolsos<\/li>\n\n\n\n<li>Corregir una advertencia PHP en el Panel de Afiliados<\/li>\n\n\n\n<li>Correcci\u00f3n de la sobreescritura de la referencia del afiliado durante una compra EDD<\/li>\n\n\n\n<li>Ahora las comisiones recurrentes se conceden por defecto a la persona que refiri\u00f3 al cliente.<\/li>\n<\/ul>\n\n\n\n<h2 class=\"wp-block-heading\" id=\"1.2.4\"><a title=\"#1.2.4\" href=\"#1.2.4\" rel=\"nofollow\"> 1.2.4 <\/a> \u2013 14\/01\/2022<\/h2>\n\n\n\n<ul class=\"wp-block-list\">\n<li>A\u00f1adir compatibilidad con el complemento Informes fiscales<\/li>\n<\/ul>\n\n\n\n<h2 class=\"wp-block-heading\" id=\"1.2.3\"><a title=\"#1.2.3\" href=\"#1.2.3\" rel=\"nofollow\"> 1.2.3 <\/a> \u2013 21\/12\/2021<\/h2>\n\n\n\n<ul class=\"wp-block-list\">\n<li>A\u00f1adir la divisa de Ghana Cedi (GHS)<\/li>\n\n\n\n<li>A\u00f1adir gancho de filtro para los par\u00e1metros UTM<\/li>\n\n\n\n<li>A\u00f1adir esaf_affiliate_id shortcode para recuperar el ID de afiliado actual en la cookie<\/li>\n\n\n\n<li>Fijar la b\u00fasqueda de afiliados por nombre de usuario de referencia<\/li>\n\n\n\n<li>Corregir los pagos para los afiliados con una direcci\u00f3n de correo electr\u00f3nico de PayPal no v\u00e1lida<\/li>\n\n\n\n<li>Corregir los metavalores de afiliaci\u00f3n que se establecen como vac\u00edos para los campos que no son visibles.<\/li>\n<\/ul>\n\n\n\n<h2 class=\"wp-block-heading\" id=\"1.2.2\"><a title=\"#1.2.2\" href=\"#1.2.2\" rel=\"nofollow\"> 1.2.2 <\/a> \u2013 15\/11\/2021<\/h2>\n\n\n\n<ul class=\"wp-block-list\">\n<li>Fijar el seguimiento de la comisi\u00f3n cuando se utiliza el pago WooCommerce Bloques<\/li>\n<\/ul>\n\n\n\n<h2 class=\"wp-block-heading\" id=\"1.2.1\"><a title=\"#1.2.1\" href=\"#1.2.1\" rel=\"nofollow\"> 1.2.1 <\/a> \u2013 13\/11\/2021<\/h2>\n\n\n\n<ul class=\"wp-block-list\">\n<li>A\u00f1adir opci\u00f3n de URL de escaparate<\/li>\n<\/ul>\n\n\n\n<h2 class=\"wp-block-heading\" id=\"1.2.0\"><a title=\"#1.2.0\" href=\"#1.2.0\" rel=\"nofollow\"> 1.2.0 <\/a> \u2013 29\/09\/2021<\/h2>\n\n\n\n<ul class=\"wp-block-list\">\n<li>A\u00f1adir una opci\u00f3n para activar el seguimiento autom\u00e1tico UTM en los enlaces de afiliados<\/li>\n<\/ul>\n\n\n\n<h2 class=\"wp-block-heading\" id=\"1.1.2\"><a title=\"#1.1.2\" href=\"#1.1.2\" rel=\"nofollow\"> 1.1.2 <\/a> \u2013 16\/09\/2021<\/h2>\n\n\n\n<ul class=\"wp-block-list\">\n<li>Corregir comisi\u00f3n duplicada registrada para pagos \u00fanicos (MemberPress PayPal)<\/li>\n\n\n\n<li>Arreglar \"Estimado pr\u00f3ximo pago\" cantidad en el tablero de instrumentos de afiliados<\/li>\n\n\n\n<li>A\u00f1adir un gancho de filtro en la URL de afiliaci\u00f3n por defecto args<\/li>\n<\/ul>\n\n\n\n<h2 class=\"wp-block-heading\" id=\"1.1.1\"><a title=\"#1.1.1\" href=\"#1.1.1\" rel=\"nofollow\"> 1.1.1 <\/a> \u2013 26\/08\/2021<\/h2>\n\n\n\n<ul class=\"wp-block-list\">\n<li>Corregir el seguimiento de comisiones para las suscripciones despu\u00e9s de migrar desde AffiliateWP<\/li>\n\n\n\n<li>Corregir MemberPress transacciones no se migran de AffiliateWP<\/li>\n\n\n\n<li>Arreglar las referencias rechazadas que se migran desde AffiliateWP<\/li>\n\n\n\n<li>Solucionar un problema al migrar comisiones desde AffiliateWP<\/li>\n\n\n\n<li>Fijar las im\u00e1genes de banner desbordamiento de la ventana emergente en el panel de afiliados<\/li>\n\n\n\n<li>Correcci\u00f3n de la tabla de exportaci\u00f3n a CSV que no utiliza el valor \"por p\u00e1gina\".<\/li>\n\n\n\n<li>Arreglar los enlaces a las estad\u00edsticas de afiliaci\u00f3n en la p\u00e1gina Pagar a los afiliados<\/li>\n\n\n\n<li>Solucionar problema de seguimiento de clics con Thrive Architect<\/li>\n<\/ul>\n\n\n\n<h2 class=\"wp-block-heading\" id=\"1.1.0\"><a title=\"#1.1.0\" href=\"#1.1.0\" rel=\"nofollow\"> 1.1.0 <\/a> \u2013 16\/08\/2021<\/h2>\n\n\n\n<ul class=\"wp-block-list\">\n<li>A\u00f1adir integraci\u00f3n WPForms<\/li>\n\n\n\n<li>Integraci\u00f3n de Formularios Formidables<\/li>\n<\/ul>\n\n\n\n<h2 class=\"wp-block-heading\" id=\"1.0.7\"><a title=\"#1.0.7\" href=\"#1.0.7\" rel=\"nofollow\"> 1.0.7 <\/a> \u2013 22\/07\/2021<\/h2>\n\n\n\n<ul class=\"wp-block-list\">\n<li>A\u00f1adir la tasa de comisi\u00f3n de afiliaci\u00f3n a las estad\u00edsticas del panel de control<\/li>\n\n\n\n<li>A\u00f1adir una acci\u00f3n para reenviar el correo electr\u00f3nico de aprobaci\u00f3n de la solicitud de afiliaci\u00f3n<\/li>\n\n\n\n<li>A\u00f1adir una opci\u00f3n para darse de baja de las notificaciones de venta<\/li>\n\n\n\n<li>A\u00f1adir ganchos de filtro para que los campos de la p\u00e1gina web\/estrategia de la aplicaci\u00f3n de afiliaci\u00f3n no sean obligatorios.<\/li>\n\n\n\n<li>Correcci\u00f3n de la ordenaci\u00f3n de columnas MTD\/YTD en la tabla de listas de administraci\u00f3n de afiliados<\/li>\n\n\n\n<li>Arreglar que los administradores no puedan ver\/editar su propia configuraci\u00f3n de afiliados<\/li>\n\n\n\n<li>Arreglar que los usuarios administradores no puedan acceder al panel de afiliados sin registrarse.<\/li>\n\n\n\n<li>Arreglar el campo de entrada de paginaci\u00f3n de la tabla de listas del administrador<\/li>\n<\/ul>\n\n\n\n<h2 class=\"wp-block-heading\" id=\"1.0.6\"><a title=\"#1.0.6\" href=\"#1.0.6\" rel=\"nofollow\"> 1.0.6 <\/a> \u2013 07\/07\/2021<\/h2>\n\n\n\n<ul class=\"wp-block-list\">\n<li>A\u00f1adir migraci\u00f3n 1-click desde AffiliateWP<\/li>\n\n\n\n<li>Correcci\u00f3n de correos electr\u00f3nicos de bienvenida duplicados con la opci\u00f3n \"A\u00f1adir afiliados autom\u00e1ticamente\" activada.<\/li>\n\n\n\n<li>Fijar los reembolsos autom\u00e1ticos en la integraci\u00f3n MemberPress<\/li>\n\n\n\n<li>Fijar MemberPress seguimiento de comisiones para los pagos fuera de l\u00ednea completado manualmente<\/li>\n\n\n\n<li>Correcci\u00f3n de un error fatal al editar un enlace personalizado<\/li>\n\n\n\n<li>Corregir la alineaci\u00f3n del contenido del correo electr\u00f3nico en sitios RTL<\/li>\n<\/ul>\n\n\n\n<h2 class=\"wp-block-heading\" id=\"1.0.5\"><a title=\"#1.0.5\" href=\"#1.0.5\" rel=\"nofollow\"> 1.0.5 <\/a> \u2013 06\/09\/2021<\/h2>\n\n\n\n<ul class=\"wp-block-list\">\n<li>Corregir error de consulta al crear la tabla de pagos<\/li>\n<\/ul>\n\n\n\n<h2 class=\"wp-block-heading\" id=\"1.0.4\"><a title=\"#1.0.4\" href=\"#1.0.4\" rel=\"nofollow\"> 1.0.4 <\/a> \u2013 06\/01\/2021<\/h2>\n\n\n\n<ul class=\"wp-block-list\">\n<li>A\u00f1adir soporte para WooCommerce Suscripciones<\/li>\n\n\n\n<li>A\u00f1adir la direcci\u00f3n de correo electr\u00f3nico del usuario al encabezado Reply-To del correo electr\u00f3nico de la aplicaci\u00f3n de afiliaci\u00f3n.<\/li>\n\n\n\n<li>A\u00f1adir validaci\u00f3n de URL al campo de sitios web de promoci\u00f3n en el formulario de solicitud de afiliaci\u00f3n.<\/li>\n\n\n\n<li>A\u00f1adir enlaces de ayuda a la pantalla Editar solicitud para ayudar a los administradores a auditar los sitios web enviados.<\/li>\n\n\n\n<li>A\u00f1adir un campo de redes sociales al formulario de solicitud de afiliaci\u00f3n<\/li>\n\n\n\n<li>A\u00f1adir la direcci\u00f3n de correo electr\u00f3nico de PayPal del afiliado al archivo CSV de pagos<\/li>\n\n\n\n<li>A\u00f1adir el campo de direcci\u00f3n de correo electr\u00f3nico de PayPal del afiliado a la pantalla Editar usuario<\/li>\n\n\n\n<li>A\u00f1adir soporte para s\u00edmbolos de moneda despu\u00e9s de la cantidad<\/li>\n\n\n\n<li>Mejorar el rendimiento de las consultas de b\u00fasqueda en la tabla de listas<\/li>\n\n\n\n<li>Corregir el seguimiento de clics y ventas de afiliados bloqueados<\/li>\n\n\n\n<li>Arreglar los c\u00e1lculos de comisiones de WooCommerce para que no incluyan el importe de los impuestos.<\/li>\n\n\n\n<li>Arreglar los campos de direcci\u00f3n e identificaci\u00f3n fiscal que no aparecen en la pantalla Editar usuario.<\/li>\n<\/ul>\n\n\n\n<h2 class=\"wp-block-heading\" id=\"1.0.3\"><a title=\"#1.0.3\" href=\"#1.0.3\" rel=\"nofollow\"> 1.0.3 <\/a> \u2013 18\/05\/2021<\/h2>\n\n\n\n<ul class=\"wp-block-list\">\n<li>Arreglar el dise\u00f1o del panel de afiliados en dispositivos m\u00f3viles<\/li>\n\n\n\n<li>Corregir los pagos fuera de l\u00ednea no funciona cuando el afiliado no tiene una direcci\u00f3n de correo electr\u00f3nico de PayPal establecido<\/li>\n\n\n\n<li>Solucionar el problema de no poder registrarse como usuario registrado sin nombre ni apellidos.<\/li>\n<\/ul>\n\n\n\n<h2 class=\"wp-block-heading\" id=\"1.0.2\"><a title=\"#1.0.2\" href=\"#1.0.2\" rel=\"nofollow\"> 1.0.2 <\/a> \u2013 13\/05\/2021<\/h2>\n\n\n\n<ul class=\"wp-block-list\">\n<li>Sustituir los antiguos shortcodes wafp_* por nuevas alternativas esaf_*<\/li>\n\n\n\n<li>A\u00f1adir soporte para reCaptcha por BestWebSoft<\/li>\n\n\n\n<li>A\u00f1adir soporte para Loco Translate<\/li>\n\n\n\n<li>Mostrar siempre \"mi enlace de afiliado\" en la p\u00e1gina del panel de control de afiliados<\/li>\n\n\n\n<li>Resolver conflictos con el tema Divi<\/li>\n\n\n\n<li>Varias correcciones para mejorar los conflictos y la apariencia de la interfaz de usuario del panel de afiliaci\u00f3n.<\/li>\n\n\n\n<li>Corregir error fatal en instalaciones antiguas de WP<\/li>\n\n\n\n<li>Corregir error de restablecimiento de contrase\u00f1a: desajuste de variables<\/li>\n\n\n\n<li>Arreglar el generador de enlaces personalizados no funciona si no se han definido creatividades todav\u00eda<\/li>\n<\/ul>\n\n\n\n<h2 class=\"wp-block-heading\" id=\"1.0.1\"><a title=\"#1.0.1\" href=\"#1.0.1\" rel=\"nofollow\"> 1.0.1 <\/a><\/h2>\n\n\n\n<ul class=\"wp-block-list\">\n<li>Sin cambios<\/li>\n<\/ul>\n\n\n\n<h2 class=\"wp-block-heading\" id=\"1.0.0\"><a title=\"#1.0.0\" href=\"#1.0.0\" rel=\"nofollow\"> 1.0.0 <\/a><\/h2>\n\n\n\n<ul class=\"wp-block-list\">\n<li>Lanzamiento inicial<\/li>\n<\/ul>","protected":false},"excerpt":{"rendered":"<p>1.4.0 &#8211; 09\/11\/2025 1.3.18 &#8211; 05\/20\/2025 1.3.17 &#8211; 03\/03\/2025 1.3.16 &#8211; 12\/18\/2024 1.3.15 &#8211; 11\/28\/2024 1.3.14 &#8211; 11\/27\/2024 1.3.12 &#8211; 11\/26\/2024 1.3.11 &#8211; 11\/06\/2024 1.3.10 &#8211; 06\/12\/2024 1.3.9 &#8211; 04\/30\/2024 1.3.8 &#8211; 03\/28\/2024 1.3.7 &#8211; 03\/19\/2024 1.3.6 &#8211; 01\/16\/2024 1.3.5 &#8211; 11\/14\/2023 1.3.1 &#8211; 1.3.4 &#8211; 11\/08\/2023 1.3.0 &#8211; 10\/06\/2023 1.2.14 &#8211; 09\/14\/2023 1.2.13 &#8211; [&hellip;]<\/p>\n","protected":false},"author":2028,"featured_media":0,"parent":0,"menu_order":0,"comment_status":"closed","ping_status":"closed","template":"","meta":{"_acf_changed":false,"om_disable_all_campaigns":false,"_strive_editorial_status":"not-started","_strive_copy_of":0,"inline_featured_image":false,"_monsterinsights_skip_tracking":false,"_monsterinsights_sitenote_active":false,"_monsterinsights_sitenote_note":"","_monsterinsights_sitenote_category":0,"_genesis_hide_title":false,"_genesis_hide_breadcrumbs":false,"_genesis_hide_singular_image":false,"_genesis_hide_footer_widgets":false,"_genesis_custom_body_class":"","_genesis_custom_post_class":"","_genesis_layout":"","footnotes":""},"class_list":{"0":"post-5844","1":"page","2":"type-page","3":"status-publish","5":"entry"},"acf":[],"aioseo_notices":[],"_links":{"self":[{"href":"https:\/\/easyaffiliate.com\/es\/wp-json\/wp\/v2\/pages\/5844","targetHints":{"allow":["GET"]}}],"collection":[{"href":"https:\/\/easyaffiliate.com\/es\/wp-json\/wp\/v2\/pages"}],"about":[{"href":"https:\/\/easyaffiliate.com\/es\/wp-json\/wp\/v2\/types\/page"}],"author":[{"embeddable":true,"href":"https:\/\/easyaffiliate.com\/es\/wp-json\/wp\/v2\/users\/2028"}],"replies":[{"embeddable":true,"href":"https:\/\/easyaffiliate.com\/es\/wp-json\/wp\/v2\/comments?post=5844"}],"version-history":[{"count":7,"href":"https:\/\/easyaffiliate.com\/es\/wp-json\/wp\/v2\/pages\/5844\/revisions"}],"predecessor-version":[{"id":13531,"href":"https:\/\/easyaffiliate.com\/es\/wp-json\/wp\/v2\/pages\/5844\/revisions\/13531"}],"wp:attachment":[{"href":"https:\/\/easyaffiliate.com\/es\/wp-json\/wp\/v2\/media?parent=5844"}],"curies":[{"name":"wp","href":"https:\/\/api.w.org\/{rel}","templated":true}]}}