{"id":6074,"date":"2021-04-20T14:13:40","date_gmt":"2021-04-20T14:13:40","guid":{"rendered":"https:\/\/easyaffstage.wpengine.com\/?page_id=6074"},"modified":"2021-04-23T21:29:06","modified_gmt":"2021-04-23T21:29:06","slug":"easy-affiliate-replaces-affiliate-royale","status":"publish","type":"page","link":"https:\/\/easyaffiliate.com\/es\/easy-affiliate-replaces-affiliate-royale\/","title":{"rendered":"El nuevo Easy Affiliate sustituye a Affiliate Royale"},"content":{"rendered":"<p>El nuevo plugin para programas de afiliaci\u00f3n <strong>Afiliaci\u00f3n f\u00e1cil<\/strong> es el plugin para programas de afiliados m\u00e1s completo, seguro y moderno del mundo. Si has disfrutado usando Affiliate Royale, <strong>prep\u00e1rate para alucinar con Easy Affiliate<\/strong>!<\/p>\n\n\n\n<p>Si ya eres usuario de Affiliate Royale, puedes <strong>cambie gratis al nuevo producto Easy Affiliate<\/strong> siguiendo las siguientes instrucciones. Cuando cambie, todos sus ajustes, afiliados, transacciones, clics, pagos y otros datos estar\u00e1n seguros y podr\u00e1 acceder a ellos desde Easy Affiliate.<\/p>\n\n\n\n<h2 class=\"wp-block-heading\"><strong>Qu\u00e9 incluye la mezcla<\/strong><\/h2>\n\n\n\n<ul class=\"wp-block-list\"><li><strong>Proceso de solicitud de afiliaci\u00f3n<\/strong>. Ahora puede exigir que los afiliados presenten su solicitud a trav\u00e9s de un formulario de solicitud y, a continuaci\u00f3n, puede aprobarla, rechazarla o ignorarla.<\/li><li><strong>Pagos con PayPal 1-Click<\/strong>. Pague a sus afiliados a trav\u00e9s de PayPal directamente desde el panel de WordPress.<\/li><li><strong>Cuadro de mandos Pro<\/strong>. Un panel de control de p\u00e1gina completa tipo SaaS para sus afiliados.<\/li><li><strong>Seguridad<\/strong>. Las cookies est\u00e1n protegidas con validaci\u00f3n hash para evitar su manipulaci\u00f3n, y existe un complemento de prevenci\u00f3n de fraudes para detectar y evitar clics y ventas fraudulentos.<\/li><li><strong>Comisiones por varios art\u00edculos del carrito<\/strong>. Para las compras en WooCommerce y EDD, Easy Affiliate realizar\u00e1 un seguimiento de las comisiones de cada art\u00edculo individual del carrito en lugar del total del pedido, lo que le permitir\u00e1 establecer un nivel de comisi\u00f3n personalizado o una comisi\u00f3n cero en productos individuales.<\/li><li><strong>Complementos<\/strong>. Los siguientes complementos pueden instalarse en Easy Affiliate &gt; Complementos (requiere una licencia activa):<ul><li><strong>Niveles de la Comisi\u00f3n<\/strong>. Soporte adicional para a\u00f1adir y eliminar niveles de comisi\u00f3n (esto estaba en el n\u00facleo de Affiliate Royale - si estabas usando m\u00e1s de un nivel de comisi\u00f3n necesitar\u00e1s este complemento para a\u00f1adir o eliminar niveles de comisi\u00f3n).<\/li><li><strong>Reglamento de la Comisi\u00f3n<\/strong>. Le permite establecer reglas para habilitar diferentes importes de comisi\u00f3n en diferentes productos, afiliados y m\u00e1s.<\/li><li><strong>Prevenci\u00f3n del fraude<\/strong>. Detecci\u00f3n y prevenci\u00f3n de clics y ventas fraudulentas<\/li><li><strong>Marketing<\/strong>. Los afiliados se a\u00f1adir\u00e1n a estos servicios (si est\u00e1n instalados) cuando se inscriban:<ul><li>ActiveCampaign<\/li><li>ConvertKit<\/li><li>GetResponse<\/li><li>Mailchimp<\/li><\/ul><\/li><\/ul><\/li><\/ul>\n\n\n\n<h2 class=\"wp-block-heading\"><strong>\u00bfQu\u00e9 es diferente?<\/strong><\/h2>\n\n\n\n<p>En <strong>Integraci\u00f3n de marketing AWeber<\/strong> no est\u00e1 incluido en Easy Affiliate. Esperamos tenerlo disponible como complemento a finales de este a\u00f1o.<\/p>\n\n\n\n<p>En <strong>compatible<\/strong> Las integraciones de comercio electr\u00f3nico en Easy Affiliate son:<\/p>\n\n\n\n<ul class=\"wp-block-list\"><li>MiembroPrensa<\/li><li>WooCommerce<\/li><li>Descargas digitales f\u00e1ciles<\/li><li>PayPal<\/li><\/ul>\n\n\n\n<p>Si ha estado utilizando alguna de las siguientes integraciones de comercio electr\u00f3nico en Affiliate Royale, tenga en cuenta que no funcionar\u00e1n en Easy Affiliate.<\/p>\n\n\n\n<ul class=\"wp-block-list\"><li>Comprar ahora para Stripe<\/li><li>Jigoshop<\/li><li>MarketPress<\/li><li>Tienda<\/li><li>Cart66<\/li><li>Comercio electr\u00f3nico WP<\/li><li>Autorizar.net ARB<\/li><li>Lista de deseos<\/li><li>DigLabs Pagos con Stripe<\/li><li>Seguimiento general (p\u00edxeles)<\/li><\/ul>\n\n\n\n<h2 class=\"wp-block-heading\">C\u00f3mo cambiar a Easy Affiliate<\/h2>\n\n\n\n<p>Con\u00e9ctese a su <a href=\"https:\/\/easyaffiliate.com\/es\/account\/\">cuenta easyaffiliate.com<\/a> (utilizando las mismas credenciales que en su cuenta affiliateroyale.com), y descargue la \u00faltima versi\u00f3n del plugin Easy Affiliate. A continuaci\u00f3n, vaya a <em>Plugins &gt; A\u00f1adir nuevo<\/em>A continuaci\u00f3n, cargue e instale el archivo zip del plugin Easy Affiliate. Despu\u00e9s de activar el plugin, se le redirigir\u00e1 al asistente de configuraci\u00f3n para empezar.<\/p>\n\n\n\n<h2 class=\"wp-block-heading\"><strong>C\u00f3mo volver a Affiliate Royale<\/strong><\/h2>\n\n\n\n<p>Dudamos seriamente que esto ocurra, pero si algo va mal o quiere volver a Affiliate Royale, el proceso es f\u00e1cil. Simplemente desactive Easy Affiliate y active Affiliate Royale. Su programa de afiliados volver\u00e1 a funcionar a trav\u00e9s de Affiliate Royale.<\/p>\n\n\n\n<p>Si tiene alguna pregunta o necesita ayuda, por favor <a href=\"https:\/\/easyaffiliate.com\/es\/support\/\" title=\"easyaffiliate.com\/support\">contacto Asistencia<\/a>. Estamos aqu\u00ed para ayudarle.<\/p>\n\n\n\n<h4 class=\"wp-block-heading\"><strong>Nota importante sobre el c\u00f3digo personalizado<\/strong><\/h4>\n\n\n\n<p>Si tiene alg\u00fan c\u00f3digo PHP personalizado que interact\u00fae con Affiliate Royale (por ejemplo, usando las clases PHP que empiezan por Wafp, como WafpUser), el c\u00f3digo deber\u00e1 cambiarse o eliminarse para evitar errores fatales. En Easy Affiliate, los nombres de las clases comienzan por EasyAffiliate. Por ejemplo, WafpUser es ahora EasyAffiliate\\Models\\User.<\/p>\n\n\n\n<p>Si tienes alg\u00fan estilo personalizado para Affiliate Royale en las clases CSS que empiezan por Wafp, puedes comprobar si tu estilo personalizado se ve afectado por la actualizaci\u00f3n y arreglarlo si es necesario.<\/p>","protected":false},"excerpt":{"rendered":"<p>The all new affiliate program plugin Easy Affiliate is the most comprehensive, secure, and modern affiliate program plugin in the world! If you&#8217;ve enjoyed using Affiliate Royale, get ready to be blown away by Easy Affiliate! If you&#8217;re a current user of Affiliate Royale, you can switch to the all new product Easy Affiliate for [&hellip;]<\/p>\n","protected":false},"author":2,"featured_media":0,"parent":0,"menu_order":0,"comment_status":"closed","ping_status":"closed","template":"","meta":{"_acf_changed":false,"om_disable_all_campaigns":false,"_strive_editorial_status":"not-started","_strive_copy_of":0,"inline_featured_image":false,"_monsterinsights_skip_tracking":false,"_monsterinsights_sitenote_active":false,"_monsterinsights_sitenote_note":"","_monsterinsights_sitenote_category":0,"_genesis_hide_title":false,"_genesis_hide_breadcrumbs":false,"_genesis_hide_singular_image":false,"_genesis_hide_footer_widgets":false,"_genesis_custom_body_class":"","_genesis_custom_post_class":"","_genesis_layout":"","footnotes":""},"class_list":{"0":"post-6074","1":"page","2":"type-page","3":"status-publish","5":"entry"},"acf":[],"aioseo_notices":[],"_links":{"self":[{"href":"https:\/\/easyaffiliate.com\/es\/wp-json\/wp\/v2\/pages\/6074","targetHints":{"allow":["GET"]}}],"collection":[{"href":"https:\/\/easyaffiliate.com\/es\/wp-json\/wp\/v2\/pages"}],"about":[{"href":"https:\/\/easyaffiliate.com\/es\/wp-json\/wp\/v2\/types\/page"}],"author":[{"embeddable":true,"href":"https:\/\/easyaffiliate.com\/es\/wp-json\/wp\/v2\/users\/2"}],"replies":[{"embeddable":true,"href":"https:\/\/easyaffiliate.com\/es\/wp-json\/wp\/v2\/comments?post=6074"}],"version-history":[{"count":0,"href":"https:\/\/easyaffiliate.com\/es\/wp-json\/wp\/v2\/pages\/6074\/revisions"}],"wp:attachment":[{"href":"https:\/\/easyaffiliate.com\/es\/wp-json\/wp\/v2\/media?parent=6074"}],"curies":[{"name":"wp","href":"https:\/\/api.w.org\/{rel}","templated":true}]}}