{"id":1483,"date":"2014-01-15T11:29:59","date_gmt":"2014-01-15T18:29:59","guid":{"rendered":"http:\/\/easyaffiliate.wpengine.com\/account\/"},"modified":"2021-05-25T17:05:04","modified_gmt":"2021-05-25T17:05:04","slug":"account","status":"publish","type":"page","link":"https:\/\/easyaffiliate.com\/fr\/account\/","title":{"rendered":"Compte de membre"},"content":{"rendered":"<div class=\"mp_wrapper\">\n  <div class=\"mepr-unauthorized-message\">\n    <p style=\"font-size: 16px;padding-top: 12px\"><strong>* Avertissement :<\/strong> Vous devez avoir un abonnement annuel pour voir cette page. Si vous \u00eates d\u00e9j\u00e0 membre, veuillez vous connecter ci-dessous. Si vous n'\u00eates pas membre, vous pouvez <a title=\"Acheter le plugin Easy Affiliate pour WordPress\" href=\"https:\/\/easyaffiliate.com\/fr\/plans\/\">achat Easy Affiliate<\/a> ici.<\/p>\n  <\/div>\n  <div class=\"mepr-login-form-wrap\">\n            \n<div class=\"mp_wrapper mp_login_form\">\n                  <!-- mp-login-form-start -->     <form name=\"mepr_loginform\" id=\"mepr_loginform\" class=\"mepr-form\" action=\"https:\/\/easyaffiliate.com\/fr\/login\/\" method=\"post\" data-trp-original-action=\"https:\/\/easyaffiliate.com\/fr\/login\/\">\n            <div class=\"mp-form-row mepr_username\">\n        <div class=\"mp-form-label\">\n                              <label for=\"user_login\">Nom d'utilisateur ou adresse de messagerie.<\/label>\n        <\/div>\n        <input type=\"text\" name=\"log\" id=\"user_login\" value=\"\" \/>\n      <\/div>\n      <div class=\"mp-form-row mepr_password\">\n        <div class=\"mp-form-label\">\n          <label for=\"user_pass\">Mot de passe<\/label>\n          <div class=\"mp-hide-pw\">\n            <input type=\"password\" name=\"pwd\" id=\"user_pass\" value=\"\" \/>\n            <button type=\"button\" class=\"button mp-hide-pw hide-if-no-js\" data-toggle=\"0\" aria-label=\"Afficher le mot de passe\">\n              <span class=\"dashicons dashicons-visibility\" aria-hidden=\"true\"><\/span>\n            <\/button>\n          <\/div>\n        <\/div>\n      <\/div>\n      \t\t<div id=\"cf-turnstile-493162520\"\r\n\t\tclass=\"cf-turnstile\" \t\tdata-sitekey=\"0x4AAAAAAAEUHOj65CwPmNnE\"\r\n\t\tdata-theme=\"light\"\r\n\t\tdata-language=\"auto\"\r\n\t\tdata-size=\"\"\r\n\t\tdata-retry=\"auto\" data-retry-interval=\"1000\"\r\n\t\tdata-refresh-expired=\"auto\"\r\n\t\tdata-action=\"memberpress\"\r\n\t\t\t\tdata-appearance=\"interaction-only\"><\/div>\r\n\t\t\t<script>document.addEventListener(\"DOMContentLoaded\", function() { setTimeout(function(){ var e=document.getElementById(\"cf-turnstile-493162520\"); e&&!e.innerHTML.trim()&&(turnstile.remove(\"#cf-turnstile-493162520\"), turnstile.render(\"#cf-turnstile-493162520\", {sitekey:\"0x4AAAAAAAEUHOj65CwPmNnE\"})); }, 100); });<\/script>\r\n\t\t\t<style>#cf-turnstile-493162520 iframe { margin-bottom: 15px; }<\/style>\r\n\t\t\t\t<style>#cf-turnstile-493162520 { margin-left: -15px; }<\/style>\r\n\t\t      <div>\n        <label><input name=\"rememberme\" type=\"checkbox\" id=\"rememberme\" value=\"forever\" \/> Se souvenir de moi<\/label>\n      <\/div>\n      <div class=\"mp-spacer\">&nbsp;<\/div>\n      <div class=\"submit\">\n        <input type=\"submit\" name=\"wp-submit\" id=\"wp-submit\" class=\"button-primary mepr-share-button\" value=\"Connecteur Se\" \/>\n        <input type=\"hidden\" name=\"redirect_to\" value=\"\/fr\/wp-json\/wp\/v2\/pages\/1483\" \/>\n        <input type=\"hidden\" name=\"mepr_process_login_form\" value=\"true\" \/>\n        <input type=\"hidden\" name=\"mepr_is_login_page\" value=\"false\" \/>\n      <\/div>\n    <input type=\"hidden\" name=\"trp-form-language\" value=\"fr\"\/><\/form>\n    <div class=\"mp-spacer\">&nbsp;<\/div>\n    <div class=\"mepr-login-actions\">\n        <a\n          href=\"https:\/\/easyaffiliate.com\/fr\/login\/?action=forgot_password\"\n          title=\"Cliquez ici pour r\u00e9initialiser votre mot de passe\"\n        >\n          Mot de passe oubli\u00e9        <\/a>\n    <\/div>\n\n      \n    <!-- mp-login-form-end --> \n  <\/div>\n      <\/div>\n<\/div>","protected":false},"excerpt":{"rendered":"<p>* Attention : vous devez disposer d'un abonnement annuel pour consulter cette page. Si vous \u00eates d\u00e9j\u00e0 membre, veuillez vous connecter ci-dessous. Si vous n'\u00eates pas membre, vous pouvez acheter Easy Affiliate ici. Nom d'utilisateur ou adresse e-mail. Mot de passe Se souvenir de moi     Mot de passe oubli\u00e9<\/p>","protected":false},"author":2,"featured_media":0,"parent":0,"menu_order":0,"comment_status":"closed","ping_status":"closed","template":"template-account-page.php","meta":{"_acf_changed":false,"om_disable_all_campaigns":false,"_strive_editorial_status":"not-started","_strive_copy_of":0,"inline_featured_image":false,"_monsterinsights_skip_tracking":false,"_monsterinsights_sitenote_active":false,"_monsterinsights_sitenote_note":"","_monsterinsights_sitenote_category":0,"_genesis_hide_title":false,"_genesis_hide_breadcrumbs":false,"_genesis_hide_singular_image":false,"_genesis_hide_footer_widgets":false,"_genesis_custom_body_class":"","_genesis_custom_post_class":"","_genesis_layout":"","footnotes":""},"class_list":{"0":"post-1483","1":"page","2":"type-page","3":"status-publish","5":"entry"},"acf":[],"aioseo_notices":[],"_links":{"self":[{"href":"https:\/\/easyaffiliate.com\/fr\/wp-json\/wp\/v2\/pages\/1483","targetHints":{"allow":["GET"]}}],"collection":[{"href":"https:\/\/easyaffiliate.com\/fr\/wp-json\/wp\/v2\/pages"}],"about":[{"href":"https:\/\/easyaffiliate.com\/fr\/wp-json\/wp\/v2\/types\/page"}],"author":[{"embeddable":true,"href":"https:\/\/easyaffiliate.com\/fr\/wp-json\/wp\/v2\/users\/2"}],"replies":[{"embeddable":true,"href":"https:\/\/easyaffiliate.com\/fr\/wp-json\/wp\/v2\/comments?post=1483"}],"version-history":[{"count":0,"href":"https:\/\/easyaffiliate.com\/fr\/wp-json\/wp\/v2\/pages\/1483\/revisions"}],"wp:attachment":[{"href":"https:\/\/easyaffiliate.com\/fr\/wp-json\/wp\/v2\/media?parent=1483"}],"curies":[{"name":"wp","href":"https:\/\/api.w.org\/{rel}","templated":true}]}}