{"id":309,"date":"2010-07-26T20:43:36","date_gmt":"2010-07-26T20:43:36","guid":{"rendered":"http:\/\/easyaffiliate.wpengine.com\/thank-you\/"},"modified":"2021-07-21T15:50:54","modified_gmt":"2021-07-21T15:50:54","slug":"thank-you","status":"publish","type":"page","link":"https:\/\/easyaffiliate.com\/fr\/thank-you\/","title":{"rendered":"Merci de votre attention"},"content":{"rendered":"<p>Merci d'avoir achet\u00e9 Easy Affiliate !<\/p>\n\n\n\n<p>Vous devriez recevoir sous peu un courriel de bienvenue de la part de notre syst\u00e8me. Si vous ne le voyez pas dans votre bo\u00eete de r\u00e9ception, v\u00e9rifiez vos dossiers de courrier ind\u00e9sirable ou de spam. Si vous ne l'avez pas re\u00e7u, vous pouvez nous envoyer un message sur notre site web. <a href=\"\/fr\/contact\/\">formulaire de contact<\/a>.<\/p>\n\n\n\n<p><strong>Voici comment installer Easy Affiliate :<\/strong><\/p>\n\n\n\n<ol class=\"wp-block-list\"><li>T\u00e9l\u00e9chargez la derni\u00e8re version d'Easy Affiliate \u00e0 partir de votre site web. <a href=\"\/fr\/account\/\">page du compte<\/a><\/li><li>Acc\u00e9dez \u00e0 l'administration de votre site web WordPress<\/li><li>Aller \u00e0 <strong>Plugins &gt; Ajouter un nouveau<\/strong>et cliquez sur <strong>T\u00e9l\u00e9charger<\/strong><\/li><li>Chargez le fichier zip que vous venez de t\u00e9l\u00e9charger et cliquez sur <strong>Activer<\/strong><\/li><li>Aller \u00e0 <strong>Easy Affiliate &gt; Activer<\/strong> dans votre administration WordPress, puis entrez et activez votre cl\u00e9 de licence<\/li><\/ol>\n\n\n\n<p><strong>C'est tout !<\/strong><\/p>\n\n\n\n<p>Vous pouvez maintenant vous rendre sur le site <strong>Easy Affiliate &gt; Param\u00e8tres<\/strong>et mettez en place votre nouveau programme d'affiliation.<\/p>\n\n\n\n<p>Pour plus d'informations, consultez <a href=\"https:\/\/easyaffiliate.com\/fr\/docs-category\/getting-started\/\" target=\"_blank\" rel=\"noreferrer noopener\">Pour commencer<\/a> dans la base de connaissances d'Easy Affiliate.<\/p>","protected":false},"excerpt":{"rendered":"<p>Thanks for purchasing Easy Affiliate! You should receive a welcome email shortly from our system. If you don&#8217;t see it in your inbox, make sure to check your junk or spam folders. But if you didn&#8217;t get it, you can shoot us a note on our contact form. Here&#8217;s how to install Easy Affiliate: Download [&hellip;]<\/p>\n","protected":false},"author":1,"featured_media":0,"parent":0,"menu_order":0,"comment_status":"closed","ping_status":"closed","template":"","meta":{"_acf_changed":false,"om_disable_all_campaigns":false,"_strive_editorial_status":"not-started","_strive_copy_of":0,"inline_featured_image":false,"_monsterinsights_skip_tracking":false,"_monsterinsights_sitenote_active":false,"_monsterinsights_sitenote_note":"","_monsterinsights_sitenote_category":0,"_genesis_hide_title":false,"_genesis_hide_breadcrumbs":false,"_genesis_hide_singular_image":false,"_genesis_hide_footer_widgets":false,"_genesis_custom_body_class":"","_genesis_custom_post_class":"","_genesis_layout":"","footnotes":""},"class_list":{"0":"post-309","1":"page","2":"type-page","3":"status-publish","5":"entry"},"acf":[],"aioseo_notices":[],"_links":{"self":[{"href":"https:\/\/easyaffiliate.com\/fr\/wp-json\/wp\/v2\/pages\/309","targetHints":{"allow":["GET"]}}],"collection":[{"href":"https:\/\/easyaffiliate.com\/fr\/wp-json\/wp\/v2\/pages"}],"about":[{"href":"https:\/\/easyaffiliate.com\/fr\/wp-json\/wp\/v2\/types\/page"}],"author":[{"embeddable":true,"href":"https:\/\/easyaffiliate.com\/fr\/wp-json\/wp\/v2\/users\/1"}],"replies":[{"embeddable":true,"href":"https:\/\/easyaffiliate.com\/fr\/wp-json\/wp\/v2\/comments?post=309"}],"version-history":[{"count":0,"href":"https:\/\/easyaffiliate.com\/fr\/wp-json\/wp\/v2\/pages\/309\/revisions"}],"wp:attachment":[{"href":"https:\/\/easyaffiliate.com\/fr\/wp-json\/wp\/v2\/media?parent=309"}],"curies":[{"name":"wp","href":"https:\/\/api.w.org\/{rel}","templated":true}]}}