{"id":313,"date":"2010-07-26T22:53:45","date_gmt":"2010-07-26T22:53:45","guid":{"rendered":"http:\/\/easyaffiliate.wpengine.com\/affiliate-signup\/"},"modified":"2021-05-13T21:54:40","modified_gmt":"2021-05-13T21:54:40","slug":"affiliate-program","status":"publish","type":"page","link":"https:\/\/easyaffiliate.com\/fr\/affiliate-program\/","title":{"rendered":"Gagner de l'argent en promouvant Easy Affiliate"},"content":{"rendered":"<p>Lorsque vous vous inscrivez au programme d'affiliation de Easy Affiliate, vous faites partie d'une \u00e9quipe qui promeut le plugin WordPress le plus simple, mais aussi le plus puissant et le plus s\u00fbr du march\u00e9. Aidez les gens \u00e0 faire passer leur entreprise au niveau sup\u00e9rieur, et gagnez des commissions pendant que vous y \u00eates !<\/p>\n\n\n\n<h3 class=\"wp-block-heading\">\u00c0 quel type de commission puis-je pr\u00e9tendre ?<\/h3>\n\n\n\n<p>Vous gagnerez des commissions de 25% sur la premi\u00e8re vente de chaque client recommand\u00e9.<\/p>\n\n\n\n<h3 class=\"wp-block-heading\">Pourquoi rejoindre le programme d'affiliation Easy Affiliate ?<\/h3>\n\n\n\n<ul class=\"wp-block-list\">\n<li>Gagner des commissions g\u00e9n\u00e9reuses<\/li>\n\n\n\n<li>T\u00e9moin de retour de 60 jours<\/li>\n\n\n\n<li>Acc\u00e9dez \u00e0 des banni\u00e8res cr\u00e9atives, des courriels et des liens textuels optimis\u00e9s pour la conversion.<\/li>\n\n\n\n<li>B\u00e9n\u00e9ficier de paiements mensuels rapides (vers\u00e9s le premier de chaque mois via PayPal)<\/li>\n\n\n\n<li>Inscrivez-vous gratuitement !<\/li>\n\n\n\n<li>Suivi fiable des commissions gr\u00e2ce \u00e0 votre tableau de bord d'affili\u00e9 personnalis\u00e9<\/li>\n\n\n\n<li>Vous ferez la promotion du plugin WordPress de programme d'affiliation le plus s\u00fbr qui soit.<\/li>\n<\/ul>\n\n\n\n<p class=\"has-text-align-left\">Commencez \u00e0 gagner de l'argent d\u00e8s aujourd'hui.<\/p>\n\n\n\n<div class=\"wp-block-group\"><div class=\"wp-block-group__inner-container is-layout-flow wp-block-group-is-layout-flow\">\n<div class=\"wp-block-buttons is-horizontal is-content-justification-center is-layout-flex wp-container-core-buttons-is-layout-499968f5 wp-block-buttons-is-layout-flex\">\n<div class=\"wp-block-button\"><a class=\"wp-block-button__link has-text-color has-background wp-element-button\" href=\"https:\/\/easyaffiliate.com\/fr\/affiliate-signup\/\" style=\"border-radius:2px;color:#fffffa;background-color:#ba0c49\">Je suis pr\u00eat \u00e0 poser ma candidature !<\/a><\/div>\n\n\n\n<div class=\"wp-block-button is-style-outline is-style-outline--1\"><a class=\"wp-block-button__link has-text-color wp-element-button\" href=\"https:\/\/easyaffiliate.com\/fr\/affiliate-login\/\" style=\"border-radius:2px;color:#ba0c49\">Je suis d\u00e9j\u00e0 affili\u00e9.<\/a><\/div>\n<\/div>\n<\/div><\/div>","protected":false},"excerpt":{"rendered":"<p>When you sign up for the Easy Affiliate affiliate program, you become part of a team promoting the simplest, yet most powerful and secure affiliate program WordPress plugin out there. Help people take their businesses to the next level, and earn commission revenue while you&#8217;re at it! What kind of commission am I eligible for? [&hellip;]<\/p>\n","protected":false},"author":1,"featured_media":0,"parent":0,"menu_order":0,"comment_status":"closed","ping_status":"closed","template":"","meta":{"_acf_changed":false,"om_disable_all_campaigns":false,"_strive_editorial_status":"not-started","_strive_copy_of":0,"inline_featured_image":false,"_monsterinsights_skip_tracking":false,"_monsterinsights_sitenote_active":false,"_monsterinsights_sitenote_note":"","_monsterinsights_sitenote_category":0,"_genesis_hide_title":false,"_genesis_hide_breadcrumbs":false,"_genesis_hide_singular_image":false,"_genesis_hide_footer_widgets":false,"_genesis_custom_body_class":"","_genesis_custom_post_class":"","_genesis_layout":"","footnotes":""},"class_list":{"0":"post-313","1":"page","2":"type-page","3":"status-publish","5":"entry"},"acf":[],"aioseo_notices":[],"_links":{"self":[{"href":"https:\/\/easyaffiliate.com\/fr\/wp-json\/wp\/v2\/pages\/313","targetHints":{"allow":["GET"]}}],"collection":[{"href":"https:\/\/easyaffiliate.com\/fr\/wp-json\/wp\/v2\/pages"}],"about":[{"href":"https:\/\/easyaffiliate.com\/fr\/wp-json\/wp\/v2\/types\/page"}],"author":[{"embeddable":true,"href":"https:\/\/easyaffiliate.com\/fr\/wp-json\/wp\/v2\/users\/1"}],"replies":[{"embeddable":true,"href":"https:\/\/easyaffiliate.com\/fr\/wp-json\/wp\/v2\/comments?post=313"}],"version-history":[{"count":1,"href":"https:\/\/easyaffiliate.com\/fr\/wp-json\/wp\/v2\/pages\/313\/revisions"}],"predecessor-version":[{"id":12700,"href":"https:\/\/easyaffiliate.com\/fr\/wp-json\/wp\/v2\/pages\/313\/revisions\/12700"}],"wp:attachment":[{"href":"https:\/\/easyaffiliate.com\/fr\/wp-json\/wp\/v2\/media?parent=313"}],"curies":[{"name":"wp","href":"https:\/\/api.w.org\/{rel}","templated":true}]}}