{"id":37,"date":"2010-07-07T17:25:46","date_gmt":"2010-07-07T17:25:46","guid":{"rendered":"http:\/\/easyaffiliate.wpengine.com\/"},"modified":"2021-04-20T23:35:15","modified_gmt":"2021-04-20T23:35:15","slug":"privacy","status":"publish","type":"page","link":"https:\/\/easyaffiliate.com\/fr\/privacy\/","title":{"rendered":"Politique de confidentialit\u00e9"},"content":{"rendered":"<p>Nous accordons une grande importance \u00e0 la protection de votre vie priv\u00e9e. Chez Caseproof, nous suivons quelques principes fondamentaux :<\/p>\n\n\n\n<ul class=\"wp-block-list\"><li>Nous ne vous demandons pas d'informations personnelles, sauf si nous en avons vraiment besoin. (Nous ne supportons pas les services qui vous demandent sans raison apparente des informations telles que votre sexe ou votre niveau de revenu).<\/li><li>Nous ne partageons vos informations personnelles avec personne, sauf pour nous conformer \u00e0 la loi, d\u00e9velopper nos produits ou prot\u00e9ger nos droits.<\/li><li>Nous ne stockons pas d'informations personnelles sur nos serveurs, sauf si cela est n\u00e9cessaire au fonctionnement continu de notre site.<\/li><\/ul>\n\n\n\n<p>Caseproof LLC (\"Caseproof\") exploite plusieurs sites web, dont EasyAffiliate.com. La politique de Caseproof est de respecter votre vie priv\u00e9e en ce qui concerne toutes les informations que nous pouvons collecter en exploitant nos sites Web.<\/p>\n\n\n\n<p><strong>Visiteurs du site web<\/strong><\/p>\n\n\n\n<p>Comme la plupart des op\u00e9rateurs de sites Web, Caseproof recueille des informations d'identification non personnelles du type de celles que les navigateurs et serveurs Web mettent g\u00e9n\u00e9ralement \u00e0 disposition, telles que le type de navigateur, la langue pr\u00e9f\u00e9r\u00e9e, le site de r\u00e9f\u00e9rence, ainsi que la date et l'heure de chaque demande du visiteur. L'objectif de Caseproof en recueillant des informations d'identification non personnelles est de mieux comprendre comment les visiteurs de Caseproof utilisent son site web. De temps \u00e0 autre, Caseproof peut publier des informations d'identification non personnelles dans l'ensemble, par exemple en publiant un rapport sur les tendances d'utilisation de son site Web.<\/p>\n\n\n\n<p>Caseproof recueille \u00e9galement des informations potentiellement nominatives telles que les adresses de protocole Internet (IP) pour les utilisateurs connect\u00e9s et pour les utilisateurs laissant des commentaires sur nos blogs. Caseproof ne divulgue les adresses IP des utilisateurs connect\u00e9s et des commentateurs que dans les m\u00eames circonstances que celles dans lesquelles elle utilise et divulgue les informations d'identification personnelle d\u00e9crites ci-dessous, \u00e0 l'exception des adresses IP des commentateurs de blogs qui sont visibles et divulgu\u00e9es aux administrateurs du blog sur lequel le commentaire a \u00e9t\u00e9 laiss\u00e9.<\/p>\n\n\n\n<p><strong>Collecte d'informations d'identification personnelle<\/strong><\/p>\n\n\n\n<p>Certains visiteurs des sites web de Caseproof choisissent d'interagir avec Caseproof d'une mani\u00e8re qui oblige Caseproof \u00e0 recueillir des informations d'identification personnelle. La quantit\u00e9 et le type d'informations que Caseproof recueille d\u00e9pendent de la nature de l'interaction. Par exemple, nous demandons aux visiteurs qui commentent notre blog de fournir un nom d'utilisateur et une adresse e-mail. Pour ceux qui souhaitent recevoir les mises \u00e0 jour de Caseproof par courrier \u00e9lectronique, nous recueillons leur adresse \u00e9lectronique. Dans chaque cas, Caseproof ne recueille ces informations que dans la mesure o\u00f9 elles sont n\u00e9cessaires ou appropri\u00e9es pour atteindre l'objectif de l'interaction du visiteur avec Caseproof. Caseproof ne divulgue pas d'informations d'identification personnelle autres que celles d\u00e9crites ci-dessous. Les visiteurs peuvent toujours refuser de fournir des informations d'identification personnelle, \u00e0 condition que cela les emp\u00eache de s'engager dans certaines activit\u00e9s li\u00e9es au site web.<\/p>\n\n\n\n<p><strong>Statistiques agr\u00e9g\u00e9es<\/strong><\/p>\n\n\n\n<p>Caseproof peut recueillir des statistiques sur le comportement des visiteurs de ses sites Web. Par exemple, Caseproof peut surveiller les pages les plus populaires du site EasyAffiliate.com ou utiliser des spams filtr\u00e9s par le service Akismet pour aider \u00e0 identifier les spams. Caseproof peut afficher ces informations publiquement ou les fournir \u00e0 d'autres. Cependant, Caseproof ne divulgue pas d'informations d'identification personnelle autres que celles d\u00e9crites ci-dessous.<\/p>\n\n\n\n<p><strong>Protection de certaines informations d'identification personnelle<\/strong><\/p>\n\n\n\n<p>Caseproof ne divulgue les informations potentiellement nominatives et d'identification personnelle qu'\u00e0 ses employ\u00e9s, contractants et organisations affili\u00e9es qui (i) ont besoin de conna\u00eetre ces informations afin de les traiter pour le compte de Caseproof ou de fournir des services disponibles sur les sites Web de Caseproof, et (ii) qui ont accept\u00e9 de ne pas les divulguer \u00e0 d'autres personnes. Certains de ces employ\u00e9s, contractants et organisations affili\u00e9es peuvent \u00eatre situ\u00e9s en dehors de votre pays d'origine ; en utilisant les sites web de Caseproof, vous consentez au transfert de ces informations vers eux. Caseproof ne louera ni ne vendra \u00e0 quiconque des informations potentiellement nominatives et d'identification personnelle. \u00c0 l'exception de ses employ\u00e9s, contractants et organisations affili\u00e9es, comme d\u00e9crit ci-dessus, Caseproof ne divulgue les informations d'identification personnelle et potentiellement personnelles qu'en r\u00e9ponse \u00e0 une citation \u00e0 compara\u00eetre, une ordonnance du tribunal ou une autre demande gouvernementale, ou lorsque Caseproof estime en toute bonne foi que la divulgation est raisonnablement n\u00e9cessaire pour prot\u00e9ger la propri\u00e9t\u00e9 ou les droits de Caseproof, de tierces parties ou du public en g\u00e9n\u00e9ral. Si vous \u00eates un utilisateur enregistr\u00e9 d'un site Web Caseproof et que vous avez fourni votre adresse e-mail, Caseproof peut occasionnellement vous envoyer un e-mail pour vous informer des nouvelles fonctionnalit\u00e9s, solliciter vos commentaires ou simplement vous tenir au courant de ce qui se passe avec Caseproof et nos produits. Nous utilisons principalement nos diff\u00e9rents blogs de produits pour communiquer ce type d'informations, et nous pr\u00e9voyons donc de limiter ce type d'e-mails au minimum. Si vous nous envoyez une demande (par exemple via un e-mail d'assistance ou via l'un de nos m\u00e9canismes de retour d'information), nous nous r\u00e9servons le droit de la publier afin de nous aider \u00e0 clarifier votre demande, \u00e0 y r\u00e9pondre ou \u00e0 aider d'autres utilisateurs. Caseproof prend toutes les mesures raisonnablement n\u00e9cessaires pour se prot\u00e9ger contre l'acc\u00e8s non autoris\u00e9, l'utilisation, l'alt\u00e9ration ou la destruction des informations d'identification personnelle et potentiellement nominatives.<\/p>\n\n\n\n<p><strong>Cookies<\/strong><\/p>\n\n\n\n<p>Un cookie est une cha\u00eene d'informations qu'un site web stocke sur l'ordinateur d'un visiteur et que le navigateur du visiteur fournit au site web \u00e0 chaque fois que le visiteur revient. Caseproof utilise des cookies pour aider Caseproof \u00e0 identifier et \u00e0 suivre les visiteurs, leur utilisation des sites web Caseproof et leurs pr\u00e9f\u00e9rences d'acc\u00e8s aux sites web. Les visiteurs des sites web Caseproof qui ne souhaitent pas que des cookies soient plac\u00e9s sur leur ordinateur doivent configurer leur navigateur de mani\u00e8re \u00e0 refuser les cookies avant d'utiliser les sites web Caseproof, avec l'inconv\u00e9nient que certaines fonctionnalit\u00e9s des sites web Caseproof peuvent ne pas fonctionner correctement sans l'aide des cookies.<\/p>\n\n\n\n<p><strong>Suivi de l'utilisation<\/strong><\/p>\n\n\n\n<p>Caseproof recueille certaines informations par le biais du suivi de l'utilisation. L'objectif du suivi de l'utilisation permet \u00e0 Caseproof de mieux comprendre nos utilisateurs et les besoins de leur site Web en examinant une s\u00e9rie de variables dans leur plugin Easy Affiliate, WordPress et leur h\u00e9bergeur. Ces informations nous permettent d'am\u00e9liorer continuellement notre produit ainsi que notre processus de questions\/r\u00e9ponses\/tests. Les informations peuvent inclure la cl\u00e9 de licence (et le type), les dates d'activation du plugin, les statistiques d'adh\u00e9sion et de transaction pour nous aider \u00e0 nous assurer que nos fonctionnalit\u00e9s et mises \u00e0 jour sont test\u00e9es dans des situations qui correspondent \u00e9troitement \u00e0 l'environnement du site de nos clients et \u00e0 l'utilisation d'Easy Affiliate. Nous pouvons \u00e9galement collecter des informations sur les int\u00e9grations actives et les param\u00e8tres des plugins, mais les param\u00e8tres sensibles tels que les cl\u00e9s API sont automatiquement exclus du suivi.<\/p>\n\n\n\n<p>Notre suivi de l'utilisation comprend la collecte d'informations sur le th\u00e8me\/les plugins WordPress actifs, la localisation, le fuseau horaire, l'activation ou non du SSL, ou si un site est un multisite, et l'URL du site. En outre, le suivi de l'utilisation comprend la d\u00e9termination des versions PHP et MySQL afin de nous aider \u00e0 nous assurer que nos proc\u00e9dures de test ont une couverture appropri\u00e9e pour \u00e9viter les probl\u00e8mes de compatibilit\u00e9, et la d\u00e9termination du logiciel du serveur, qui est utilis\u00e9 \u00e0 des fins de test.<\/p>\n\n\n\n<p><strong>Transferts d'entreprises<\/strong><\/p>\n\n\n\n<p>Si Caseproof, ou la quasi-totalit\u00e9 de ses actifs, \u00e9tait acquis, ou dans le cas improbable o\u00f9 Caseproof se retirerait des affaires ou ferait faillite, les informations sur les utilisateurs feraient partie des actifs transf\u00e9r\u00e9s ou acquis par un tiers. Vous reconnaissez que de tels transferts peuvent avoir lieu et que tout acqu\u00e9reur de Caseproof peut continuer \u00e0 utiliser vos informations personnelles comme indiqu\u00e9 dans la pr\u00e9sente politique.<\/p>\n\n\n\n<p><strong>Annonces<\/strong><\/p>\n\n\n\n<p>Les publicit\u00e9s apparaissant sur l'un de nos sites web peuvent \u00eatre diffus\u00e9es aux utilisateurs par des partenaires publicitaires, qui peuvent installer des cookies. Ces cookies permettent au serveur publicitaire de reconna\u00eetre votre ordinateur chaque fois qu'il vous envoie une publicit\u00e9 en ligne afin de compiler des informations sur vous ou sur d'autres personnes qui utilisent votre ordinateur. Ces informations permettent aux r\u00e9seaux publicitaires, entre autres, de fournir des publicit\u00e9s cibl\u00e9es qui, selon eux, vous int\u00e9ressent le plus. Cette politique de confidentialit\u00e9 couvre l'utilisation des cookies par Caseproof et ne couvre pas l'utilisation des cookies par les annonceurs.<\/p>\n\n\n\n<p><strong>Commentaires<\/strong><\/p>\n\n\n\n<p>Les commentaires et autres contenus soumis au service anti-spam Akismet sont enregistr\u00e9s sur nos serveurs, sauf s'ils ont \u00e9t\u00e9 marqu\u00e9s comme faux positifs, auquel cas nous les conservons suffisamment longtemps pour les utiliser afin d'am\u00e9liorer le service et d'\u00e9viter les faux positifs \u00e0 l'avenir.<\/p>\n\n\n\n<p><strong>Modifications de la politique de confidentialit\u00e9<\/strong><\/p>\n\n\n\n<p>Bien que la plupart des modifications soient probablement mineures, Caseproof peut modifier sa politique de confidentialit\u00e9 de temps \u00e0 autre et \u00e0 sa seule discr\u00e9tion. Caseproof encourage les visiteurs \u00e0 consulter fr\u00e9quemment cette page pour prendre connaissance des modifications apport\u00e9es \u00e0 sa politique de confidentialit\u00e9. En continuant \u00e0 utiliser ce site apr\u00e8s toute modification de la politique de confidentialit\u00e9, vous acceptez ladite modification.<\/p>","protected":false},"excerpt":{"rendered":"<p>Your privacy is very important to us. At Caseproof we have a few fundamental principles that we follow: We don\u2019t ask you for personal information unless we truly need it. (We can\u2019t stand services that ask you for things like your gender or income level for no apparent reason.) We don\u2019t share your personal information [&hellip;]<\/p>\n","protected":false},"author":1,"featured_media":0,"parent":0,"menu_order":0,"comment_status":"closed","ping_status":"closed","template":"","meta":{"_acf_changed":false,"om_disable_all_campaigns":false,"_strive_editorial_status":"not-started","_strive_copy_of":0,"inline_featured_image":false,"_monsterinsights_skip_tracking":false,"_monsterinsights_sitenote_active":false,"_monsterinsights_sitenote_note":"","_monsterinsights_sitenote_category":0,"_genesis_hide_title":false,"_genesis_hide_breadcrumbs":false,"_genesis_hide_singular_image":false,"_genesis_hide_footer_widgets":false,"_genesis_custom_body_class":"","_genesis_custom_post_class":"","_genesis_layout":"","footnotes":""},"class_list":{"0":"post-37","1":"page","2":"type-page","3":"status-publish","5":"entry"},"acf":[],"aioseo_notices":[],"_links":{"self":[{"href":"https:\/\/easyaffiliate.com\/fr\/wp-json\/wp\/v2\/pages\/37","targetHints":{"allow":["GET"]}}],"collection":[{"href":"https:\/\/easyaffiliate.com\/fr\/wp-json\/wp\/v2\/pages"}],"about":[{"href":"https:\/\/easyaffiliate.com\/fr\/wp-json\/wp\/v2\/types\/page"}],"author":[{"embeddable":true,"href":"https:\/\/easyaffiliate.com\/fr\/wp-json\/wp\/v2\/users\/1"}],"replies":[{"embeddable":true,"href":"https:\/\/easyaffiliate.com\/fr\/wp-json\/wp\/v2\/comments?post=37"}],"version-history":[{"count":0,"href":"https:\/\/easyaffiliate.com\/fr\/wp-json\/wp\/v2\/pages\/37\/revisions"}],"wp:attachment":[{"href":"https:\/\/easyaffiliate.com\/fr\/wp-json\/wp\/v2\/media?parent=37"}],"curies":[{"name":"wp","href":"https:\/\/api.w.org\/{rel}","templated":true}]}}