{"id":5434,"date":"2021-04-02T00:03:38","date_gmt":"2021-04-02T00:03:38","guid":{"rendered":"https:\/\/easyaffstage.wpengine.com\/?page_id=5434"},"modified":"2023-10-20T19:45:15","modified_gmt":"2023-10-20T19:45:15","slug":"features","status":"publish","type":"page","link":"https:\/\/easyaffiliate.com\/fr\/features\/","title":{"rendered":"Une s\u00e9rie de caract\u00e9ristiques qui m\u00e9ritent d'\u00eatre soulign\u00e9es"},"content":{"rendered":"<div class=\"features\">\n        <div class=\"features__wrap\">\n            <div class=\"first-col\"><div id=\"feature-block_642d7f3d14cfbbad65779c685147cf24\" class=\"feature\">\n\t<div class=\"feature__icon\"><img decoding=\"async\" src=\"https:\/\/easyaffiliate.com\/wp-content\/uploads\/2021\/04\/feature-icon-setup.svg\" alt=\"\"><\/div>\n\t<h2 class=\"feature__title\">Une installation tr\u00e8s simple<\/h2>\n\t<div class=\"feature__text\"><p><span style=\"font-weight: 400;\">Si vous savez comment installer un plugin WordPress, vous savez comment lancer un programme d'affiliation avec Easy Affiliate. Il n'y a pas de manipulation de votre base de donn\u00e9es. Pas de scripts sp\u00e9ciaux \u00e0 ex\u00e9cuter sur votre serveur web. Et aucun mod\u00e8le sp\u00e9cial pour s'assurer que les graphismes de votre programme d'affiliation correspondent \u00e0 ceux de votre site web. Une fois Easy Affiliate install\u00e9 sur votre site WordPress, vous disposez d'un programme d'affiliation complet. C'est aussi simple que cela. <\/span><\/p>\n<\/div>\n<\/div><div id=\"feature-block_642d7f3d14cfbbad65779c685147cf24\" class=\"feature\">\n\t<div class=\"feature__icon\"><img decoding=\"async\" src=\"https:\/\/easyaffiliate.com\/wp-content\/uploads\/2021\/04\/feature-icon-admin.svg\" alt=\"\"><\/div>\n\t<h2 class=\"feature__title\">Un administrateur puissant<\/h2>\n\t<div class=\"feature__text\"><p><span style=\"font-weight: 400;\">Avec Easy Affiliate, vous trouverez tout ce dont vous avez besoin pour g\u00e9rer votre programme d'affiliation directement dans votre panneau d'administration WordPress. Depuis votre panneau d'administration, vous pouvez consulter plusieurs rapports diff\u00e9rents, y compris les transactions, les statistiques globales de vos affili\u00e9s, une liste de vos meilleurs affili\u00e9s, les clics entrants, et ce que vous devez \u00e0 vos affili\u00e9s \u00e0 un moment donn\u00e9.<\/span><\/p>\n<\/div>\n<\/div><div id=\"feature-block_642d7f3d14cfbbad65779c685147cf24\" class=\"feature\">\n\t<div class=\"feature__icon\"><img decoding=\"async\" src=\"https:\/\/easyaffiliate.com\/wp-content\/uploads\/2021\/04\/feature-icon-security.svg\" alt=\"\"><\/div>\n\t<h2 class=\"feature__title\">S\u00e9curit\u00e9 avanc\u00e9e<\/h2>\n\t<div class=\"feature__text\"><p><span style=\"font-weight: 400;\">Easy Affiliate est le plugin d'affiliation le plus s\u00e9curis\u00e9 du march\u00e9. Vous pouvez \u00eatre assur\u00e9 que vos commissions sont suivies avec pr\u00e9cision et que votre programme d'affiliation est r\u00e9sistant aux attaques.<\/span><\/p>\n<\/div>\n<\/div><div id=\"feature-block_642d7f3d14cfbbad65779c685147cf24\" class=\"feature\">\n\t<div class=\"feature__icon\"><img decoding=\"async\" src=\"https:\/\/easyaffiliate.com\/wp-content\/uploads\/2021\/04\/feature-icon-link-generation.svg\" alt=\"\"><\/div>\n\t<h2 class=\"feature__title\">G\u00e9n\u00e9ration de liens personnalis\u00e9s<\/h2>\n\t<div class=\"feature__text\"><p><span style=\"font-weight: 400;\">Gr\u00e2ce \u00e0 la g\u00e9n\u00e9ration de liens personnalis\u00e9s, vos affili\u00e9s peuvent cr\u00e9er des liens de suivi personnalis\u00e9s \u00e0 tout moment. De plus, gr\u00e2ce \u00e0 la prise en charge int\u00e9gr\u00e9e de Pretty Links, ces liens seront toujours courts et esth\u00e9tiques.<\/span><\/p>\n<\/div>\n<\/div><div id=\"feature-block_642d7f3d14cfbbad65779c685147cf24\" class=\"feature\">\n\t<div class=\"feature__icon\"><img decoding=\"async\" src=\"https:\/\/easyaffiliate.com\/wp-content\/uploads\/2021\/04\/feature-icon-support.svg\" alt=\"\"><\/div>\n\t<h2 class=\"feature__title\">Support Stellaire<\/h2>\n\t<div class=\"feature__text\"><p><span style=\"font-weight: 400;\">Il est tr\u00e8s simple de mettre en place votre programme d'affiliation avec Easy Affiliate. Mais il peut arriver que vous ayez besoin d'un peu d'aide. C'est pourquoi nous avons mis \u00e0 votre disposition un <\/span><span style=\"font-weight: 400;\">Manuel de l'utilisateur<\/span><span style=\"font-weight: 400;\"> qui couvre toutes les fonctionnalit\u00e9s et les pages d'administration d'Easy Affiliate. Et au cas o\u00f9 vous auriez besoin de nous, notre <\/span><span style=\"font-weight: 400;\">\u00e9quipe de soutien<\/span><span style=\"font-weight: 400;\"> est pr\u00eat \u00e0 vous aider. Nous ne vous laisserons pas en plan.<\/span><\/p>\n<\/div>\n<\/div><\/div>            <div class=\"second-col\"><div id=\"feature-block_642d7f3d14cfbbad65779c685147cf24\" class=\"feature\">\n\t<div class=\"feature__icon\"><img decoding=\"async\" src=\"https:\/\/easyaffiliate.com\/wp-content\/uploads\/2021\/04\/feature-icon-dashboard.svg\" alt=\"\"><\/div>\n\t<h2 class=\"feature__title\">Tableau de bord personnalis\u00e9 de l'affili\u00e9<\/h2>\n\t<div class=\"feature__text\"><p><span style=\"font-weight: 400;\">Vous n'aurez jamais \u00e0 vous soucier de l'apparence du tableau de bord de l'affili\u00e9. Il est livr\u00e9 pr\u00e9-styl\u00e9 et peut \u00eatre ajust\u00e9 pour correspondre \u00e0 votre marque en utilisant le Customizer de WordPress. Le tableau de bord de l'affili\u00e9 permet \u00e0 chacun de vos affili\u00e9s de suivre ses statistiques, de modifier les informations de son compte, de t\u00e9l\u00e9charger ses liens et ses banni\u00e8res, et de consulter l'historique de ses paiements. <\/span><\/p>\n<\/div>\n<\/div><div id=\"feature-block_642d7f3d14cfbbad65779c685147cf24\" class=\"feature\">\n\t<div class=\"feature__icon\"><img decoding=\"async\" src=\"https:\/\/easyaffiliate.com\/wp-content\/uploads\/2021\/04\/feature-icon-applications.svg\" alt=\"\"><\/div>\n\t<h2 class=\"feature__title\">Demandes d'affiliation<\/h2>\n\t<div class=\"feature__text\"><p><span style=\"font-weight: 400;\">Qualifiez vos affili\u00e9s avec style gr\u00e2ce au processus int\u00e9gr\u00e9 de demande d'affiliation d'Easy Affiliate. Lorsqu'elle est activ\u00e9e, cette fonction puissante exige des visiteurs qu'ils s'inscrivent \u00e0 votre programme d'affiliation avant de devenir des affili\u00e9s. Vous aurez la possibilit\u00e9 de rejeter, d'ignorer ou d'approuver toute demande au fur et \u00e0 mesure qu'elle vous parvient.<\/span><\/p>\n<\/div>\n<\/div><div id=\"feature-block_642d7f3d14cfbbad65779c685147cf24\" class=\"feature\">\n\t<div class=\"feature__icon\"><img decoding=\"async\" src=\"https:\/\/easyaffiliate.com\/wp-content\/uploads\/2021\/04\/feature-icon-fraud-detection.svg\" alt=\"\"><\/div>\n\t<h2 class=\"feature__title\">D\u00e9tection de la fraude<\/h2>\n\t<div class=\"feature__text\"><p>La fraude \u00e0 l'affiliation est la plus grande menace qui p\u00e8se sur tout programme d'affiliation. Mais vous n'avez pas le temps de remettre en question chaque paiement de commission que vous envoyez. Easy Affiliate simplifie le processus en signalant ou en rejetant les comportements suspects des affili\u00e9s AVANT le paiement.<\/p>\n<\/div>\n<\/div><div id=\"feature-block_642d7f3d14cfbbad65779c685147cf24\" class=\"feature\">\n\t<div class=\"feature__icon\"><img decoding=\"async\" src=\"https:\/\/easyaffiliate.com\/wp-content\/uploads\/2021\/04\/feature-icon-pay-affiliates.svg\" alt=\"\"><\/div>\n\t<h2 class=\"feature__title\">Payer les affili\u00e9s en toute confiance<\/h2>\n\t<div class=\"feature__text\"><p><span style=\"font-weight: 400;\">Easy Affiliate facilite le paiement des affili\u00e9s. Il prend en charge les fichiers de paiement de masse PayPal, les paiements hors ligne et les paiements en un clic via PayPal. Il vous suffit de vous connecter une fois par mois, de v\u00e9rifier l'activit\u00e9 de vos affili\u00e9s et de cliquer sur <\/span><i><span style=\"font-weight: 400;\">Payer<\/span><\/i><span style=\"font-weight: 400;\">. C'est aussi simple que cela !<\/span><\/p>\n<\/div>\n<\/div><div id=\"feature-block_642d7f3d14cfbbad65779c685147cf24\" class=\"feature\">\n\t<div class=\"feature__icon\"><img decoding=\"async\" src=\"https:\/\/easyaffiliate.com\/wp-content\/uploads\/2021\/04\/feature-icon-upgrades.svg\" alt=\"\"><\/div>\n\t<h2 class=\"feature__title\">Mise \u00e0 niveau en un clic<\/h2>\n\t<div class=\"feature__text\"><p>Vous utilisez le plugin AffiliateRoyale ? Vous pouvez passer \u00e0 Easy Affiliate en un simple clic ! Tous vos param\u00e8tres, affili\u00e9s, transactions, clics, paiements et autres donn\u00e9es seront s\u00e9curis\u00e9s et accessibles depuis Easy Affiliate.<\/p>\n<\/div>\n<\/div><\/div>            <div class=\"third-col\"><div id=\"feature-block_642d7f3d14cfbbad65779c685147cf24\" class=\"feature\">\n\t<div class=\"feature__icon\"><img decoding=\"async\" src=\"https:\/\/easyaffiliate.com\/wp-content\/uploads\/2021\/04\/feature-icon-payment-integration.svg\" alt=\"\"><\/div>\n\t<h2 class=\"feature__title\">Int\u00e9gration parfaite des paiements<\/h2>\n\t<div class=\"feature__text\"><p><span style=\"font-weight: 400;\">L'int\u00e9gration des paiements d'Easy Affiliate porte la commodit\u00e9 \u00e0 un nouveau niveau. Vous pouvez configurer Easy Affiliate pour suivre les paiements initiaux et r\u00e9currents provenant de MemberPress, WooCommerce et Easy Digital Downloads.<\/span><\/p>\n<\/div>\n<\/div><div id=\"feature-block_642d7f3d14cfbbad65779c685147cf24\" class=\"feature\">\n\t<div class=\"feature__icon\"><img decoding=\"async\" src=\"https:\/\/easyaffiliate.com\/wp-content\/uploads\/2021\/04\/feature-icon-commissions-tracking.svg\" alt=\"\"><\/div>\n\t<h2 class=\"feature__title\">Suivi des commissions<\/h2>\n\t<div class=\"feature__text\"><p><span style=\"font-weight: 400;\">Le suivi des commissions est au c\u0153ur de tout programme d'affiliation solide, et Easy Affiliate ne d\u00e9\u00e7oit pas. Il vous permet de d\u00e9finir votre taux de commission et de le personnaliser par utilisateur. Il va plus loin que tout autre plugin d'affiliation sur le march\u00e9 en vous permettant de d\u00e9finir plusieurs niveaux de commission et en vous donnant un contr\u00f4le total gr\u00e2ce \u00e0 des r\u00e8gles d'annulation de la commission d'affiliation efficaces et personnalisables.<\/span><\/p>\n<\/div>\n<\/div><div id=\"feature-block_642d7f3d14cfbbad65779c685147cf24\" class=\"feature\">\n\t<div class=\"feature__icon\"><img decoding=\"async\" src=\"https:\/\/easyaffiliate.com\/wp-content\/uploads\/2021\/04\/feature-icon-creatives.svg\" alt=\"\"><\/div>\n\t<h2 class=\"feature__title\">Gestion cr\u00e9ative compl\u00e8te<\/h2>\n\t<div class=\"feature__text\"><p><span style=\"font-weight: 400;\">Vous voulez que vos affili\u00e9s repr\u00e9sentent votre marque de la meilleure fa\u00e7on possible. Easy Affiliate comprend une plateforme compl\u00e8te pour g\u00e9rer les liens et les banni\u00e8res et les fournir \u00e0 vos affili\u00e9s, afin que vous sachiez que leur marketing est toujours au point.<\/span><\/p>\n<\/div>\n<\/div><div id=\"feature-block_642d7f3d14cfbbad65779c685147cf24\" class=\"feature\">\n\t<div class=\"feature__icon\"><img decoding=\"async\" src=\"https:\/\/easyaffiliate.com\/wp-content\/uploads\/2021\/04\/feature-icon-email-marketing.svg\" alt=\"\"><\/div>\n\t<h2 class=\"feature__title\">Marketing intuitif par courrier \u00e9lectronique<\/h2>\n\t<div class=\"feature__text\"><p><span style=\"font-weight: 400;\">Garder le contact avec vos affili\u00e9s est la cl\u00e9 d'un programme r\u00e9ussi. C'est pourquoi Easy Affiliate s'int\u00e8gre parfaitement aux principaux services de marketing par e-mail tels que MailChimp, ActiveCampaign et ConvertKit.<\/span><\/p>\n<\/div>\n<\/div><div id=\"feature-block_642d7f3d14cfbbad65779c685147cf24\" class=\"feature\">\n\t<div class=\"feature__icon\"><img decoding=\"async\" src=\"https:\/\/easyaffiliate.com\/wp-content\/uploads\/2023\/10\/features-icon-dev-tools.svg\" alt=\"\"><\/div>\n\t<h2 class=\"feature__title\">Automatiser avec les outils de d\u00e9veloppement<\/h2>\n\t<div class=\"feature__text\"><p>Maximisez votre efficacit\u00e9 et la satisfaction de vos clients avec le module compl\u00e9mentaire Developer Tools. Avec une API REST compl\u00e8te et des webhooks complexes, vous pouvez vous int\u00e9grer de mani\u00e8re transparente \u00e0 vos plateformes pr\u00e9f\u00e9r\u00e9es et tout mettre en pilote automatique, de l'inscription des affili\u00e9s au suivi des commissions. Pr\u00e9parez-vous \u00e0 donner un coup de fouet \u00e0 votre marketing d'affiliation !<\/p>\n<\/div>\n<\/div><\/div>        <\/div>\n    <\/div>","protected":false},"excerpt":{"rendered":"","protected":false},"author":2,"featured_media":0,"parent":0,"menu_order":0,"comment_status":"closed","ping_status":"closed","template":"template-features-page.php","meta":{"_acf_changed":false,"om_disable_all_campaigns":false,"_strive_editorial_status":"not-started","_strive_copy_of":0,"inline_featured_image":false,"_monsterinsights_skip_tracking":false,"_monsterinsights_sitenote_active":false,"_monsterinsights_sitenote_note":"","_monsterinsights_sitenote_category":0,"_genesis_hide_title":false,"_genesis_hide_breadcrumbs":false,"_genesis_hide_singular_image":false,"_genesis_hide_footer_widgets":false,"_genesis_custom_body_class":"","_genesis_custom_post_class":"","_genesis_layout":"","footnotes":""},"class_list":{"0":"post-5434","1":"page","2":"type-page","3":"status-publish","5":"entry"},"acf":[],"aioseo_notices":[],"_links":{"self":[{"href":"https:\/\/easyaffiliate.com\/fr\/wp-json\/wp\/v2\/pages\/5434","targetHints":{"allow":["GET"]}}],"collection":[{"href":"https:\/\/easyaffiliate.com\/fr\/wp-json\/wp\/v2\/pages"}],"about":[{"href":"https:\/\/easyaffiliate.com\/fr\/wp-json\/wp\/v2\/types\/page"}],"author":[{"embeddable":true,"href":"https:\/\/easyaffiliate.com\/fr\/wp-json\/wp\/v2\/users\/2"}],"replies":[{"embeddable":true,"href":"https:\/\/easyaffiliate.com\/fr\/wp-json\/wp\/v2\/comments?post=5434"}],"version-history":[{"count":0,"href":"https:\/\/easyaffiliate.com\/fr\/wp-json\/wp\/v2\/pages\/5434\/revisions"}],"wp:attachment":[{"href":"https:\/\/easyaffiliate.com\/fr\/wp-json\/wp\/v2\/media?parent=5434"}],"curies":[{"name":"wp","href":"https:\/\/api.w.org\/{rel}","templated":true}]}}