{"id":5844,"date":"2021-04-16T11:20:56","date_gmt":"2021-04-16T11:20:56","guid":{"rendered":"https:\/\/easyaffiliate.com\/?page_id=5844"},"modified":"2025-09-24T04:36:36","modified_gmt":"2025-09-24T08:36:36","slug":"change-log","status":"publish","type":"page","link":"https:\/\/easyaffiliate.com\/fr\/change-log\/","title":{"rendered":"Journal des modifications"},"content":{"rendered":"<h2 class=\"wp-block-heading\" id=\"1.4.0\"><a href=\"#1.4.0\" title=\"\">1.4.0<\/a> \u2013 09\/11\/2025<\/h2>\n\n\n\n<ul class=\"wp-block-list\">\n<li>Correction d'un conflit avec Yoast SEO qui provoquait une erreur lors de la soumission d'une demande d'affiliation.<\/li>\n<li>Correction d'un avertissement PHP pouvant survenir lors de la cr\u00e9ation d'un Cron<\/li>\n<li>Correction de deux avis de d\u00e9pr\u00e9ciation de PHP li\u00e9s aux applications d'affiliation<\/li>\n<\/ul>\n\n\n\n<h2 class=\"wp-block-heading\" id=\"1.3.18\"><a href=\"#1.3.18\" title=\"\">1.3.18<\/a> \u2013 20\/05\/2025<\/h2>\n\n\n\n<ul class=\"wp-block-list\">\n<li>Am\u00e9lioration du syst\u00e8me de notifications In-Plugin<\/li>\n<\/ul>\n\n\n\n<h2 class=\"wp-block-heading\" id=\"1.3.17\"><a href=\"#1.3.17\" title=\"\">1.3.17<\/a> \u2013 03\/03\/2025<\/h2>\n\n\n\n<ul class=\"wp-block-list\">\n<li>Am\u00e9lioration des performances de la requ\u00eate Pay Affiliates<\/li>\n\n\n\n<li>Mise \u00e0 jour de la biblioth\u00e8que Moment vers la derni\u00e8re version<\/li>\n<\/ul>\n\n\n\n<h2 class=\"wp-block-heading\" id=\"1.3.16\"><a href=\"#1.3.16\" title=\"\">1.3.16<\/a> \u2013 18\/12\/2024<\/h2>\n\n\n\n<ul class=\"wp-block-list\">\n<li>Corrections de bugs mineurs<\/li>\n<\/ul>\n\n\n\n<h2 class=\"wp-block-heading\" id=\"1.3.15\"><a href=\"#1.3.15\" title=\"\">1.3.15<\/a> \u2013 28\/11\/2024<\/h2>\n\n\n\n<ul class=\"wp-block-list\">\n<li>Kit de rebranding<\/li>\n<\/ul>\n\n\n\n<h2 class=\"wp-block-heading\" id=\"1.3.14\"><a href=\"#1.3.14\" title=\"\">1.3.14<\/a> \u2013 27\/11\/2024<\/h2>\n\n\n\n<ul class=\"wp-block-list\">\n<li>Correction de l'int\u00e9gration de Loco Translate<\/li>\n\n\n\n<li>Corrections pour les traductions avec WP 6.7<\/li>\n<\/ul>\n\n\n\n<h2 class=\"wp-block-heading\" id=\"1.3.12\"><a href=\"#1.3.12\" title=\"\">1.3.12<\/a> \u2013 26\/11\/2024<\/h2>\n\n\n\n<ul class=\"wp-block-list\">\n<li>Nouvelle bo\u00eete de notifications int\u00e9gr\u00e9e au plugin<\/li>\n\n\n\n<li>Corriger les traductions qui ne fonctionnent pas apr\u00e8s WP 6.7<\/li>\n<\/ul>\n\n\n\n<h2 class=\"wp-block-heading\" id=\"1.3.11\"><a href=\"#1.3.11\" title=\"\">1.3.11<\/a> \u2013 11\/06\/2024<\/h2>\n\n\n\n<ul class=\"wp-block-list\">\n<li>Ajout de crochets pour masquer et\/ou ne pas exiger le champ Email PayPal lors de l'inscription.<\/li>\n\n\n\n<li>Correction d'un avertissement PHP li\u00e9 \u00e0 la fonctionnalit\u00e9 des param\u00e8tres UTM<\/li>\n\n\n\n<li>Correction d'une situation rare dans laquelle l'option \"Afficher les r\u00e9f\u00e9rences\" du module compl\u00e9mentaire \"Niveaux de commissions\" pouvait afficher tous les affili\u00e9s du site.<\/li>\n<\/ul>\n\n\n\n<h2 class=\"wp-block-heading\" id=\"1.3.10\"><a href=\"#1.3.10\" title=\"\">1.3.10<\/a> \u2013 06\/12\/2024<\/h2>\n\n\n\n<ul class=\"wp-block-list\">\n<li>Ajout d'une fonctionnalit\u00e9 permettant d'associer un affili\u00e9 \u00e0 un coupon WooCommerce, afin d'attribuer des commissions bas\u00e9es sur l'utilisation du coupon.<\/li>\n\n\n\n<li>Correction d'un probl\u00e8me o\u00f9 il n'\u00e9tait pas possible de payer les affili\u00e9s si tous les clics de cette p\u00e9riode \u00e9taient supprim\u00e9s.<\/li>\n\n\n\n<li>Correction d'un probl\u00e8me o\u00f9 TranslatePress provoquait la d\u00e9sactivation de la licence du plugin<\/li>\n\n\n\n<li>Am\u00e9lioration des performances de la requ\u00eate sur les \u00e9v\u00e9nements inactifs des affili\u00e9s<\/li>\n<\/ul>\n\n\n\n<h2 class=\"wp-block-heading\" id=\"1.3.9\"><a href=\"#1.3.9\" title=\"\">1.3.9<\/a> \u2013 30\/04\/2024<\/h2>\n\n\n\n<ul class=\"wp-block-list\">\n<li>Corriger une erreur fatale sur PHP 8.2 avec WooCommerce<\/li>\n\n\n\n<li>Ajout de la prise en charge des conditions de correspondance des montants de vente mensuels pour le module compl\u00e9mentaire des r\u00e8gles de commission.<\/li>\n\n\n\n<li>Mise en place d'une connexion automatique lors de l'inscription si les informations d'identification du compte sont correctes<\/li>\n\n\n\n<li>Augmenter les exigences de PHP \u00e0 PHP 7.4+.<\/li>\n<\/ul>\n\n\n\n<h2 class=\"wp-block-heading\" id=\"1.3.8\"><a href=\"#1.3.8\" title=\"\">1.3.8<\/a> \u2013 28\/03\/2024<\/h2>\n\n\n\n<ul class=\"wp-block-list\">\n<li>Les affili\u00e9s seront d\u00e9sormais consid\u00e9r\u00e9s comme \"actifs\" s'ils ont enregistr\u00e9 un clic ou une commission au cours des 30 derniers jours, au lieu d'un simple clic.<\/li>\n<\/ul>\n\n\n\n<h2 class=\"wp-block-heading\" id=\"1.3.7\"><a href=\"#1.3.7\" title=\"\">1.3.7<\/a> \u2013 19\/03\/2024<\/h2>\n\n\n\n<ul class=\"wp-block-list\">\n<li>Am\u00e9lioration du migrateur AffiliateWP lors de la migration de grandes quantit\u00e9s de donn\u00e9es<\/li>\n\n\n\n<li>Ajouter la monnaie et le symbole du sol p\u00e9ruvien<\/li>\n\n\n\n<li>Ajouter un filtre sur les cr\u00e9atifs du tableau de bord de l'affili\u00e9<\/li>\n\n\n\n<li>Correction d'un clic enregistr\u00e9 lors de l'ajout d'un lien personnalis\u00e9 avec PrettyLinks install\u00e9<\/li>\n\n\n\n<li>Correction d'une erreur fatale dans les versions de PHP inf\u00e9rieures \u00e0 7.4<\/li>\n<\/ul>\n\n\n\n<h2 class=\"wp-block-heading\" id=\"1.3.6\"><a href=\"#1.3.6\" title=\"\">1.3.6<\/a> \u2013 16\/01\/2024<\/h2>\n\n\n\n<ul class=\"wp-block-list\">\n<li>Ajouter l'\u00e9l\u00e9ment de menu Growth Tools pour trouver des produits compl\u00e9mentaires<\/li>\n\n\n\n<li>Corrections de la compatibilit\u00e9 avec PHP 8<\/li>\n<\/ul>\n\n\n\n<h2 class=\"wp-block-heading\" id=\"1.3.5\"><a href=\"#1.3.5\" title=\"\">1.3.5<\/a> \u2013 14\/11\/2023<\/h2>\n\n\n\n<ul class=\"wp-block-list\">\n<li>Compatibilit\u00e9 WP 6.4<\/li>\n<\/ul>\n\n\n\n<h2 class=\"wp-block-heading\" id=\"1.3.4\"><a href=\"#1.3.4\" rel=\"nofollow\" title=\"#1.3.4\"> 1.3.1 \u2013 1.3.4 <\/a> \u2013 11\/08\/2023<\/h2>\n\n\n\n<ul class=\"wp-block-list\">\n<li>Ajout d'un employ\u00e9 charg\u00e9 de traiter les \u00e9v\u00e9nements pour le module compl\u00e9mentaire Developer Tools<\/li>\n<\/ul>\n\n\n\n<h2 class=\"wp-block-heading\" id=\"1.3.0\"><a href=\"#1.3.0\" rel=\"nofollow\" title=\"#1.3.0\"> 1.3.0 <\/a> \u2013 10\/06\/2023<\/h2>\n\n\n\n<ul class=\"wp-block-list\">\n<li>Ajouter l'int\u00e9gration de MemberMouse<\/li>\n\n\n\n<li>Ajouter l'int\u00e9gration des membres de la liste de souhaits<\/li>\n\n\n\n<li>Correction des avertissements concernant les propri\u00e9t\u00e9s dynamiques en PHP 8.2<\/li>\n<\/ul>\n\n\n\n<h2 class=\"wp-block-heading\" id=\"1.2.14\"><a href=\"#1.2.14\" rel=\"nofollow\" title=\"#1.2.14\"> 1.2.14 <\/a> \u2013 14\/09\/2023<\/h2>\n\n\n\n<ul class=\"wp-block-list\">\n<li>\u00c9viter l'affichage d'une balise vide dans les notifications<\/li>\n\n\n\n<li>Correction des notifications programm\u00e9es dans le plugin<\/li>\n<\/ul>\n\n\n\n<h2 class=\"wp-block-heading\" id=\"1.2.13\"><a title=\"#1.2.13\" href=\"#1.2.13\" rel=\"nofollow\"> 1.2.13 <\/a> \u2013 21\/08\/2023<\/h2>\n\n\n\n<ul class=\"wp-block-list\">\n<li>Ajout de la prise en charge du module compl\u00e9mentaire Developer Tools<\/li>\n\n\n\n<li>Ajouter une barre oblique \u00e0 l'URL d'affiliation par d\u00e9faut<\/li>\n<\/ul>\n\n\n\n<h2 class=\"wp-block-heading\" id=\"1.2.12\"><a title=\"#1.2.12\" href=\"#1.2.12\" rel=\"nofollow\"> 1.2.12 <\/a> \u2013 08\/02\/2023<\/h2>\n\n\n\n<ul class=\"wp-block-list\">\n<li>Ajouter un champ \u00e0 la page Modifier la demande d'affiliation pour permettre de modifier l'affili\u00e9 associ\u00e9 \u00e0 une demande.<\/li>\n\n\n\n<li>Ajouter des actions Corbeille\/Restauration\/Suppression aux lignes individuelles de l'application d'affiliation<\/li>\n\n\n\n<li>Ajouter une infobulle descriptive \u00e0 l'\u00e9tiquette \"Gains par clic\" sur le tableau de bord de l'affili\u00e9<\/li>\n\n\n\n<li>Correction d'un probl\u00e8me o\u00f9 les utilisateurs connect\u00e9s ne pouvaient pas s'inscrire s'ils avaient d\u00e9pos\u00e9 une demande apr\u00e8s s'\u00eatre d\u00e9connect\u00e9s.<\/li>\n\n\n\n<li>Corriger les liens vers les pages Dashboard et Signup \u00e0 la derni\u00e8re \u00e9tape de l'assistant d'onboarding.<\/li>\n<\/ul>\n\n\n\n<h2 class=\"wp-block-heading\" id=\"1.2.11\"><a title=\"#1.2.11\" href=\"#1.2.11\" rel=\"nofollow\"> 1.2.11 <\/a> \u2013 25\/07\/2023<\/h2>\n\n\n\n<ul class=\"wp-block-list\">\n<li>Ajouter la compatibilit\u00e9 avec Elementor<\/li>\n\n\n\n<li>Ajout d'un crochet de filtrage de l'URL de redirection de la d\u00e9connexion<\/li>\n\n\n\n<li>Ajout de crochets de filtrage pour les URL de connexion et d'inscription<\/li>\n\n\n\n<li>Ajouter un filtre \u00e0 l'URL de retour du tableau de bord Pro<\/li>\n\n\n\n<li>Ajouter le v\u00e9rificateur de liens ConvertKit \u00e0 la liste des robots connus<\/li>\n\n\n\n<li>Utiliser les capacit\u00e9s au lieu des r\u00f4les pour l'acc\u00e8s \u00e0 l'administration du plugin<\/li>\n\n\n\n<li>Correction de l'int\u00e9gration de reCAPTCHA<\/li>\n\n\n\n<li>Correction de l'avis de d\u00e9pr\u00e9ciation lorsque le r\u00e9sultat de la table est nul<\/li>\n\n\n\n<li>Correction du probl\u00e8me de suivi des commissions d'administration<\/li>\n\n\n\n<li>Correction du suivi des commissions dans WPForms 1.8.2+.<\/li>\n<\/ul>\n\n\n\n<h2 class=\"wp-block-heading\" id=\"1.2.10\"><a title=\"#1.2.10\" href=\"#1.2.10\" rel=\"nofollow\"> 1.2.10 <\/a> \u2013 15\/02\/2023<\/h2>\n\n\n\n<ul class=\"wp-block-list\">\n<li>Ajouter le symbole mon\u00e9taire roumain \"lei<\/li>\n\n\n\n<li>Compatibilit\u00e9 avec le param\u00e8tre NO_AUTO_VALUE_ON_ZERO de MySQL<\/li>\n\n\n\n<li>Ajouter une classe unique aux lignes de liens de texte et aux \u00e9l\u00e9ments de la grille de banni\u00e8res<\/li>\n\n\n\n<li>Correction du suivi des coupons d'affiliation lorsqu'un cookie d'affiliation est \u00e9galement pr\u00e9sent<\/li>\n\n\n\n<li>Correction du suivi des clics si l'URL de l'affili\u00e9 est prot\u00e9g\u00e9e par une r\u00e8gle de MemberPress<\/li>\n\n\n\n<li>Correction du chargement des scripts d'administration sur toutes les pages d'administration<\/li>\n\n\n\n<li>Correction du suivi des noms d'utilisateur num\u00e9riques<\/li>\n<\/ul>\n\n\n\n<h2 class=\"wp-block-heading\" id=\"1.2.9\"><a title=\"#1.2.9\" href=\"#1.2.9\" rel=\"nofollow\"> 1.2.9 <\/a> \u2013 29\/08\/2022<\/h2>\n\n\n\n<ul class=\"wp-block-list\">\n<li>Corriger le suivi des commissions avec les paiements uniques de MemberPress<\/li>\n<\/ul>\n\n\n\n<h2 class=\"wp-block-heading\" id=\"1.2.8\"><a title=\"#1.2.8\" href=\"#1.2.8\" rel=\"nofollow\"> 1.2.8 <\/a> \u2013 08\/12\/2022<\/h2>\n\n\n\n<ul class=\"wp-block-list\">\n<li>Correction des calculs de paiement PayPal<\/li>\n\n\n\n<li>Supprimer le lien Alexa domain stats<\/li>\n<\/ul>\n\n\n\n<h2 class=\"wp-block-heading\" id=\"1.2.7\"><a title=\"#1.2.7\" href=\"#1.2.7\" rel=\"nofollow\"> 1.2.7 <\/a> \u2013 15\/07\/2022<\/h2>\n\n\n\n<ul class=\"wp-block-list\">\n<li>Correction d'une erreur fatale lors de la v\u00e9rification des mises \u00e0 jour des plugins<\/li>\n<\/ul>\n\n\n\n<h2 class=\"wp-block-heading\" id=\"1.2.6\"><a title=\"#1.2.6\" href=\"#1.2.6\" rel=\"nofollow\"> 1.2.6 <\/a> \u2013 15\/07\/2022<\/h2>\n\n\n\n<ul class=\"wp-block-list\">\n<li>Emp\u00eacher les demandes d'affiliation en double avec la m\u00eame adresse \u00e9lectronique<\/li>\n\n\n\n<li>Permettre de se connecter avec une adresse \u00e9lectronique comme nom d'utilisateur<\/li>\n<\/ul>\n\n\n\n<h2 class=\"wp-block-heading\" id=\"1.2.5\"><a title=\"#1.2.5\" href=\"#1.2.5\" rel=\"nofollow\"> 1.2.5 <\/a> \u2013 16\/05\/2022<\/h2>\n\n\n\n<ul class=\"wp-block-list\">\n<li>Correction du suivi des remboursements de WooCommerce<\/li>\n\n\n\n<li>Correction d'un avertissement PHP sur le tableau de bord des affili\u00e9s<\/li>\n\n\n\n<li>Correction de l'\u00e9crasement du r\u00e9f\u00e9rent de l'affili\u00e9 lors d'un achat EDD<\/li>\n\n\n\n<li>Les commissions r\u00e9currentes sont d\u00e9sormais attribu\u00e9es par d\u00e9faut au r\u00e9f\u00e9rent du client.<\/li>\n<\/ul>\n\n\n\n<h2 class=\"wp-block-heading\" id=\"1.2.4\"><a title=\"#1.2.4\" href=\"#1.2.4\" rel=\"nofollow\"> 1.2.4 <\/a> \u2013 14\/01\/2022<\/h2>\n\n\n\n<ul class=\"wp-block-list\">\n<li>Ajout d'un support pour le module compl\u00e9mentaire Tax Reports<\/li>\n<\/ul>\n\n\n\n<h2 class=\"wp-block-heading\" id=\"1.2.3\"><a title=\"#1.2.3\" href=\"#1.2.3\" rel=\"nofollow\"> 1.2.3 <\/a> \u2013 21\/12\/2021<\/h2>\n\n\n\n<ul class=\"wp-block-list\">\n<li>Ajouter la devise Cedi ghan\u00e9en (GHS)<\/li>\n\n\n\n<li>Ajouter un filtre pour les param\u00e8tres UTM<\/li>\n\n\n\n<li>Ajouter le shortcode esaf_affiliate_id pour r\u00e9cup\u00e9rer l'identifiant de l'affili\u00e9 dans le cookie.<\/li>\n\n\n\n<li>Correction de la recherche d'affili\u00e9s par nom d'utilisateur du r\u00e9f\u00e9rent<\/li>\n\n\n\n<li>Correction des paiements pour les affili\u00e9s dont l'adresse email PayPal n'est pas valide.<\/li>\n\n\n\n<li>Correction des m\u00e9ta-valeurs d'affiliation qui sont d\u00e9finies comme \u00e9tant vides pour les champs qui ne sont pas visibles<\/li>\n<\/ul>\n\n\n\n<h2 class=\"wp-block-heading\" id=\"1.2.2\"><a title=\"#1.2.2\" href=\"#1.2.2\" rel=\"nofollow\"> 1.2.2 <\/a> \u2013 15\/11\/2021<\/h2>\n\n\n\n<ul class=\"wp-block-list\">\n<li>Correction du suivi des commissions lors de l'utilisation de la caisse WooCommerce Blocks<\/li>\n<\/ul>\n\n\n\n<h2 class=\"wp-block-heading\" id=\"1.2.1\"><a title=\"#1.2.1\" href=\"#1.2.1\" rel=\"nofollow\"> 1.2.1 <\/a> \u2013 13\/11\/2021<\/h2>\n\n\n\n<ul class=\"wp-block-list\">\n<li>Ajouter l'option Showcase URL<\/li>\n<\/ul>\n\n\n\n<h2 class=\"wp-block-heading\" id=\"1.2.0\"><a title=\"#1.2.0\" href=\"#1.2.0\" rel=\"nofollow\"> 1.2.0 <\/a> \u2013 29\/09\/2021<\/h2>\n\n\n\n<ul class=\"wp-block-list\">\n<li>Ajout d'une option permettant d'activer le suivi UTM automatique sur les liens d'affiliation<\/li>\n<\/ul>\n\n\n\n<h2 class=\"wp-block-heading\" id=\"1.1.2\"><a title=\"#1.1.2\" href=\"#1.1.2\" rel=\"nofollow\"> 1.1.2 <\/a> \u2013 16\/09\/2021<\/h2>\n\n\n\n<ul class=\"wp-block-list\">\n<li>Correction de la duplication des commissions enregistr\u00e9es pour les paiements uniques (MemberPress PayPal)<\/li>\n\n\n\n<li>Correction du montant \"Estimation du prochain paiement\" sur le tableau de bord de l'affili\u00e9<\/li>\n\n\n\n<li>Ajouter un filtre sur les args de l'URL d'affiliation par d\u00e9faut<\/li>\n<\/ul>\n\n\n\n<h2 class=\"wp-block-heading\" id=\"1.1.1\"><a title=\"#1.1.1\" href=\"#1.1.1\" rel=\"nofollow\"> 1.1.1 <\/a> \u2013 26\/08\/2021<\/h2>\n\n\n\n<ul class=\"wp-block-list\">\n<li>Correction du suivi des commissions pour les abonnements apr\u00e8s avoir migr\u00e9 depuis AffiliateWP<\/li>\n\n\n\n<li>Correction des transactions de MemberPress qui ne sont pas migr\u00e9es depuis AffiliateWP<\/li>\n\n\n\n<li>Correction de la migration des r\u00e9f\u00e9rences rejet\u00e9es depuis AffiliateWP<\/li>\n\n\n\n<li>Correction d'un probl\u00e8me de migration des commissions depuis AffiliateWP<\/li>\n\n\n\n<li>Correction des images de banni\u00e8res qui d\u00e9bordent du popup dans le tableau de bord des affili\u00e9s<\/li>\n\n\n\n<li>Correction de l'exportation d'un tableau au format CSV qui n'utilise pas la valeur \"par page\".<\/li>\n\n\n\n<li>Corriger les liens vers les statistiques d'affiliation sur la page Payer les affili\u00e9s<\/li>\n\n\n\n<li>Corriger le probl\u00e8me de suivi des clics avec Thrive Architect<\/li>\n<\/ul>\n\n\n\n<h2 class=\"wp-block-heading\" id=\"1.1.0\"><a title=\"#1.1.0\" href=\"#1.1.0\" rel=\"nofollow\"> 1.1.0 <\/a> \u2013 16\/08\/2021<\/h2>\n\n\n\n<ul class=\"wp-block-list\">\n<li>Ajouter l'int\u00e9gration de WPForms<\/li>\n\n\n\n<li>Ajouter l'int\u00e9gration de Formidable Forms<\/li>\n<\/ul>\n\n\n\n<h2 class=\"wp-block-heading\" id=\"1.0.7\"><a title=\"#1.0.7\" href=\"#1.0.7\" rel=\"nofollow\"> 1.0.7 <\/a> \u2013 22\/07\/2021<\/h2>\n\n\n\n<ul class=\"wp-block-list\">\n<li>Ajouter le taux de commission des affili\u00e9s aux statistiques du tableau de bord<\/li>\n\n\n\n<li>Ajouter une action pour renvoyer l'email d'approbation de la demande d'affiliation<\/li>\n\n\n\n<li>Ajouter une option pour se d\u00e9sinscrire des notifications de vente<\/li>\n\n\n\n<li>Ajouter des crochets de filtrage pour rendre les champs de l'application d'affiliation site web\/strat\u00e9gie non obligatoires.<\/li>\n\n\n\n<li>Correction du tri des colonnes MTD\/YTD dans le tableau de la liste administrative des affili\u00e9s<\/li>\n\n\n\n<li>Correction de l'impossibilit\u00e9 pour les administrateurs de voir\/modifier leurs propres param\u00e8tres d'affiliation<\/li>\n\n\n\n<li>Correction de l'impossibilit\u00e9 pour les administrateurs d'acc\u00e9der au tableau de bord des affili\u00e9s sans s'inscrire.<\/li>\n\n\n\n<li>Correction du champ de saisie de la pagination de la table de la liste d'administration<\/li>\n<\/ul>\n\n\n\n<h2 class=\"wp-block-heading\" id=\"1.0.6\"><a title=\"#1.0.6\" href=\"#1.0.6\" rel=\"nofollow\"> 1.0.6 <\/a> \u2013 07\/07\/2021<\/h2>\n\n\n\n<ul class=\"wp-block-list\">\n<li>Ajouter la migration en 1 clic depuis AffiliateWP<\/li>\n\n\n\n<li>Correction des e-mails de bienvenue en double lorsque l'option \"Ajout automatique d'affili\u00e9s\" est activ\u00e9e.<\/li>\n\n\n\n<li>Correction des remboursements automatiques dans l'int\u00e9gration de MemberPress<\/li>\n\n\n\n<li>Correction du suivi des commissions de MemberPress pour les paiements hors ligne effectu\u00e9s manuellement<\/li>\n\n\n\n<li>Correction d'une erreur fatale lors de la modification d'un lien personnalis\u00e9<\/li>\n\n\n\n<li>Corriger l'alignement du contenu des e-mails sur les sites RTL<\/li>\n<\/ul>\n\n\n\n<h2 class=\"wp-block-heading\" id=\"1.0.5\"><a title=\"#1.0.5\" href=\"#1.0.5\" rel=\"nofollow\"> 1.0.5 <\/a> \u2013 06\/09\/2021<\/h2>\n\n\n\n<ul class=\"wp-block-list\">\n<li>Correction d'une erreur de requ\u00eate lors de la cr\u00e9ation de la table des paiements<\/li>\n<\/ul>\n\n\n\n<h2 class=\"wp-block-heading\" id=\"1.0.4\"><a title=\"#1.0.4\" href=\"#1.0.4\" rel=\"nofollow\"> 1.0.4 <\/a> \u2013 06\/01\/2021<\/h2>\n\n\n\n<ul class=\"wp-block-list\">\n<li>Ajouter la prise en charge des abonnements WooCommerce<\/li>\n\n\n\n<li>Ajouter l'adresse \u00e9lectronique de l'utilisateur \u00e0 l'en-t\u00eate Reply-To de l'e-mail de la demande d'affiliation.<\/li>\n\n\n\n<li>Ajouter la validation de l'URL au champ des sites web de promotion dans le formulaire de demande d'affiliation<\/li>\n\n\n\n<li>Ajout de liens d'aide \u00e0 l'\u00e9cran Modifier la demande pour aider les administrateurs \u00e0 v\u00e9rifier les sites web soumis.<\/li>\n\n\n\n<li>Ajouter un champ \"m\u00e9dias sociaux\" au formulaire de demande d'affiliation<\/li>\n\n\n\n<li>Ajouter l'adresse e-mail PayPal de l'affili\u00e9 au fichier CSV des paiements.<\/li>\n\n\n\n<li>Ajouter le champ de l'adresse e-mail PayPal de l'affili\u00e9 \u00e0 l'\u00e9cran Modifier l'utilisateur.<\/li>\n\n\n\n<li>Ajout de la prise en charge des symboles mon\u00e9taires apr\u00e8s le montant<\/li>\n\n\n\n<li>Am\u00e9liorer les performances des requ\u00eates de recherche dans le tableau des listes<\/li>\n\n\n\n<li>Correction du suivi des clics et des ventes pour les affili\u00e9s bloqu\u00e9s<\/li>\n\n\n\n<li>Correction des calculs de commission de WooCommerce qui n'incluent pas le montant de la taxe<\/li>\n\n\n\n<li>Correction des champs d'adresse et d'identification fiscale qui ne s'affichent pas sur l'\u00e9cran Modifier l'utilisateur<\/li>\n<\/ul>\n\n\n\n<h2 class=\"wp-block-heading\" id=\"1.0.3\"><a title=\"#1.0.3\" href=\"#1.0.3\" rel=\"nofollow\"> 1.0.3 <\/a> \u2013 18\/05\/2021<\/h2>\n\n\n\n<ul class=\"wp-block-list\">\n<li>Correction de la pr\u00e9sentation du tableau de bord des affili\u00e9s sur les appareils mobiles<\/li>\n\n\n\n<li>Correction Les paiements hors ligne ne fonctionnent pas lorsque l'affili\u00e9 n'a pas d'adresse email PayPal.<\/li>\n\n\n\n<li>Correction de l'impossibilit\u00e9 de s'inscrire en tant qu'utilisateur connect\u00e9 sans nom ni pr\u00e9nom.<\/li>\n<\/ul>\n\n\n\n<h2 class=\"wp-block-heading\" id=\"1.0.2\"><a title=\"#1.0.2\" href=\"#1.0.2\" rel=\"nofollow\"> 1.0.2 <\/a> \u2013 13\/05\/2021<\/h2>\n\n\n\n<ul class=\"wp-block-list\">\n<li>Remplacer les anciens shortcodes wafp_* par de nouveaux shortcodes esaf_*<\/li>\n\n\n\n<li>Ajouter la prise en charge de reCaptcha par BestWebSoft<\/li>\n\n\n\n<li>Ajouter la prise en charge de Loco Translate<\/li>\n\n\n\n<li>Toujours afficher \"mon lien d'affili\u00e9\" sur la page du tableau de bord de l'affili\u00e9<\/li>\n\n\n\n<li>R\u00e9soudre les conflits avec le th\u00e8me Divi<\/li>\n\n\n\n<li>Diverses corrections pour am\u00e9liorer les conflits et l'apparence de l'interface utilisateur du tableau de bord de l'affili\u00e9<\/li>\n\n\n\n<li>Correction d'une erreur fatale sur les anciennes installations de WP<\/li>\n\n\n\n<li>Corriger l'erreur de r\u00e9initialisation du mot de passe : incompatibilit\u00e9 des variables<\/li>\n\n\n\n<li>Correction du g\u00e9n\u00e9rateur de liens personnalis\u00e9s qui ne fonctionne pas si aucun \u00e9l\u00e9ment cr\u00e9atif n'a encore \u00e9t\u00e9 d\u00e9fini<\/li>\n<\/ul>\n\n\n\n<h2 class=\"wp-block-heading\" id=\"1.0.1\"><a title=\"#1.0.1\" href=\"#1.0.1\" rel=\"nofollow\"> 1.0.1 <\/a><\/h2>\n\n\n\n<ul class=\"wp-block-list\">\n<li>Pas de changement<\/li>\n<\/ul>\n\n\n\n<h2 class=\"wp-block-heading\" id=\"1.0.0\"><a title=\"#1.0.0\" href=\"#1.0.0\" rel=\"nofollow\"> 1.0.0 <\/a><\/h2>\n\n\n\n<ul class=\"wp-block-list\">\n<li>Version initiale<\/li>\n<\/ul>","protected":false},"excerpt":{"rendered":"<p>1.4.0 &#8211; 09\/11\/2025 1.3.18 &#8211; 05\/20\/2025 1.3.17 &#8211; 03\/03\/2025 1.3.16 &#8211; 12\/18\/2024 1.3.15 &#8211; 11\/28\/2024 1.3.14 &#8211; 11\/27\/2024 1.3.12 &#8211; 11\/26\/2024 1.3.11 &#8211; 11\/06\/2024 1.3.10 &#8211; 06\/12\/2024 1.3.9 &#8211; 04\/30\/2024 1.3.8 &#8211; 03\/28\/2024 1.3.7 &#8211; 03\/19\/2024 1.3.6 &#8211; 01\/16\/2024 1.3.5 &#8211; 11\/14\/2023 1.3.1 &#8211; 1.3.4 &#8211; 11\/08\/2023 1.3.0 &#8211; 10\/06\/2023 1.2.14 &#8211; 09\/14\/2023 1.2.13 &#8211; [&hellip;]<\/p>\n","protected":false},"author":2028,"featured_media":0,"parent":0,"menu_order":0,"comment_status":"closed","ping_status":"closed","template":"","meta":{"_acf_changed":false,"om_disable_all_campaigns":false,"_strive_editorial_status":"not-started","_strive_copy_of":0,"inline_featured_image":false,"_monsterinsights_skip_tracking":false,"_monsterinsights_sitenote_active":false,"_monsterinsights_sitenote_note":"","_monsterinsights_sitenote_category":0,"_genesis_hide_title":false,"_genesis_hide_breadcrumbs":false,"_genesis_hide_singular_image":false,"_genesis_hide_footer_widgets":false,"_genesis_custom_body_class":"","_genesis_custom_post_class":"","_genesis_layout":"","footnotes":""},"class_list":{"0":"post-5844","1":"page","2":"type-page","3":"status-publish","5":"entry"},"acf":[],"aioseo_notices":[],"_links":{"self":[{"href":"https:\/\/easyaffiliate.com\/fr\/wp-json\/wp\/v2\/pages\/5844","targetHints":{"allow":["GET"]}}],"collection":[{"href":"https:\/\/easyaffiliate.com\/fr\/wp-json\/wp\/v2\/pages"}],"about":[{"href":"https:\/\/easyaffiliate.com\/fr\/wp-json\/wp\/v2\/types\/page"}],"author":[{"embeddable":true,"href":"https:\/\/easyaffiliate.com\/fr\/wp-json\/wp\/v2\/users\/2028"}],"replies":[{"embeddable":true,"href":"https:\/\/easyaffiliate.com\/fr\/wp-json\/wp\/v2\/comments?post=5844"}],"version-history":[{"count":7,"href":"https:\/\/easyaffiliate.com\/fr\/wp-json\/wp\/v2\/pages\/5844\/revisions"}],"predecessor-version":[{"id":13531,"href":"https:\/\/easyaffiliate.com\/fr\/wp-json\/wp\/v2\/pages\/5844\/revisions\/13531"}],"wp:attachment":[{"href":"https:\/\/easyaffiliate.com\/fr\/wp-json\/wp\/v2\/media?parent=5844"}],"curies":[{"name":"wp","href":"https:\/\/api.w.org\/{rel}","templated":true}]}}