{"id":6074,"date":"2021-04-20T14:13:40","date_gmt":"2021-04-20T14:13:40","guid":{"rendered":"https:\/\/easyaffstage.wpengine.com\/?page_id=6074"},"modified":"2021-04-23T21:29:06","modified_gmt":"2021-04-23T21:29:06","slug":"easy-affiliate-replaces-affiliate-royale","status":"publish","type":"page","link":"https:\/\/easyaffiliate.com\/fr\/easy-affiliate-replaces-affiliate-royale\/","title":{"rendered":"Le tout nouveau Easy Affiliate remplace Affiliate Royale"},"content":{"rendered":"<p>Le tout nouveau plugin de programme d'affiliation <strong>Affiliation facile<\/strong> est le plugin de programme d'affiliation le plus complet, le plus s\u00e9curis\u00e9 et le plus moderne au monde ! Si vous avez appr\u00e9ci\u00e9 l'utilisation d'Affiliate Royale, <strong>Pr\u00e9parez-vous \u00e0 \u00eatre \u00e9poustoufl\u00e9 par Easy Affiliate<\/strong>!<\/p>\n\n\n\n<p>Si vous \u00eates un utilisateur actuel d'Affiliate Royale, vous pouvez <strong>passer au tout nouveau produit Easy Affiliate gratuitement<\/strong> en suivant les instructions ci-dessous. Lorsque vous changez, tous vos param\u00e8tres, affili\u00e9s, transactions, clics, paiements et autres donn\u00e9es seront en s\u00e9curit\u00e9 et vous pourrez y acc\u00e9der \u00e0 partir d'Easy Affiliate.<\/p>\n\n\n\n<h2 class=\"wp-block-heading\"><strong>Ce qui est inclus dans le m\u00e9lange<\/strong><\/h2>\n\n\n\n<ul class=\"wp-block-list\"><li><strong>Processus de demande d'affiliation<\/strong>. Vous pouvez d\u00e9sormais demander aux affili\u00e9s de remplir un formulaire de demande, puis vous pouvez approuver, rejeter ou ignorer la demande.<\/li><li><strong>PayPal 1-Click Payouts<\/strong>. Payez vos affili\u00e9s via PayPal directement depuis le tableau de bord de WordPress.<\/li><li><strong>Tableau de bord pro<\/strong>. Un tableau de bord pleine page de type SaaS pour vos affili\u00e9s<\/li><li><strong>S\u00e9curit\u00e9<\/strong>. Les cookies sont s\u00e9curis\u00e9s par une validation par hachage afin d'\u00e9viter toute falsification, et un module compl\u00e9mentaire de pr\u00e9vention des fraudes permet de d\u00e9tecter et d'emp\u00eacher les clics et les ventes frauduleux.<\/li><li><strong>Commissions pour plusieurs articles du panier<\/strong>. Pour les achats WooCommerce et EDD, Easy Affiliate suivra les commissions sur chaque article du panier plut\u00f4t que sur le total de la commande, ce qui vous permet de d\u00e9finir un niveau de commission personnalis\u00e9 ou de ne pas appliquer de commission sur les produits individuels.<\/li><li><strong>Compl\u00e9ments<\/strong>. Les modules compl\u00e9mentaires suivants peuvent \u00eatre install\u00e9s dans Easy Affiliate &gt; Modules compl\u00e9mentaires (une licence active est n\u00e9cessaire) :<ul><li><strong>Niveaux de la Commission<\/strong>. Support suppl\u00e9mentaire pour l'ajout et la suppression de niveaux de commission (ceci \u00e9tait dans le noyau d'Affiliate Royale - si vous utilisiez plus d'un niveau de commission, vous aurez besoin de ce module compl\u00e9mentaire pour ajouter ou supprimer des niveaux de commission).<\/li><li><strong>R\u00e8gles de la Commission<\/strong>. Permet de d\u00e9finir des r\u00e8gles pour activer des montants de commission diff\u00e9rents selon les produits, les affili\u00e9s, etc.<\/li><li><strong>Pr\u00e9vention de la fraude<\/strong>. D\u00e9tecter et pr\u00e9venir les clics et les ventes frauduleux<\/li><li><strong>Marketing<\/strong>. Les affili\u00e9s seront ajout\u00e9s \u00e0 ces services (s'ils sont install\u00e9s) lorsqu'ils s'inscrivent :<ul><li>Campagne active<\/li><li>ConvertKit<\/li><li>GetResponse<\/li><li>Mailchimp<\/li><\/ul><\/li><\/ul><\/li><\/ul>\n\n\n\n<h2 class=\"wp-block-heading\"><strong>Ce qui est diff\u00e9rent<\/strong><\/h2>\n\n\n\n<p>Les <strong>Int\u00e9gration du syst\u00e8me de marketing AWeber<\/strong> n'est pas inclus dans Easy Affiliate. Nous esp\u00e9rons qu'il sera disponible en tant que module compl\u00e9mentaire dans le courant de l'ann\u00e9e.<\/p>\n\n\n\n<p>Les <strong>soutenu<\/strong> Les int\u00e9grations eCommerce dans Easy Affiliate sont les suivantes :<\/p>\n\n\n\n<ul class=\"wp-block-list\"><li>MemberPress<\/li><li>WooCommerce<\/li><li>T\u00e9l\u00e9chargements num\u00e9riques faciles<\/li><li>PayPal<\/li><\/ul>\n\n\n\n<p>Si vous avez utilis\u00e9 l'une des int\u00e9grations eCommerce suivantes dans Affiliate Royale, sachez qu'elle ne fonctionnera pas dans Easy Affiliate.<\/p>\n\n\n\n<ul class=\"wp-block-list\"><li>Acheter maintenant pour Stripe<\/li><li>Jigoshop<\/li><li>MarketPress<\/li><li>Shopp<\/li><li>Cart66<\/li><li>WP E-Commerce<\/li><li>Authorize.net ARB<\/li><li>Liste de souhaits<\/li><li>DigLabs Stripe Payments<\/li><li>Suivi g\u00e9n\u00e9ral (pixel)<\/li><\/ul>\n\n\n\n<h2 class=\"wp-block-heading\">Comment passer \u00e0 Easy Affiliate<\/h2>\n\n\n\n<p>Connectez-vous \u00e0 votre <a href=\"https:\/\/easyaffiliate.com\/fr\/account\/\">compte easyaffiliate.com<\/a> (en utilisant les m\u00eames identifiants que votre compte affiliateroyale.com), et t\u00e9l\u00e9chargez la derni\u00e8re version du plugin Easy Affiliate. Ensuite, rendez-vous sur <em>Plugins &gt; Ajouter un nouveau<\/em>puis t\u00e9l\u00e9chargez et installez le fichier zip du plugin Easy Affiliate. Apr\u00e8s avoir activ\u00e9 le plugin, vous serez redirig\u00e9 vers l'assistant de configuration pour commencer.<\/p>\n\n\n\n<h2 class=\"wp-block-heading\"><strong>Comment revenir en arri\u00e8re pour l'Affiliate Royale<\/strong><\/h2>\n\n\n\n<p>Nous doutons s\u00e9rieusement que cela se produise, mais si quelque chose se passe mal ou si vous souhaitez revenir \u00e0 Affiliate Royale, la proc\u00e9dure est simple. Il vous suffit de d\u00e9sactiver Easy Affiliate et d'activer Affiliate Royale. Votre programme d'affiliation fonctionnera \u00e0 nouveau via Affiliate Royale.<\/p>\n\n\n\n<p>Si vous avez des questions ou si vous avez besoin d'aide, veuillez vous adresser \u00e0 <a href=\"https:\/\/easyaffiliate.com\/fr\/support\/\" title=\"easyaffiliate.com\/support\">Contacter l'assistance<\/a>. Nous sommes l\u00e0 pour vous aider !<\/p>\n\n\n\n<h4 class=\"wp-block-heading\"><strong>Note importante sur le code personnalis\u00e9<\/strong><\/h4>\n\n\n\n<p>Si vous avez un code PHP personnalis\u00e9 qui interagit avec Affiliate Royale (par exemple, en utilisant les classes PHP qui commencent par Wafp, comme WafpUser), le code devra \u00eatre modifi\u00e9 ou supprim\u00e9 pour \u00e9viter les erreurs fatales. Dans Easy Affiliate, les classes ont un espace de noms qui commence par EasyAffiliate. Par exemple, WafpUser est maintenant EasyAffiliate\\Models\\User.<\/p>\n\n\n\n<p>Si vous avez un style personnalis\u00e9 pour Affiliate Royale sur les classes CSS qui commencent par Wafp, vous pouvez v\u00e9rifier si votre style personnalis\u00e9 est affect\u00e9 par la mise \u00e0 jour et le corriger si n\u00e9cessaire.<\/p>","protected":false},"excerpt":{"rendered":"<p>The all new affiliate program plugin Easy Affiliate is the most comprehensive, secure, and modern affiliate program plugin in the world! If you&#8217;ve enjoyed using Affiliate Royale, get ready to be blown away by Easy Affiliate! If you&#8217;re a current user of Affiliate Royale, you can switch to the all new product Easy Affiliate for [&hellip;]<\/p>\n","protected":false},"author":2,"featured_media":0,"parent":0,"menu_order":0,"comment_status":"closed","ping_status":"closed","template":"","meta":{"_acf_changed":false,"om_disable_all_campaigns":false,"_strive_editorial_status":"not-started","_strive_copy_of":0,"inline_featured_image":false,"_monsterinsights_skip_tracking":false,"_monsterinsights_sitenote_active":false,"_monsterinsights_sitenote_note":"","_monsterinsights_sitenote_category":0,"_genesis_hide_title":false,"_genesis_hide_breadcrumbs":false,"_genesis_hide_singular_image":false,"_genesis_hide_footer_widgets":false,"_genesis_custom_body_class":"","_genesis_custom_post_class":"","_genesis_layout":"","footnotes":""},"class_list":{"0":"post-6074","1":"page","2":"type-page","3":"status-publish","5":"entry"},"acf":[],"aioseo_notices":[],"_links":{"self":[{"href":"https:\/\/easyaffiliate.com\/fr\/wp-json\/wp\/v2\/pages\/6074","targetHints":{"allow":["GET"]}}],"collection":[{"href":"https:\/\/easyaffiliate.com\/fr\/wp-json\/wp\/v2\/pages"}],"about":[{"href":"https:\/\/easyaffiliate.com\/fr\/wp-json\/wp\/v2\/types\/page"}],"author":[{"embeddable":true,"href":"https:\/\/easyaffiliate.com\/fr\/wp-json\/wp\/v2\/users\/2"}],"replies":[{"embeddable":true,"href":"https:\/\/easyaffiliate.com\/fr\/wp-json\/wp\/v2\/comments?post=6074"}],"version-history":[{"count":0,"href":"https:\/\/easyaffiliate.com\/fr\/wp-json\/wp\/v2\/pages\/6074\/revisions"}],"wp:attachment":[{"href":"https:\/\/easyaffiliate.com\/fr\/wp-json\/wp\/v2\/media?parent=6074"}],"curies":[{"name":"wp","href":"https:\/\/api.w.org\/{rel}","templated":true}]}}