{"id":309,"date":"2010-07-26T20:43:36","date_gmt":"2010-07-26T20:43:36","guid":{"rendered":"http:\/\/easyaffiliate.wpengine.com\/thank-you\/"},"modified":"2021-07-21T15:50:54","modified_gmt":"2021-07-21T15:50:54","slug":"thank-you","status":"publish","type":"page","link":"https:\/\/easyaffiliate.com\/pt\/thank-you\/","title":{"rendered":"Obrigado"},"content":{"rendered":"<p>Obrigado por comprar o Easy Affiliate!<\/p>\n\n\n\n<p>Em breve, voc\u00ea dever\u00e1 receber um e-mail de boas-vindas do nosso sistema. Se n\u00e3o o vir em sua caixa de entrada, verifique suas pastas de lixo eletr\u00f4nico ou spam. Mas se n\u00e3o o recebeu, envie-nos uma mensagem em nosso <a href=\"\/pt\/contact\/\">formul\u00e1rio de contato<\/a>.<\/p>\n\n\n\n<p><strong>Veja como instalar o Easy Affiliate:<\/strong><\/p>\n\n\n\n<ol class=\"wp-block-list\"><li>Fa\u00e7a o download da vers\u00e3o mais recente do Easy Affiliate em seu computador <a href=\"\/pt\/account\/\">p\u00e1gina da conta<\/a><\/li><li>Acesse o administrador do site do WordPress<\/li><li>Ir para <strong>Plug-ins &gt; Adicionar novo<\/strong>e clique em <strong>Carregar<\/strong><\/li><li>Carregue o arquivo zip que voc\u00ea acabou de baixar e clique em <strong>Ativar<\/strong><\/li><li>Ir para para <strong>Easy Affiliate &gt; Ativar<\/strong> em seu administrador do WordPress e, em seguida, insira e ative sua chave de licen\u00e7a<\/li><\/ol>\n\n\n\n<p><strong>\u00c9 isso a\u00ed!<\/strong><\/p>\n\n\n\n<p>Agora voc\u00ea pode ir para <strong>Easy Affiliate &gt; Configura\u00e7\u00f5es<\/strong>e configure seu novo programa de afiliados.<\/p>\n\n\n\n<p>Para obter mais informa\u00e7\u00f5es, consulte <a href=\"https:\/\/easyaffiliate.com\/pt\/docs-category\/getting-started\/\" target=\"_blank\" rel=\"noreferrer noopener\">Primeiros passos<\/a> na Base de Conhecimento da Easy Affiliate.<\/p>","protected":false},"excerpt":{"rendered":"<p>Thanks for purchasing Easy Affiliate! You should receive a welcome email shortly from our system. If you don&#8217;t see it in your inbox, make sure to check your junk or spam folders. But if you didn&#8217;t get it, you can shoot us a note on our contact form. Here&#8217;s how to install Easy Affiliate: Download [&hellip;]<\/p>\n","protected":false},"author":1,"featured_media":0,"parent":0,"menu_order":0,"comment_status":"closed","ping_status":"closed","template":"","meta":{"_acf_changed":false,"om_disable_all_campaigns":false,"_strive_editorial_status":"not-started","_strive_copy_of":0,"inline_featured_image":false,"_monsterinsights_skip_tracking":false,"_monsterinsights_sitenote_active":false,"_monsterinsights_sitenote_note":"","_monsterinsights_sitenote_category":0,"_genesis_hide_title":false,"_genesis_hide_breadcrumbs":false,"_genesis_hide_singular_image":false,"_genesis_hide_footer_widgets":false,"_genesis_custom_body_class":"","_genesis_custom_post_class":"","_genesis_layout":"","footnotes":""},"class_list":{"0":"post-309","1":"page","2":"type-page","3":"status-publish","5":"entry"},"acf":[],"aioseo_notices":[],"_links":{"self":[{"href":"https:\/\/easyaffiliate.com\/pt\/wp-json\/wp\/v2\/pages\/309","targetHints":{"allow":["GET"]}}],"collection":[{"href":"https:\/\/easyaffiliate.com\/pt\/wp-json\/wp\/v2\/pages"}],"about":[{"href":"https:\/\/easyaffiliate.com\/pt\/wp-json\/wp\/v2\/types\/page"}],"author":[{"embeddable":true,"href":"https:\/\/easyaffiliate.com\/pt\/wp-json\/wp\/v2\/users\/1"}],"replies":[{"embeddable":true,"href":"https:\/\/easyaffiliate.com\/pt\/wp-json\/wp\/v2\/comments?post=309"}],"version-history":[{"count":0,"href":"https:\/\/easyaffiliate.com\/pt\/wp-json\/wp\/v2\/pages\/309\/revisions"}],"wp:attachment":[{"href":"https:\/\/easyaffiliate.com\/pt\/wp-json\/wp\/v2\/media?parent=309"}],"curies":[{"name":"wp","href":"https:\/\/api.w.org\/{rel}","templated":true}]}}