{"id":313,"date":"2010-07-26T22:53:45","date_gmt":"2010-07-26T22:53:45","guid":{"rendered":"http:\/\/easyaffiliate.wpengine.com\/affiliate-signup\/"},"modified":"2021-05-13T21:54:40","modified_gmt":"2021-05-13T21:54:40","slug":"affiliate-program","status":"publish","type":"page","link":"https:\/\/easyaffiliate.com\/pt\/affiliate-program\/","title":{"rendered":"Ganhe dinheiro promovendo o Easy Affiliate"},"content":{"rendered":"<p>Ao se inscrever no programa de afiliados Easy Affiliate, voc\u00ea se torna parte de uma equipe que promove o mais simples, por\u00e9m mais poderoso e seguro plug-in de programa de afiliados para WordPress que existe. Ajude as pessoas a levar seus neg\u00f3cios para o pr\u00f3ximo n\u00edvel e ganhe comiss\u00f5es enquanto faz isso!<\/p>\n\n\n\n<h3 class=\"wp-block-heading\">A que tipo de comiss\u00e3o me qualifico?<\/h3>\n\n\n\n<p>Voc\u00ea ganhar\u00e1 comiss\u00f5es de 25% na primeira venda de cada cliente indicado.<\/p>\n\n\n\n<h3 class=\"wp-block-heading\">Por que participar do programa de afiliados da Easy Affiliate?<\/h3>\n\n\n\n<ul class=\"wp-block-list\">\n<li>Ganhe comiss\u00f5es generosas<\/li>\n\n\n\n<li>Cookie de devolu\u00e7\u00e3o de 60 dias<\/li>\n\n\n\n<li>Acesse banners criativos, e-mails e links de texto que s\u00e3o otimizados para converter<\/li>\n\n\n\n<li>Aproveite os pagamentos mensais r\u00e1pidos (pagos no primeiro dia de cada m\u00eas via PayPal)<\/li>\n\n\n\n<li>Cadastre-se gratuitamente!<\/li>\n\n\n\n<li>Acompanhe as comiss\u00f5es de forma confi\u00e1vel por meio de seu painel de controle de afiliados personalizado<\/li>\n\n\n\n<li>Voc\u00ea estar\u00e1 promovendo o plug-in de WordPress de programa de afiliados mais seguro que existe<\/li>\n<\/ul>\n\n\n\n<p class=\"has-text-align-left\">Comece a ganhar dinheiro hoje mesmo.<\/p>\n\n\n\n<div class=\"wp-block-group\"><div class=\"wp-block-group__inner-container is-layout-flow wp-block-group-is-layout-flow\">\n<div class=\"wp-block-buttons is-horizontal is-content-justification-center is-layout-flex wp-container-core-buttons-is-layout-499968f5 wp-block-buttons-is-layout-flex\">\n<div class=\"wp-block-button\"><a class=\"wp-block-button__link has-text-color has-background wp-element-button\" href=\"https:\/\/easyaffiliate.com\/pt\/affiliate-signup\/\" style=\"border-radius:2px;color:#fffffa;background-color:#ba0c49\">Estou pronto para me inscrever!<\/a><\/div>\n\n\n\n<div class=\"wp-block-button is-style-outline is-style-outline--1\"><a class=\"wp-block-button__link has-text-color wp-element-button\" href=\"https:\/\/easyaffiliate.com\/pt\/affiliate-login\/\" style=\"border-radius:2px;color:#ba0c49\">J\u00e1 sou afiliado.<\/a><\/div>\n<\/div>\n<\/div><\/div>","protected":false},"excerpt":{"rendered":"<p>When you sign up for the Easy Affiliate affiliate program, you become part of a team promoting the simplest, yet most powerful and secure affiliate program WordPress plugin out there. Help people take their businesses to the next level, and earn commission revenue while you&#8217;re at it! What kind of commission am I eligible for? [&hellip;]<\/p>\n","protected":false},"author":1,"featured_media":0,"parent":0,"menu_order":0,"comment_status":"closed","ping_status":"closed","template":"","meta":{"_acf_changed":false,"om_disable_all_campaigns":false,"_strive_editorial_status":"not-started","_strive_copy_of":0,"inline_featured_image":false,"_monsterinsights_skip_tracking":false,"_monsterinsights_sitenote_active":false,"_monsterinsights_sitenote_note":"","_monsterinsights_sitenote_category":0,"_genesis_hide_title":false,"_genesis_hide_breadcrumbs":false,"_genesis_hide_singular_image":false,"_genesis_hide_footer_widgets":false,"_genesis_custom_body_class":"","_genesis_custom_post_class":"","_genesis_layout":"","footnotes":""},"class_list":{"0":"post-313","1":"page","2":"type-page","3":"status-publish","5":"entry"},"acf":[],"aioseo_notices":[],"_links":{"self":[{"href":"https:\/\/easyaffiliate.com\/pt\/wp-json\/wp\/v2\/pages\/313","targetHints":{"allow":["GET"]}}],"collection":[{"href":"https:\/\/easyaffiliate.com\/pt\/wp-json\/wp\/v2\/pages"}],"about":[{"href":"https:\/\/easyaffiliate.com\/pt\/wp-json\/wp\/v2\/types\/page"}],"author":[{"embeddable":true,"href":"https:\/\/easyaffiliate.com\/pt\/wp-json\/wp\/v2\/users\/1"}],"replies":[{"embeddable":true,"href":"https:\/\/easyaffiliate.com\/pt\/wp-json\/wp\/v2\/comments?post=313"}],"version-history":[{"count":1,"href":"https:\/\/easyaffiliate.com\/pt\/wp-json\/wp\/v2\/pages\/313\/revisions"}],"predecessor-version":[{"id":12700,"href":"https:\/\/easyaffiliate.com\/pt\/wp-json\/wp\/v2\/pages\/313\/revisions\/12700"}],"wp:attachment":[{"href":"https:\/\/easyaffiliate.com\/pt\/wp-json\/wp\/v2\/media?parent=313"}],"curies":[{"name":"wp","href":"https:\/\/api.w.org\/{rel}","templated":true}]}}