{"id":37,"date":"2010-07-07T17:25:46","date_gmt":"2010-07-07T17:25:46","guid":{"rendered":"http:\/\/easyaffiliate.wpengine.com\/"},"modified":"2021-04-20T23:35:15","modified_gmt":"2021-04-20T23:35:15","slug":"privacy","status":"publish","type":"page","link":"https:\/\/easyaffiliate.com\/pt\/privacy\/","title":{"rendered":"Pol\u00edtica de privacidade"},"content":{"rendered":"<p>Sua privacidade \u00e9 muito importante para n\u00f3s. Na Caseproof, temos alguns princ\u00edpios fundamentais que seguimos:<\/p>\n\n\n\n<ul class=\"wp-block-list\"><li>N\u00e3o solicitamos informa\u00e7\u00f5es pessoais a menos que realmente precisemos delas. (N\u00e3o suportamos servi\u00e7os que solicitam informa\u00e7\u00f5es como seu g\u00eanero ou n\u00edvel de renda sem motivo aparente).<\/li><li>N\u00e3o compartilhamos suas informa\u00e7\u00f5es pessoais com ningu\u00e9m, exceto para cumprir a lei, desenvolver nossos produtos ou proteger nossos direitos.<\/li><li>N\u00e3o armazenamos informa\u00e7\u00f5es pessoais em nossos servidores, a menos que seja necess\u00e1rio para a opera\u00e7\u00e3o cont\u00ednua de nosso site.<\/li><\/ul>\n\n\n\n<p>A Caseproof LLC (\"Caseproof\") opera v\u00e1rios sites, inclusive o EasyAffiliate.com. \u00c9 pol\u00edtica da Caseproof respeitar sua privacidade em rela\u00e7\u00e3o a qualquer informa\u00e7\u00e3o que possamos coletar durante a opera\u00e7\u00e3o de nossos sites.<\/p>\n\n\n\n<p><strong>Visitantes do site<\/strong><\/p>\n\n\n\n<p>Como a maioria dos operadores de sites, a Caseproof coleta informa\u00e7\u00f5es de identifica\u00e7\u00e3o n\u00e3o pessoal do tipo que os navegadores e servidores da Web normalmente disponibilizam, como o tipo de navegador, a prefer\u00eancia de idioma, o site de refer\u00eancia e a data e hora de cada solicita\u00e7\u00e3o de visitante. O objetivo da Caseproof ao coletar informa\u00e7\u00f5es de identifica\u00e7\u00e3o n\u00e3o pessoal \u00e9 entender melhor como os visitantes da Caseproof usam seu site. De tempos em tempos, Caseproof pode divulgar informa\u00e7\u00f5es de identifica\u00e7\u00e3o n\u00e3o-pessoal de forma agregada, por exemplo, publicando um relat\u00f3rio sobre tend\u00eancias no uso de seu site.<\/p>\n\n\n\n<p>Caseproof tamb\u00e9m coleta informa\u00e7\u00f5es de identifica\u00e7\u00e3o pessoal como endere\u00e7os de Protocolo de Internet (IP) para usu\u00e1rios conectados e para usu\u00e1rios que deixam coment\u00e1rios em nossos blogs. Caseproof s\u00f3 divulga endere\u00e7os de IP de usu\u00e1rios e comentaristas logados nas mesmas circunst\u00e2ncias em que usa e divulga informa\u00e7\u00f5es de identifica\u00e7\u00e3o pessoal conforme descrito abaixo, exceto que os endere\u00e7os de IP dos comentaristas do blog s\u00e3o vis\u00edveis e divulgados aos administradores do blog onde o coment\u00e1rio foi deixado.<\/p>\n\n\n\n<p><strong>Coleta de informa\u00e7\u00f5es de identifica\u00e7\u00e3o pessoal<\/strong><\/p>\n\n\n\n<p>Certos visitantes dos sites da Caseproof optam por interagir com a Caseproof de maneiras que exigem que a Caseproof colete informa\u00e7\u00f5es de identifica\u00e7\u00e3o pessoal. A quantidade e o tipo de informa\u00e7\u00f5es que Caseproof coleta dependem da natureza da intera\u00e7\u00e3o. Por exemplo, pedimos aos visitantes que comentam em nosso blog que forne\u00e7am um nome de usu\u00e1rio e um endere\u00e7o de e-mail. Para aqueles que desejam receber atualiza\u00e7\u00f5es do Caseproof por e-mail, coletamos seus e-mails. Em cada caso, Caseproof coleta tais informa\u00e7\u00f5es apenas na medida em que s\u00e3o necess\u00e1rias ou apropriadas para cumprir o prop\u00f3sito da intera\u00e7\u00e3o do visitante com Caseproof. Caseproof n\u00e3o divulga informa\u00e7\u00f5es de identifica\u00e7\u00e3o pessoal a n\u00e3o ser conforme descrito abaixo. E os visitantes sempre podem se recusar a fornecer informa\u00e7\u00f5es de identifica\u00e7\u00e3o pessoal, com a ressalva de que isso pode impedi-los de se envolver em determinadas atividades relacionadas ao site.<\/p>\n\n\n\n<p><strong>Estat\u00edsticas agregadas<\/strong><\/p>\n\n\n\n<p>A Caseproof pode coletar estat\u00edsticas sobre o comportamento dos visitantes de seus sites. Por exemplo, a Caseproof pode monitorar as p\u00e1ginas mais populares do site EasyAffiliate.com ou usar spam rastreado pelo servi\u00e7o Akismet para ajudar a identificar spam. A Caseproof pode exibir essas informa\u00e7\u00f5es publicamente ou fornec\u00ea-las a terceiros. No entanto, a Caseproof n\u00e3o divulga informa\u00e7\u00f5es de identifica\u00e7\u00e3o pessoal, exceto conforme descrito abaixo.<\/p>\n\n\n\n<p><strong>Prote\u00e7\u00e3o de determinadas informa\u00e7\u00f5es de identifica\u00e7\u00e3o pessoal<\/strong><\/p>\n\n\n\n<p>Caseproof divulga informa\u00e7\u00f5es de identifica\u00e7\u00e3o pessoal e potencialmente pessoais apenas para seus funcion\u00e1rios, contratados e organiza\u00e7\u00f5es afiliadas que (i) precisam saber essas informa\u00e7\u00f5es para process\u00e1-las em nome de Caseproof ou para fornecer servi\u00e7os dispon\u00edveis nos sites de Caseproof, e (ii) que concordaram em n\u00e3o divulg\u00e1-las a outros. Alguns desses funcion\u00e1rios, contratados e organiza\u00e7\u00f5es afiliadas podem estar localizados fora de seu pa\u00eds de origem; ao usar os sites da Caseproof, voc\u00ea concorda com a transfer\u00eancia de tais informa\u00e7\u00f5es para eles. Caseproof n\u00e3o alugar\u00e1 ou vender\u00e1 informa\u00e7\u00f5es de identifica\u00e7\u00e3o pessoal a ningu\u00e9m. Al\u00e9m de seus funcion\u00e1rios, contratados e organiza\u00e7\u00f5es afiliadas, conforme descrito acima, a Caseproof divulga informa\u00e7\u00f5es de identifica\u00e7\u00e3o pessoal e de identifica\u00e7\u00e3o pessoal apenas em resposta a uma intima\u00e7\u00e3o, ordem judicial ou outra solicita\u00e7\u00e3o governamental, ou quando a Caseproof acredita de boa f\u00e9 que a divulga\u00e7\u00e3o \u00e9 razoavelmente necess\u00e1ria para proteger a propriedade ou os direitos da Caseproof, de terceiros ou do p\u00fablico em geral. Se voc\u00ea for um usu\u00e1rio registrado de um site da Caseproof e tiver fornecido seu endere\u00e7o de e-mail, a Caseproof poder\u00e1 ocasionalmente enviar-lhe um e-mail para inform\u00e1-lo sobre novos recursos, solicitar seu feedback ou apenas mant\u00ea-lo atualizado sobre o que est\u00e1 acontecendo com a Caseproof e nossos produtos. Usamos principalmente nossos v\u00e1rios blogs de produtos para comunicar esse tipo de informa\u00e7\u00e3o, portanto esperamos manter esse tipo de e-mail em um n\u00edvel m\u00ednimo. Se voc\u00ea nos enviar uma solicita\u00e7\u00e3o (por exemplo, por meio de um e-mail de suporte ou de um de nossos mecanismos de feedback), reservamo-nos o direito de public\u00e1-la para nos ajudar a esclarecer ou responder \u00e0 sua solicita\u00e7\u00e3o ou para nos ajudar a dar suporte a outros usu\u00e1rios. A Caseproof toma todas as medidas razoavelmente necess\u00e1rias para proteger contra o acesso n\u00e3o autorizado, o uso, a altera\u00e7\u00e3o ou a destrui\u00e7\u00e3o de informa\u00e7\u00f5es potencialmente identificadoras e de identifica\u00e7\u00e3o pessoal.<\/p>\n\n\n\n<p><strong>Cookies<\/strong><\/p>\n\n\n\n<p>Um cookie \u00e9 uma sequ\u00eancia de informa\u00e7\u00f5es que um site armazena no computador de um visitante e que o navegador do visitante fornece ao site toda vez que o visitante retorna. A Caseproof usa cookies para ajudar a Caseproof a identificar e rastrear os visitantes, seu uso dos sites da Caseproof e suas prefer\u00eancias de acesso ao site. Os visitantes dos sites da Caseproof que n\u00e3o desejarem que os cookies sejam colocados em seus computadores devem configurar seus navegadores para recusar cookies antes de usar os sites da Caseproof, com a desvantagem de que certos recursos dos sites da Caseproof podem n\u00e3o funcionar corretamente sem o aux\u00edlio de cookies.<\/p>\n\n\n\n<p><strong>Rastreamento de uso<\/strong><\/p>\n\n\n\n<p>A Caseproof coleta determinadas informa\u00e7\u00f5es por meio do rastreamento de uso. A finalidade do rastreamento de uso ajuda a Caseproof a entender melhor nossos usu\u00e1rios e as necessidades de seus sites, observando uma s\u00e9rie de vari\u00e1veis em seu plug-in Easy Affiliate, WordPress e host. Essas informa\u00e7\u00f5es nos permitem melhorar continuamente nosso produto, bem como nosso processo de perguntas e respostas\/testes. As informa\u00e7\u00f5es podem incluir a chave de licen\u00e7a (e o tipo), as datas de ativa\u00e7\u00e3o do plugin, as estat\u00edsticas de associa\u00e7\u00e3o e de transa\u00e7\u00e3o para nos ajudar a garantir que nossos recursos e atualiza\u00e7\u00f5es sejam testados em situa\u00e7\u00f5es que se aproximem do ambiente do site de nossos clientes e do uso do Easy Affiliate. Tamb\u00e9m podemos coletar informa\u00e7\u00f5es sobre integra\u00e7\u00f5es ativas e configura\u00e7\u00f5es de plugins, mas as configura\u00e7\u00f5es confidenciais, como chaves de API, s\u00e3o automaticamente exclu\u00eddas do rastreamento.<\/p>\n\n\n\n<p>Nosso rastreamento de uso inclui a coleta de informa\u00e7\u00f5es sobre o tema\/plugins ativos do WordPress, localidade, fuso hor\u00e1rio, se o SSL est\u00e1 ativado ou se um site \u00e9 um multisite e o URL do site. Al\u00e9m disso, o rastreamento de uso inclui a determina\u00e7\u00e3o das vers\u00f5es do PHP e do MySQL para nos ajudar a garantir que nossos procedimentos de teste tenham a cobertura adequada para evitar problemas de compatibilidade e a determina\u00e7\u00e3o do software do servidor, que \u00e9 usado para fins de teste.<\/p>\n\n\n\n<p><strong>Transfer\u00eancias de neg\u00f3cios<\/strong><\/p>\n\n\n\n<p>Se a Caseproof, ou substancialmente todos os seus ativos forem adquiridos, ou no caso improv\u00e1vel de a Caseproof sair do neg\u00f3cio ou entrar em fal\u00eancia, as informa\u00e7\u00f5es do usu\u00e1rio seriam um dos ativos transferidos ou adquiridos por terceiros. O usu\u00e1rio reconhece que tais transfer\u00eancias podem ocorrer e que qualquer adquirente da Caseproof pode continuar a usar suas informa\u00e7\u00f5es pessoais conforme estabelecido nesta pol\u00edtica.<\/p>\n\n\n\n<p><strong>An\u00fancios<\/strong><\/p>\n\n\n\n<p>Os an\u00fancios que aparecem em qualquer um de nossos sites podem ser entregues aos usu\u00e1rios por parceiros de publicidade, que podem definir cookies. Esses cookies permitem que o servidor de an\u00fancios reconhe\u00e7a seu computador sempre que enviar um an\u00fancio on-line para compilar informa\u00e7\u00f5es sobre voc\u00ea ou outras pessoas que usam seu computador. Essas informa\u00e7\u00f5es permitem que as redes de an\u00fancios, entre outras coisas, forne\u00e7am an\u00fancios direcionados que acreditam ser de seu maior interesse. Esta Pol\u00edtica de Privacidade cobre o uso de cookies pela Caseproof e n\u00e3o cobre o uso de cookies por nenhum anunciante.<\/p>\n\n\n\n<p><strong>Coment\u00e1rios<\/strong><\/p>\n\n\n\n<p>Os coment\u00e1rios e outros conte\u00fados enviados ao servi\u00e7o antispam da Akismet s\u00e3o salvos em nossos servidores, a menos que tenham sido marcados como falsos positivos, caso em que os armazenamos por tempo suficiente para us\u00e1-los para aprimorar o servi\u00e7o e evitar futuros falsos positivos.<\/p>\n\n\n\n<p><strong>Altera\u00e7\u00f5es na pol\u00edtica de privacidade<\/strong><\/p>\n\n\n\n<p>Embora a maioria das altera\u00e7\u00f5es provavelmente seja pequena, a Caseproof poder\u00e1 alterar sua Pol\u00edtica de Privacidade de tempos em tempos e a crit\u00e9rio exclusivo da Caseproof. Caseproof incentiva os visitantes a verificar frequentemente esta p\u00e1gina para quaisquer altera\u00e7\u00f5es em sua Pol\u00edtica de Privacidade. Seu uso continuado deste site ap\u00f3s qualquer altera\u00e7\u00e3o nesta Pol\u00edtica de Privacidade constituir\u00e1 sua aceita\u00e7\u00e3o de tal altera\u00e7\u00e3o.<\/p>","protected":false},"excerpt":{"rendered":"<p>Your privacy is very important to us. At Caseproof we have a few fundamental principles that we follow: We don\u2019t ask you for personal information unless we truly need it. (We can\u2019t stand services that ask you for things like your gender or income level for no apparent reason.) We don\u2019t share your personal information [&hellip;]<\/p>\n","protected":false},"author":1,"featured_media":0,"parent":0,"menu_order":0,"comment_status":"closed","ping_status":"closed","template":"","meta":{"_acf_changed":false,"om_disable_all_campaigns":false,"_strive_editorial_status":"not-started","_strive_copy_of":0,"inline_featured_image":false,"_monsterinsights_skip_tracking":false,"_monsterinsights_sitenote_active":false,"_monsterinsights_sitenote_note":"","_monsterinsights_sitenote_category":0,"_genesis_hide_title":false,"_genesis_hide_breadcrumbs":false,"_genesis_hide_singular_image":false,"_genesis_hide_footer_widgets":false,"_genesis_custom_body_class":"","_genesis_custom_post_class":"","_genesis_layout":"","footnotes":""},"class_list":{"0":"post-37","1":"page","2":"type-page","3":"status-publish","5":"entry"},"acf":[],"aioseo_notices":[],"_links":{"self":[{"href":"https:\/\/easyaffiliate.com\/pt\/wp-json\/wp\/v2\/pages\/37","targetHints":{"allow":["GET"]}}],"collection":[{"href":"https:\/\/easyaffiliate.com\/pt\/wp-json\/wp\/v2\/pages"}],"about":[{"href":"https:\/\/easyaffiliate.com\/pt\/wp-json\/wp\/v2\/types\/page"}],"author":[{"embeddable":true,"href":"https:\/\/easyaffiliate.com\/pt\/wp-json\/wp\/v2\/users\/1"}],"replies":[{"embeddable":true,"href":"https:\/\/easyaffiliate.com\/pt\/wp-json\/wp\/v2\/comments?post=37"}],"version-history":[{"count":0,"href":"https:\/\/easyaffiliate.com\/pt\/wp-json\/wp\/v2\/pages\/37\/revisions"}],"wp:attachment":[{"href":"https:\/\/easyaffiliate.com\/pt\/wp-json\/wp\/v2\/media?parent=37"}],"curies":[{"name":"wp","href":"https:\/\/api.w.org\/{rel}","templated":true}]}}