{"id":5434,"date":"2021-04-02T00:03:38","date_gmt":"2021-04-02T00:03:38","guid":{"rendered":"https:\/\/easyaffstage.wpengine.com\/?page_id=5434"},"modified":"2023-10-20T19:45:15","modified_gmt":"2023-10-20T19:45:15","slug":"features","status":"publish","type":"page","link":"https:\/\/easyaffiliate.com\/pt\/features\/","title":{"rendered":"Uma s\u00e9rie de recursos dignos do BUZZ"},"content":{"rendered":"<div class=\"features\">\n        <div class=\"features__wrap\">\n            <div class=\"first-col\"><div id=\"feature-block_642d7f3d14cfbbad65779c685147cf24\" class=\"feature\">\n\t<div class=\"feature__icon\"><img decoding=\"async\" src=\"https:\/\/easyaffiliate.com\/wp-content\/uploads\/2021\/04\/feature-icon-setup.svg\" alt=\"\"><\/div>\n\t<h2 class=\"feature__title\">Configura\u00e7\u00e3o super simples<\/h2>\n\t<div class=\"feature__text\"><p><span style=\"font-weight: 400;\">Se voc\u00ea sabe como instalar um plug-in do WordPress, sabe como lan\u00e7ar um programa de afiliados com o Easy Affiliate. N\u00e3o \u00e9 necess\u00e1rio mexer em seu banco de dados. N\u00e3o h\u00e1 scripts especiais a serem executados em seu servidor web. E n\u00e3o h\u00e1 modelos especiais para garantir que os gr\u00e1ficos de seu programa de afiliados correspondam ao seu site. Assim que o Easy Affiliate for instalado em seu site WordPress, voc\u00ea ter\u00e1 um programa de afiliados completo. \u00c9 muito f\u00e1cil. <\/span><\/p>\n<\/div>\n<\/div><div id=\"feature-block_642d7f3d14cfbbad65779c685147cf24\" class=\"feature\">\n\t<div class=\"feature__icon\"><img decoding=\"async\" src=\"https:\/\/easyaffiliate.com\/wp-content\/uploads\/2021\/04\/feature-icon-admin.svg\" alt=\"\"><\/div>\n\t<h2 class=\"feature__title\">Administrador poderoso<\/h2>\n\t<div class=\"feature__text\"><p><span style=\"font-weight: 400;\">Com o Easy Affiliate, voc\u00ea encontrar\u00e1 tudo o que precisa para executar seu programa de afiliados diretamente no painel de administra\u00e7\u00e3o do WordPress. No painel de administra\u00e7\u00e3o, voc\u00ea pode visualizar v\u00e1rios relat\u00f3rios diferentes, incluindo transa\u00e7\u00f5es, estat\u00edsticas gerais de seus afiliados, uma lista dos principais afiliados, os cliques recebidos e o que voc\u00ea deve a seus afiliados a qualquer momento.<\/span><\/p>\n<\/div>\n<\/div><div id=\"feature-block_642d7f3d14cfbbad65779c685147cf24\" class=\"feature\">\n\t<div class=\"feature__icon\"><img decoding=\"async\" src=\"https:\/\/easyaffiliate.com\/wp-content\/uploads\/2021\/04\/feature-icon-security.svg\" alt=\"\"><\/div>\n\t<h2 class=\"feature__title\">Seguran\u00e7a avan\u00e7ada<\/h2>\n\t<div class=\"feature__text\"><p><span style=\"font-weight: 400;\">O Easy Affiliate \u00e9 o plug-in de afiliado mais seguro do mercado. Voc\u00ea pode ter certeza de que suas comiss\u00f5es est\u00e3o sendo rastreadas com precis\u00e3o e que seu programa de afiliados \u00e9 resistente a ataques.<\/span><\/p>\n<\/div>\n<\/div><div id=\"feature-block_642d7f3d14cfbbad65779c685147cf24\" class=\"feature\">\n\t<div class=\"feature__icon\"><img decoding=\"async\" src=\"https:\/\/easyaffiliate.com\/wp-content\/uploads\/2021\/04\/feature-icon-link-generation.svg\" alt=\"\"><\/div>\n\t<h2 class=\"feature__title\">Gera\u00e7\u00e3o de links personalizados<\/h2>\n\t<div class=\"feature__text\"><p><span style=\"font-weight: 400;\">Com a gera\u00e7\u00e3o de links personalizados, seus afiliados podem criar links de rastreamento de afiliados personalizados a qualquer momento. E, com o suporte integrado para Pretty Links, esses links encantadores sempre ser\u00e3o curtos e ter\u00e3o uma \u00f3tima apar\u00eancia.<\/span><\/p>\n<\/div>\n<\/div><div id=\"feature-block_642d7f3d14cfbbad65779c685147cf24\" class=\"feature\">\n\t<div class=\"feature__icon\"><img decoding=\"async\" src=\"https:\/\/easyaffiliate.com\/wp-content\/uploads\/2021\/04\/feature-icon-support.svg\" alt=\"\"><\/div>\n\t<h2 class=\"feature__title\">Suporte estelar<\/h2>\n\t<div class=\"feature__text\"><p><span style=\"font-weight: 400;\">\u00c9 muito simples configurar seu programa de afiliados com o Easy Affiliate. Mas, \u00e0s vezes, voc\u00ea pode precisar de um pouco de ajuda. \u00c9 por isso que temos um guia abrangente <\/span><span style=\"font-weight: 400;\">Manual do usu\u00e1rio<\/span><span style=\"font-weight: 400;\"> que abrange todos os recursos e p\u00e1ginas de administra\u00e7\u00e3o que o Easy Affiliate tem a oferecer. E, caso voc\u00ea precise de n\u00f3s, nosso <\/span><span style=\"font-weight: 400;\">equipe de suporte<\/span><span style=\"font-weight: 400;\"> est\u00e1 pronta e disposta a ajudar. N\u00e3o o deixaremos na m\u00e3o.<\/span><\/p>\n<\/div>\n<\/div><\/div>            <div class=\"second-col\"><div id=\"feature-block_642d7f3d14cfbbad65779c685147cf24\" class=\"feature\">\n\t<div class=\"feature__icon\"><img decoding=\"async\" src=\"https:\/\/easyaffiliate.com\/wp-content\/uploads\/2021\/04\/feature-icon-dashboard.svg\" alt=\"\"><\/div>\n\t<h2 class=\"feature__title\">Painel de controle personalizado do afiliado<\/h2>\n\t<div class=\"feature__text\"><p><span style=\"font-weight: 400;\">Voc\u00ea nunca precisar\u00e1 se preocupar com a boa apar\u00eancia do Affiliate Dashboard. Ele vem pr\u00e9-estilizado e pode ser ajustado para se adequar \u00e0 sua marca usando o WordPress Customizer. O Affiliate Dashboard permite que cada um de seus afiliados monitore as estat\u00edsticas, edite as informa\u00e7\u00f5es da conta, fa\u00e7a download dos links e banners e visualize o hist\u00f3rico de pagamentos. <\/span><\/p>\n<\/div>\n<\/div><div id=\"feature-block_642d7f3d14cfbbad65779c685147cf24\" class=\"feature\">\n\t<div class=\"feature__icon\"><img decoding=\"async\" src=\"https:\/\/easyaffiliate.com\/wp-content\/uploads\/2021\/04\/feature-icon-applications.svg\" alt=\"\"><\/div>\n\t<h2 class=\"feature__title\">Aplicativos de afiliados<\/h2>\n\t<div class=\"feature__text\"><p><span style=\"font-weight: 400;\">Qualifique seus afiliados em grande estilo com o processo de inscri\u00e7\u00e3o de afiliados incorporado do Easy Affiliate. Quando ativado, esse poderoso recurso exigir\u00e1 que os visitantes se inscrevam em seu programa de afiliados antes de se tornarem afiliados de fato. Voc\u00ea poder\u00e1 rejeitar, ignorar ou aprovar qualquer inscri\u00e7\u00e3o assim que ela for recebida.<\/span><\/p>\n<\/div>\n<\/div><div id=\"feature-block_642d7f3d14cfbbad65779c685147cf24\" class=\"feature\">\n\t<div class=\"feature__icon\"><img decoding=\"async\" src=\"https:\/\/easyaffiliate.com\/wp-content\/uploads\/2021\/04\/feature-icon-fraud-detection.svg\" alt=\"\"><\/div>\n\t<h2 class=\"feature__title\">Detec\u00e7\u00e3o de fraudes<\/h2>\n\t<div class=\"feature__text\"><p>A fraude de afiliados \u00e9 a maior amea\u00e7a a qualquer programa de afiliados. Mas voc\u00ea n\u00e3o tem tempo para ficar pensando em cada pagamento de comiss\u00e3o que envia. O Easy Affiliate simplifica o processo ao sinalizar ou rejeitar comportamentos suspeitos de afiliados ANTES de voc\u00ea efetuar o pagamento.<\/p>\n<\/div>\n<\/div><div id=\"feature-block_642d7f3d14cfbbad65779c685147cf24\" class=\"feature\">\n\t<div class=\"feature__icon\"><img decoding=\"async\" src=\"https:\/\/easyaffiliate.com\/wp-content\/uploads\/2021\/04\/feature-icon-pay-affiliates.svg\" alt=\"\"><\/div>\n\t<h2 class=\"feature__title\">Pague aos afiliados com confian\u00e7a<\/h2>\n\t<div class=\"feature__text\"><p><span style=\"font-weight: 400;\">O Easy Affiliate facilita o pagamento de afiliados. Ele suporta arquivos de pagamento em massa do PayPal, pagamentos off-line e pagamentos em um clique via PayPal. Basta fazer login uma vez por m\u00eas, revisar a atividade de seus afiliados e clicar em <\/span><i><span style=\"font-weight: 400;\">Pagamento<\/span><\/i><span style=\"font-weight: 400;\">. \u00c9 simples assim!<\/span><\/p>\n<\/div>\n<\/div><div id=\"feature-block_642d7f3d14cfbbad65779c685147cf24\" class=\"feature\">\n\t<div class=\"feature__icon\"><img decoding=\"async\" src=\"https:\/\/easyaffiliate.com\/wp-content\/uploads\/2021\/04\/feature-icon-upgrades.svg\" alt=\"\"><\/div>\n\t<h2 class=\"feature__title\">Upgrade com um clique<\/h2>\n\t<div class=\"feature__text\"><p>Voc\u00ea \u00e9 usu\u00e1rio do plugin AffiliateRoyale? Voc\u00ea pode fazer o upgrade para o Easy Affiliate com um simples clique! Todas as suas configura\u00e7\u00f5es, afiliados, transa\u00e7\u00f5es, cliques, pagamentos e outros dados estar\u00e3o seguros e acess\u00edveis a partir do Easy Affiliate.<\/p>\n<\/div>\n<\/div><\/div>            <div class=\"third-col\"><div id=\"feature-block_642d7f3d14cfbbad65779c685147cf24\" class=\"feature\">\n\t<div class=\"feature__icon\"><img decoding=\"async\" src=\"https:\/\/easyaffiliate.com\/wp-content\/uploads\/2021\/04\/feature-icon-payment-integration.svg\" alt=\"\"><\/div>\n\t<h2 class=\"feature__title\">Integra\u00e7\u00e3o perfeita de pagamentos<\/h2>\n\t<div class=\"feature__text\"><p><span style=\"font-weight: 400;\">A integra\u00e7\u00e3o de pagamentos do Easy Affiliate leva a conveni\u00eancia a um novo patamar. Voc\u00ea pode configurar o Easy Affiliate para rastrear pagamentos iniciais e recorrentes do MemberPress, WooCommerce e Easy Digital Downloads.<\/span><\/p>\n<\/div>\n<\/div><div id=\"feature-block_642d7f3d14cfbbad65779c685147cf24\" class=\"feature\">\n\t<div class=\"feature__icon\"><img decoding=\"async\" src=\"https:\/\/easyaffiliate.com\/wp-content\/uploads\/2021\/04\/feature-icon-commissions-tracking.svg\" alt=\"\"><\/div>\n\t<h2 class=\"feature__title\">Rastreamento de comiss\u00f5es<\/h2>\n\t<div class=\"feature__text\"><p><span style=\"font-weight: 400;\">O controle de comiss\u00f5es \u00e9 o n\u00facleo de qualquer programa de afiliados s\u00f3lido, e o Easy Affiliate n\u00e3o decepciona. Ele permite que voc\u00ea defina sua taxa de comiss\u00e3o e a personalize por usu\u00e1rio. Ele vai al\u00e9m de qualquer outro plug-in de afiliado no mercado, pois permite definir v\u00e1rios n\u00edveis de comiss\u00e3o e oferece controle total com regras de substitui\u00e7\u00e3o de comiss\u00e3o de afiliado eficazes e personaliz\u00e1veis.<\/span><\/p>\n<\/div>\n<\/div><div id=\"feature-block_642d7f3d14cfbbad65779c685147cf24\" class=\"feature\">\n\t<div class=\"feature__icon\"><img decoding=\"async\" src=\"https:\/\/easyaffiliate.com\/wp-content\/uploads\/2021\/04\/feature-icon-creatives.svg\" alt=\"\"><\/div>\n\t<h2 class=\"feature__title\">Gerenciamento criativo completo<\/h2>\n\t<div class=\"feature__text\"><p><span style=\"font-weight: 400;\">Voc\u00ea quer que seus afiliados representem sua marca da melhor maneira poss\u00edvel. O Easy Affiliate inclui uma plataforma completa para gerenciar links e banners e fornec\u00ea-los aos seus afiliados, para que voc\u00ea saiba que o marketing deles est\u00e1 sempre no ponto.<\/span><\/p>\n<\/div>\n<\/div><div id=\"feature-block_642d7f3d14cfbbad65779c685147cf24\" class=\"feature\">\n\t<div class=\"feature__icon\"><img decoding=\"async\" src=\"https:\/\/easyaffiliate.com\/wp-content\/uploads\/2021\/04\/feature-icon-email-marketing.svg\" alt=\"\"><\/div>\n\t<h2 class=\"feature__title\">Marketing de e-mail intuitivo<\/h2>\n\t<div class=\"feature__text\"><p><span style=\"font-weight: 400;\">Manter contato com seus afiliados \u00e9 fundamental para um programa bem-sucedido. \u00c9 por isso que o Easy Affiliate se integra perfeitamente aos principais servi\u00e7os de marketing por e-mail, como MailChimp, ActiveCampaign e ConvertKit.<\/span><\/p>\n<\/div>\n<\/div><div id=\"feature-block_642d7f3d14cfbbad65779c685147cf24\" class=\"feature\">\n\t<div class=\"feature__icon\"><img decoding=\"async\" src=\"https:\/\/easyaffiliate.com\/wp-content\/uploads\/2023\/10\/features-icon-dev-tools.svg\" alt=\"\"><\/div>\n\t<h2 class=\"feature__title\">Automatizar com ferramentas de desenvolvimento<\/h2>\n\t<div class=\"feature__text\"><p>Aumente sua efici\u00eancia e a satisfa\u00e7\u00e3o do cliente com o complemento Developer Tools. Com uma API REST completa e webhooks complexos, voc\u00ea pode se integrar perfeitamente \u00e0s suas plataformas favoritas e colocar tudo no piloto autom\u00e1tico, desde as inscri\u00e7\u00f5es de afiliados at\u00e9 o rastreamento de comiss\u00f5es. Prepare-se para impulsionar seu jogo de marketing de afiliados!<\/p>\n<\/div>\n<\/div><\/div>        <\/div>\n    <\/div>","protected":false},"excerpt":{"rendered":"","protected":false},"author":2,"featured_media":0,"parent":0,"menu_order":0,"comment_status":"closed","ping_status":"closed","template":"template-features-page.php","meta":{"_acf_changed":false,"om_disable_all_campaigns":false,"_strive_editorial_status":"not-started","_strive_copy_of":0,"inline_featured_image":false,"_monsterinsights_skip_tracking":false,"_monsterinsights_sitenote_active":false,"_monsterinsights_sitenote_note":"","_monsterinsights_sitenote_category":0,"_genesis_hide_title":false,"_genesis_hide_breadcrumbs":false,"_genesis_hide_singular_image":false,"_genesis_hide_footer_widgets":false,"_genesis_custom_body_class":"","_genesis_custom_post_class":"","_genesis_layout":"","footnotes":""},"class_list":{"0":"post-5434","1":"page","2":"type-page","3":"status-publish","5":"entry"},"acf":[],"aioseo_notices":[],"_links":{"self":[{"href":"https:\/\/easyaffiliate.com\/pt\/wp-json\/wp\/v2\/pages\/5434","targetHints":{"allow":["GET"]}}],"collection":[{"href":"https:\/\/easyaffiliate.com\/pt\/wp-json\/wp\/v2\/pages"}],"about":[{"href":"https:\/\/easyaffiliate.com\/pt\/wp-json\/wp\/v2\/types\/page"}],"author":[{"embeddable":true,"href":"https:\/\/easyaffiliate.com\/pt\/wp-json\/wp\/v2\/users\/2"}],"replies":[{"embeddable":true,"href":"https:\/\/easyaffiliate.com\/pt\/wp-json\/wp\/v2\/comments?post=5434"}],"version-history":[{"count":0,"href":"https:\/\/easyaffiliate.com\/pt\/wp-json\/wp\/v2\/pages\/5434\/revisions"}],"wp:attachment":[{"href":"https:\/\/easyaffiliate.com\/pt\/wp-json\/wp\/v2\/media?parent=5434"}],"curies":[{"name":"wp","href":"https:\/\/api.w.org\/{rel}","templated":true}]}}