{"id":5844,"date":"2021-04-16T11:20:56","date_gmt":"2021-04-16T11:20:56","guid":{"rendered":"https:\/\/easyaffiliate.com\/?page_id=5844"},"modified":"2025-09-24T04:36:36","modified_gmt":"2025-09-24T08:36:36","slug":"change-log","status":"publish","type":"page","link":"https:\/\/easyaffiliate.com\/pt\/change-log\/","title":{"rendered":"Registro de altera\u00e7\u00f5es"},"content":{"rendered":"<h2 class=\"wp-block-heading\" id=\"1.4.0\"><a href=\"#1.4.0\" title=\"\">1.4.0<\/a> \u2013 11\/09\/2025<\/h2>\n\n\n\n<ul class=\"wp-block-list\">\n<li>Foi corrigido um conflito com o Yoast SEO que estava causando um erro ao enviar um aplicativo de afiliado<\/li>\n<li>Corre\u00e7\u00e3o de um aviso de PHP que pode ocorrer durante o Cron<\/li>\n<li>Corre\u00e7\u00e3o de dois avisos de preteri\u00e7\u00e3o de PHP relacionados a aplicativos afiliados<\/li>\n<\/ul>\n\n\n\n<h2 class=\"wp-block-heading\" id=\"1.3.18\"><a href=\"#1.3.18\" title=\"\">1.3.18<\/a> \u2013 20\/05\/2025<\/h2>\n\n\n\n<ul class=\"wp-block-list\">\n<li>Sistema aprimorado de notifica\u00e7\u00f5es no plug-in<\/li>\n<\/ul>\n\n\n\n<h2 class=\"wp-block-heading\" id=\"1.3.17\"><a href=\"#1.3.17\" title=\"\">1.3.17<\/a> \u2013 03\/03\/2025<\/h2>\n\n\n\n<ul class=\"wp-block-list\">\n<li>Foram adicionadas melhorias no desempenho da consulta Pay Affiliates<\/li>\n\n\n\n<li>Atualiza\u00e7\u00e3o da biblioteca do Moment para a vers\u00e3o mais recente<\/li>\n<\/ul>\n\n\n\n<h2 class=\"wp-block-heading\" id=\"1.3.16\"><a href=\"#1.3.16\" title=\"\">1.3.16<\/a> \u2013 18\/12\/2024<\/h2>\n\n\n\n<ul class=\"wp-block-list\">\n<li>Pequenas corre\u00e7\u00f5es de bugs<\/li>\n<\/ul>\n\n\n\n<h2 class=\"wp-block-heading\" id=\"1.3.15\"><a href=\"#1.3.15\" title=\"\">1.3.15<\/a> \u2013 28\/11\/2024<\/h2>\n\n\n\n<ul class=\"wp-block-list\">\n<li>Kit de reformula\u00e7\u00e3o da marca<\/li>\n<\/ul>\n\n\n\n<h2 class=\"wp-block-heading\" id=\"1.3.14\"><a href=\"#1.3.14\" title=\"\">1.3.14<\/a> \u2013 27\/11\/2024<\/h2>\n\n\n\n<ul class=\"wp-block-list\">\n<li>Corre\u00e7\u00e3o da integra\u00e7\u00e3o do Loco Translate<\/li>\n\n\n\n<li>Corre\u00e7\u00f5es para tradu\u00e7\u00f5es com o WP 6.7<\/li>\n<\/ul>\n\n\n\n<h2 class=\"wp-block-heading\" id=\"1.3.12\"><a href=\"#1.3.12\" title=\"\">1.3.12<\/a> \u2013 26\/11\/2024<\/h2>\n\n\n\n<ul class=\"wp-block-list\">\n<li>Nova caixa de entrada de notifica\u00e7\u00f5es no plug-in<\/li>\n\n\n\n<li>Corrigir tradu\u00e7\u00f5es que n\u00e3o funcionam ap\u00f3s o WP 6.7<\/li>\n<\/ul>\n\n\n\n<h2 class=\"wp-block-heading\" id=\"1.3.11\"><a href=\"#1.3.11\" title=\"\">1.3.11<\/a> \u2013 11\/06\/2024<\/h2>\n\n\n\n<ul class=\"wp-block-list\">\n<li>Adicionados ganchos para ocultar e\/ou n\u00e3o exigir o campo E-mail do PayPal na inscri\u00e7\u00e3o<\/li>\n\n\n\n<li>Corre\u00e7\u00e3o de um aviso de PHP relacionado ao recurso de par\u00e2metros UTM<\/li>\n\n\n\n<li>Corre\u00e7\u00e3o de uma situa\u00e7\u00e3o rara em que a op\u00e7\u00e3o \"Show Referrals\" (Mostrar refer\u00eancias) do add-on Commissions Levels (N\u00edveis de comiss\u00e3o) podia mostrar todos os afiliados no site.<\/li>\n<\/ul>\n\n\n\n<h2 class=\"wp-block-heading\" id=\"1.3.10\"><a href=\"#1.3.10\" title=\"\">1.3.10<\/a> \u2013 06\/12\/2024<\/h2>\n\n\n\n<ul class=\"wp-block-list\">\n<li>Adicionado um recurso para associar um afiliado a um cupom do WooCommerce, para conceder comiss\u00e3o com base no uso do cupom<\/li>\n\n\n\n<li>Foi corrigido um problema em que n\u00e3o era poss\u00edvel pagar aos afiliados se todos os cliques daquele per\u00edodo fossem exclu\u00eddos<\/li>\n\n\n\n<li>Foi corrigido um problema em que o TranslatePress estava causando a desativa\u00e7\u00e3o da licen\u00e7a do plug-in<\/li>\n\n\n\n<li>Melhorou o desempenho da consulta de eventos inativos de afiliados<\/li>\n<\/ul>\n\n\n\n<h2 class=\"wp-block-heading\" id=\"1.3.9\"><a href=\"#1.3.9\" title=\"\">1.3.9<\/a> \u2013 30\/04\/2024<\/h2>\n\n\n\n<ul class=\"wp-block-list\">\n<li>Corrigir um erro fatal no PHP 8.2 com o WooCommerce<\/li>\n\n\n\n<li>Adicionar suporte para condi\u00e7\u00f5es de correspond\u00eancia de valor de vendas mensais para o complemento Commission Rules<\/li>\n\n\n\n<li>Implemente o login autom\u00e1tico durante o registro se as credenciais da conta estiverem corretas<\/li>\n\n\n\n<li>Aumentar o requisito do PHP para PHP 7.4+<\/li>\n<\/ul>\n\n\n\n<h2 class=\"wp-block-heading\" id=\"1.3.8\"><a href=\"#1.3.8\" title=\"\">1.3.8<\/a> \u2013 28\/03\/2024<\/h2>\n\n\n\n<ul class=\"wp-block-list\">\n<li>Os afiliados agora ser\u00e3o considerados \"ativos\" se tiverem um clique ou uma comiss\u00e3o nos \u00faltimos 30 dias, em vez de apenas um clique<\/li>\n<\/ul>\n\n\n\n<h2 class=\"wp-block-heading\" id=\"1.3.7\"><a href=\"#1.3.7\" title=\"\">1.3.7<\/a> \u2013 19\/03\/2024<\/h2>\n\n\n\n<ul class=\"wp-block-list\">\n<li>Aprimoramento do migrador do AffiliateWP ao migrar grandes quantidades de dados<\/li>\n\n\n\n<li>Adicionar a moeda e o s\u00edmbolo do sol peruano<\/li>\n\n\n\n<li>Adicionar um gancho de filtro nos criativos do Affiliate Dashboard<\/li>\n\n\n\n<li>Corre\u00e7\u00e3o de um clique que est\u00e1 sendo registrado ao adicionar um link personalizado com o PrettyLinks instalado<\/li>\n\n\n\n<li>Corre\u00e7\u00e3o de erro fatal em vers\u00f5es do PHP inferiores a 7.4<\/li>\n<\/ul>\n\n\n\n<h2 class=\"wp-block-heading\" id=\"1.3.6\"><a href=\"#1.3.6\" title=\"\">1.3.6<\/a> \u2013 16\/01\/2024<\/h2>\n\n\n\n<ul class=\"wp-block-list\">\n<li>Adicionar o item de menu Growth Tools para encontrar produtos complementares<\/li>\n\n\n\n<li>Corre\u00e7\u00f5es de compatibilidade com PHP 8+<\/li>\n<\/ul>\n\n\n\n<h2 class=\"wp-block-heading\" id=\"1.3.5\"><a href=\"#1.3.5\" title=\"\">1.3.5<\/a> \u2013 14\/11\/2023<\/h2>\n\n\n\n<ul class=\"wp-block-list\">\n<li>Compatibilidade com o WP 6.4<\/li>\n<\/ul>\n\n\n\n<h2 class=\"wp-block-heading\" id=\"1.3.4\"><a href=\"#1.3.4\" rel=\"nofollow\" title=\"#1.3.4\"> 1.3.1 \u2013 1.3.4 <\/a> \u2013 11\/08\/2023<\/h2>\n\n\n\n<ul class=\"wp-block-list\">\n<li>Adicionar um trabalhador de trabalhos para processar eventos para o complemento Developer Tools<\/li>\n<\/ul>\n\n\n\n<h2 class=\"wp-block-heading\" id=\"1.3.0\"><a href=\"#1.3.0\" rel=\"nofollow\" title=\"#1.3.0\"> 1.3.0 <\/a> \u2013 10\/06\/2023<\/h2>\n\n\n\n<ul class=\"wp-block-list\">\n<li>Adicionar integra\u00e7\u00e3o com o MemberMouse<\/li>\n\n\n\n<li>Adicionar integra\u00e7\u00e3o de membro da WishList<\/li>\n\n\n\n<li>Corre\u00e7\u00e3o de avisos de propriedades din\u00e2micas no PHP 8.2<\/li>\n<\/ul>\n\n\n\n<h2 class=\"wp-block-heading\" id=\"1.2.14\"><a href=\"#1.2.14\" rel=\"nofollow\" title=\"#1.2.14\"> 1.2.14 <\/a> \u2013 14\/09\/2023<\/h2>\n\n\n\n<ul class=\"wp-block-list\">\n<li>Evitar a exibi\u00e7\u00e3o de tags vazias nas notifica\u00e7\u00f5es<\/li>\n\n\n\n<li>Corre\u00e7\u00e3o de notifica\u00e7\u00f5es programadas no plug-in<\/li>\n<\/ul>\n\n\n\n<h2 class=\"wp-block-heading\" id=\"1.2.13\"><a title=\"#1.2.13\" href=\"#1.2.13\" rel=\"nofollow\"> 1.2.13 <\/a> \u2013 21\/08\/2023<\/h2>\n\n\n\n<ul class=\"wp-block-list\">\n<li>Adicionar suporte ao complemento Developer Tools<\/li>\n\n\n\n<li>Adicionar uma barra final ao URL padr\u00e3o do afiliado<\/li>\n<\/ul>\n\n\n\n<h2 class=\"wp-block-heading\" id=\"1.2.12\"><a title=\"#1.2.12\" href=\"#1.2.12\" rel=\"nofollow\"> 1.2.12 <\/a> \u2013 08\/02\/2023<\/h2>\n\n\n\n<ul class=\"wp-block-list\">\n<li>Adicionar um campo \u00e0 p\u00e1gina Editar aplicativo de afiliado para permitir a edi\u00e7\u00e3o do afiliado associado a um aplicativo<\/li>\n\n\n\n<li>Adicionar a\u00e7\u00f5es de Lixeira\/Restaurar\/Excluir a linhas individuais de aplicativos de afiliados<\/li>\n\n\n\n<li>Adicionar uma dica de ferramenta descritiva ao r\u00f3tulo Earns Per Click (Ganhos por clique) no painel do afiliado<\/li>\n\n\n\n<li>Corre\u00e7\u00e3o de um problema em que os usu\u00e1rios conectados n\u00e3o conseguiam se inscrever se tivessem feito a inscri\u00e7\u00e3o quando desconectados<\/li>\n\n\n\n<li>Corrigir os links para as p\u00e1ginas Dashboard e Signup na etapa final do assistente de integra\u00e7\u00e3o<\/li>\n<\/ul>\n\n\n\n<h2 class=\"wp-block-heading\" id=\"1.2.11\"><a title=\"#1.2.11\" href=\"#1.2.11\" rel=\"nofollow\"> 1.2.11 <\/a> \u2013 25\/07\/2023<\/h2>\n\n\n\n<ul class=\"wp-block-list\">\n<li>Adicionar compatibilidade com o Elementor<\/li>\n\n\n\n<li>Adicionar gancho de filtro de URL de redirecionamento de logout<\/li>\n\n\n\n<li>Adicionar ganchos de filtro para URLs de login e registro<\/li>\n\n\n\n<li>Adicionar gancho de filtro ao URL de retorno do Pro Dashboard<\/li>\n\n\n\n<li>Adicionar o verificador de links do ConvertKit \u00e0 lista de bots conhecidos<\/li>\n\n\n\n<li>Use recursos em vez de fun\u00e7\u00f5es para o acesso de administrador do plug-in<\/li>\n\n\n\n<li>Corrigir a integra\u00e7\u00e3o do reCAPTCHA<\/li>\n\n\n\n<li>Corre\u00e7\u00e3o do aviso de deprecia\u00e7\u00e3o quando o resultado da tabela \u00e9 nulo<\/li>\n\n\n\n<li>Corre\u00e7\u00e3o do problema de rastreamento de comiss\u00e3o do administrador<\/li>\n\n\n\n<li>Corre\u00e7\u00e3o do rastreamento de comiss\u00f5es no WPForms 1.8.2+<\/li>\n<\/ul>\n\n\n\n<h2 class=\"wp-block-heading\" id=\"1.2.10\"><a title=\"#1.2.10\" href=\"#1.2.10\" rel=\"nofollow\"> 1.2.10 <\/a> \u2013 15\/02\/2023<\/h2>\n\n\n\n<ul class=\"wp-block-list\">\n<li>Adicionar o s\u00edmbolo da moeda \"lei\" da Rom\u00eania<\/li>\n\n\n\n<li>Adicionar compatibilidade com a configura\u00e7\u00e3o NO_AUTO_VALUE_ON_ZERO do MySQL<\/li>\n\n\n\n<li>Adicionar classe exclusiva a linhas de links de texto e itens de grade de banners<\/li>\n\n\n\n<li>Corrigir o rastreamento de cupom de afiliado quando um cookie de afiliado tamb\u00e9m estiver presente<\/li>\n\n\n\n<li>Corrigir o rastreamento de cliques se o URL do afiliado estiver protegido por uma regra do MemberPress<\/li>\n\n\n\n<li>Corre\u00e7\u00e3o do carregamento de scripts de administra\u00e7\u00e3o em todas as p\u00e1ginas de administra\u00e7\u00e3o<\/li>\n\n\n\n<li>Corre\u00e7\u00e3o do rastreamento de nomes de usu\u00e1rio num\u00e9ricos<\/li>\n<\/ul>\n\n\n\n<h2 class=\"wp-block-heading\" id=\"1.2.9\"><a title=\"#1.2.9\" href=\"#1.2.9\" rel=\"nofollow\"> 1.2.9 <\/a> \u2013 29\/08\/2022<\/h2>\n\n\n\n<ul class=\"wp-block-list\">\n<li>Corrigir o rastreamento de comiss\u00f5es com pagamentos \u00fanicos do MemberPress<\/li>\n<\/ul>\n\n\n\n<h2 class=\"wp-block-heading\" id=\"1.2.8\"><a title=\"#1.2.8\" href=\"#1.2.8\" rel=\"nofollow\"> 1.2.8 <\/a> \u2013 08\/12\/2022<\/h2>\n\n\n\n<ul class=\"wp-block-list\">\n<li>Corre\u00e7\u00e3o dos c\u00e1lculos de pagamento do PayPal<\/li>\n\n\n\n<li>Remover o link das estat\u00edsticas de dom\u00ednio do Alexa<\/li>\n<\/ul>\n\n\n\n<h2 class=\"wp-block-heading\" id=\"1.2.7\"><a title=\"#1.2.7\" href=\"#1.2.7\" rel=\"nofollow\"> 1.2.7 <\/a> \u2013 15\/07\/2022<\/h2>\n\n\n\n<ul class=\"wp-block-list\">\n<li>Corre\u00e7\u00e3o de um erro fatal ao verificar se h\u00e1 atualiza\u00e7\u00f5es de plug-ins<\/li>\n<\/ul>\n\n\n\n<h2 class=\"wp-block-heading\" id=\"1.2.6\"><a title=\"#1.2.6\" href=\"#1.2.6\" rel=\"nofollow\"> 1.2.6 <\/a> \u2013 15\/07\/2022<\/h2>\n\n\n\n<ul class=\"wp-block-list\">\n<li>Impedir a duplica\u00e7\u00e3o de solicita\u00e7\u00f5es de afiliados com o mesmo endere\u00e7o de e-mail<\/li>\n\n\n\n<li>Permitir o login com um endere\u00e7o de e-mail como nome de usu\u00e1rio<\/li>\n<\/ul>\n\n\n\n<h2 class=\"wp-block-heading\" id=\"1.2.5\"><a title=\"#1.2.5\" href=\"#1.2.5\" rel=\"nofollow\"> 1.2.5 <\/a> \u2013 16\/05\/2022<\/h2>\n\n\n\n<ul class=\"wp-block-list\">\n<li>Corre\u00e7\u00e3o do rastreamento de reembolso do WooCommerce<\/li>\n\n\n\n<li>Corre\u00e7\u00e3o de um aviso de PHP no painel de controle do afiliado<\/li>\n\n\n\n<li>Corre\u00e7\u00e3o da substitui\u00e7\u00e3o do referenciador de afiliado durante uma compra EDD<\/li>\n\n\n\n<li>As comiss\u00f5es recorrentes agora s\u00e3o concedidas ao referenciador do cliente por padr\u00e3o<\/li>\n<\/ul>\n\n\n\n<h2 class=\"wp-block-heading\" id=\"1.2.4\"><a title=\"#1.2.4\" href=\"#1.2.4\" rel=\"nofollow\"> 1.2.4 <\/a> \u2013 14\/01\/2022<\/h2>\n\n\n\n<ul class=\"wp-block-list\">\n<li>Adicionar suporte ao complemento Relat\u00f3rios fiscais<\/li>\n<\/ul>\n\n\n\n<h2 class=\"wp-block-heading\" id=\"1.2.3\"><a title=\"#1.2.3\" href=\"#1.2.3\" rel=\"nofollow\"> 1.2.3 <\/a> \u2013 21\/12\/2021<\/h2>\n\n\n\n<ul class=\"wp-block-list\">\n<li>Adicionar a moeda Ghanaian Cedi (GHS)<\/li>\n\n\n\n<li>Adicionar gancho de filtro para par\u00e2metros UTM<\/li>\n\n\n\n<li>Adicione o shortcode esaf_affiliate_id para recuperar o ID de afiliado atual no cookie<\/li>\n\n\n\n<li>Corre\u00e7\u00e3o da pesquisa de afiliados por nome de usu\u00e1rio do referenciador<\/li>\n\n\n\n<li>Corrigir pagamentos para afiliados com um endere\u00e7o de e-mail inv\u00e1lido do PayPal<\/li>\n\n\n\n<li>Corre\u00e7\u00e3o de meta valores de afiliados que est\u00e3o sendo definidos como vazios para campos que n\u00e3o s\u00e3o vis\u00edveis<\/li>\n<\/ul>\n\n\n\n<h2 class=\"wp-block-heading\" id=\"1.2.2\"><a title=\"#1.2.2\" href=\"#1.2.2\" rel=\"nofollow\"> 1.2.2 <\/a> \u2013 15\/11\/2021<\/h2>\n\n\n\n<ul class=\"wp-block-list\">\n<li>Corre\u00e7\u00e3o do rastreamento de comiss\u00f5es ao usar o checkout do WooCommerce Blocks<\/li>\n<\/ul>\n\n\n\n<h2 class=\"wp-block-heading\" id=\"1.2.1\"><a title=\"#1.2.1\" href=\"#1.2.1\" rel=\"nofollow\"> 1.2.1 <\/a> \u2013 13\/11\/2021<\/h2>\n\n\n\n<ul class=\"wp-block-list\">\n<li>Adicionar a op\u00e7\u00e3o Showcase URL<\/li>\n<\/ul>\n\n\n\n<h2 class=\"wp-block-heading\" id=\"1.2.0\"><a title=\"#1.2.0\" href=\"#1.2.0\" rel=\"nofollow\"> 1.2.0 <\/a> \u2013 29\/09\/2021<\/h2>\n\n\n\n<ul class=\"wp-block-list\">\n<li>Adicionar uma op\u00e7\u00e3o para ativar o rastreamento autom\u00e1tico de UTM em links de afiliados<\/li>\n<\/ul>\n\n\n\n<h2 class=\"wp-block-heading\" id=\"1.1.2\"><a title=\"#1.1.2\" href=\"#1.1.2\" rel=\"nofollow\"> 1.1.2 <\/a> \u2013 16\/09\/2021<\/h2>\n\n\n\n<ul class=\"wp-block-list\">\n<li>Corre\u00e7\u00e3o de comiss\u00e3o duplicada registrada para pagamentos \u00fanicos (MemberPress PayPal)<\/li>\n\n\n\n<li>Corrigir o valor \"Estimated Next Payout\" (Pr\u00f3ximo pagamento estimado) no painel do afiliado<\/li>\n\n\n\n<li>Adicionar um gancho de filtro nos args do URL de afiliado padr\u00e3o<\/li>\n<\/ul>\n\n\n\n<h2 class=\"wp-block-heading\" id=\"1.1.1\"><a title=\"#1.1.1\" href=\"#1.1.1\" rel=\"nofollow\"> 1.1.1 <\/a> \u2013 26\/08\/2021<\/h2>\n\n\n\n<ul class=\"wp-block-list\">\n<li>Corre\u00e7\u00e3o do rastreamento de comiss\u00f5es para assinaturas ap\u00f3s a migra\u00e7\u00e3o da AffiliateWP<\/li>\n\n\n\n<li>Corre\u00e7\u00e3o de transa\u00e7\u00f5es do MemberPress que n\u00e3o est\u00e3o sendo migradas do AffiliateWP<\/li>\n\n\n\n<li>Corre\u00e7\u00e3o de refer\u00eancias rejeitadas que est\u00e3o sendo migradas da AffiliateWP<\/li>\n\n\n\n<li>Corre\u00e7\u00e3o de um problema ao migrar comiss\u00f5es do AffiliateWP<\/li>\n\n\n\n<li>Corre\u00e7\u00e3o de imagens de banner que transbordam o pop-up no painel de controle do afiliado<\/li>\n\n\n\n<li>Corre\u00e7\u00e3o da exporta\u00e7\u00e3o de tabela para CSV que n\u00e3o usa o valor \"por p\u00e1gina\"<\/li>\n\n\n\n<li>Corrigir os links para estat\u00edsticas de afiliados na p\u00e1gina Pagar Afiliados<\/li>\n\n\n\n<li>Corrigir o problema de rastreamento de cliques com o Thrive Architect<\/li>\n<\/ul>\n\n\n\n<h2 class=\"wp-block-heading\" id=\"1.1.0\"><a title=\"#1.1.0\" href=\"#1.1.0\" rel=\"nofollow\"> 1.1.0 <\/a> \u2013 16\/08\/2021<\/h2>\n\n\n\n<ul class=\"wp-block-list\">\n<li>Adicionar integra\u00e7\u00e3o com o WPForms<\/li>\n\n\n\n<li>Adicionar integra\u00e7\u00e3o do Formidable Forms<\/li>\n<\/ul>\n\n\n\n<h2 class=\"wp-block-heading\" id=\"1.0.7\"><a title=\"#1.0.7\" href=\"#1.0.7\" rel=\"nofollow\"> 1.0.7 <\/a> \u2013 22\/07\/2021<\/h2>\n\n\n\n<ul class=\"wp-block-list\">\n<li>Adicionar a taxa de comiss\u00e3o do afiliado \u00e0s estat\u00edsticas do painel<\/li>\n\n\n\n<li>Adicionar uma a\u00e7\u00e3o para reenviar o e-mail de aprova\u00e7\u00e3o do aplicativo de afiliado<\/li>\n\n\n\n<li>Adicionar uma op\u00e7\u00e3o para cancelar a assinatura das notifica\u00e7\u00f5es de venda<\/li>\n\n\n\n<li>Adicionar ganchos de filtro para tornar os campos do site\/estrat\u00e9gia do aplicativo de afiliados n\u00e3o obrigat\u00f3rios<\/li>\n\n\n\n<li>Corre\u00e7\u00e3o da classifica\u00e7\u00e3o da coluna MTD\/YTD na tabela de lista de administra\u00e7\u00e3o de afiliados<\/li>\n\n\n\n<li>Corrigir a impossibilidade de os administradores visualizarem\/editarem suas pr\u00f3prias configura\u00e7\u00f5es de afiliados<\/li>\n\n\n\n<li>Corre\u00e7\u00e3o de usu\u00e1rios administradores que n\u00e3o conseguem acessar o painel de controle de afiliados sem se inscrever<\/li>\n\n\n\n<li>Corre\u00e7\u00e3o do campo de entrada de pagina\u00e7\u00e3o da tabela de listas do administrador<\/li>\n<\/ul>\n\n\n\n<h2 class=\"wp-block-heading\" id=\"1.0.6\"><a title=\"#1.0.6\" href=\"#1.0.6\" rel=\"nofollow\"> 1.0.6 <\/a> \u2013 07\/07\/2021<\/h2>\n\n\n\n<ul class=\"wp-block-list\">\n<li>Adicionar migra\u00e7\u00e3o com um clique da AffiliateWP<\/li>\n\n\n\n<li>Corre\u00e7\u00e3o de e-mails de boas-vindas duplicados com a op\u00e7\u00e3o \"Auto-Add Affiliates\" ativada<\/li>\n\n\n\n<li>Corre\u00e7\u00e3o de reembolsos autom\u00e1ticos na integra\u00e7\u00e3o com o MemberPress<\/li>\n\n\n\n<li>Corre\u00e7\u00e3o do rastreamento de comiss\u00f5es do MemberPress para pagamentos off-line conclu\u00eddos manualmente<\/li>\n\n\n\n<li>Corre\u00e7\u00e3o de um erro fatal ao editar um link personalizado<\/li>\n\n\n\n<li>Corrigir o alinhamento do conte\u00fado do e-mail em sites RTL<\/li>\n<\/ul>\n\n\n\n<h2 class=\"wp-block-heading\" id=\"1.0.5\"><a title=\"#1.0.5\" href=\"#1.0.5\" rel=\"nofollow\"> 1.0.5 <\/a> \u2013 06\/09\/2021<\/h2>\n\n\n\n<ul class=\"wp-block-list\">\n<li>Corrigir erro de consulta ao criar a tabela de pagamentos<\/li>\n<\/ul>\n\n\n\n<h2 class=\"wp-block-heading\" id=\"1.0.4\"><a title=\"#1.0.4\" href=\"#1.0.4\" rel=\"nofollow\"> 1.0.4 <\/a> \u2013 06\/01\/2021<\/h2>\n\n\n\n<ul class=\"wp-block-list\">\n<li>Adicionar suporte para assinaturas do WooCommerce<\/li>\n\n\n\n<li>Adicione o endere\u00e7o de e-mail do usu\u00e1rio ao cabe\u00e7alho Reply-To no e-mail do aplicativo de afiliados<\/li>\n\n\n\n<li>Adicionar valida\u00e7\u00e3o de URL ao campo de sites de promo\u00e7\u00e3o no formul\u00e1rio de inscri\u00e7\u00e3o de afiliado<\/li>\n\n\n\n<li>Adicionar links auxiliares \u00e0 tela Editar aplicativo para ajudar os administradores a auditar os sites enviados<\/li>\n\n\n\n<li>Adicione um campo de m\u00eddia social ao formul\u00e1rio de inscri\u00e7\u00e3o de afiliado<\/li>\n\n\n\n<li>Adicionar o endere\u00e7o de e-mail do PayPal do afiliado ao arquivo CSV de pagamentos<\/li>\n\n\n\n<li>Adicione o campo de endere\u00e7o de e-mail do PayPal do afiliado \u00e0 tela Edit User (Editar usu\u00e1rio)<\/li>\n\n\n\n<li>Adicionar suporte para s\u00edmbolos de moeda ap\u00f3s o valor<\/li>\n\n\n\n<li>Melhorar o desempenho das consultas de pesquisa da tabela de listas<\/li>\n\n\n\n<li>Corrigir cliques e vendas que est\u00e3o sendo rastreados para afiliados bloqueados<\/li>\n\n\n\n<li>Corre\u00e7\u00e3o dos c\u00e1lculos de comiss\u00e3o do WooCommerce para n\u00e3o incluir o valor do imposto<\/li>\n\n\n\n<li>Corre\u00e7\u00e3o dos campos de endere\u00e7o e de ID fiscal que n\u00e3o aparecem na tela Editar usu\u00e1rio<\/li>\n<\/ul>\n\n\n\n<h2 class=\"wp-block-heading\" id=\"1.0.3\"><a title=\"#1.0.3\" href=\"#1.0.3\" rel=\"nofollow\"> 1.0.3 <\/a> \u2013 18\/05\/2021<\/h2>\n\n\n\n<ul class=\"wp-block-list\">\n<li>Corrigir o layout do painel de controle de afiliados em dispositivos m\u00f3veis<\/li>\n\n\n\n<li>Corre\u00e7\u00e3o de pagamentos off-line que n\u00e3o funcionam quando o afiliado n\u00e3o tem um endere\u00e7o de e-mail do PayPal definido<\/li>\n\n\n\n<li>Corre\u00e7\u00e3o da impossibilidade de se inscrever como um usu\u00e1rio conectado sem nome ou sobrenome definido<\/li>\n<\/ul>\n\n\n\n<h2 class=\"wp-block-heading\" id=\"1.0.2\"><a title=\"#1.0.2\" href=\"#1.0.2\" rel=\"nofollow\"> 1.0.2 <\/a> \u2013 13\/05\/2021<\/h2>\n\n\n\n<ul class=\"wp-block-list\">\n<li>Substituir c\u00f3digos de acesso wafp_* antigos por novas alternativas esaf_*<\/li>\n\n\n\n<li>Adicionar suporte ao reCaptcha da BestWebSoft<\/li>\n\n\n\n<li>Adicionar suporte ao Loco Translate<\/li>\n\n\n\n<li>Sempre mostrar \"meu link de afiliado\" na p\u00e1gina Affiliate Dashboard<\/li>\n\n\n\n<li>Resolver conflitos com o tema Divi<\/li>\n\n\n\n<li>Diversas corre\u00e7\u00f5es para melhorar os conflitos e a apar\u00eancia da interface do usu\u00e1rio do Affiliate Dashboard<\/li>\n\n\n\n<li>Corrigir erro fatal em instala\u00e7\u00f5es antigas do WP<\/li>\n\n\n\n<li>Corrigir erro de redefini\u00e7\u00e3o de senha: incompatibilidade de vari\u00e1veis<\/li>\n\n\n\n<li>Corre\u00e7\u00e3o do gerador de links personalizados que n\u00e3o funciona se ainda n\u00e3o houver criativos definidos<\/li>\n<\/ul>\n\n\n\n<h2 class=\"wp-block-heading\" id=\"1.0.1\"><a title=\"#1.0.1\" href=\"#1.0.1\" rel=\"nofollow\"> 1.0.1 <\/a><\/h2>\n\n\n\n<ul class=\"wp-block-list\">\n<li>Nenhuma altera\u00e7\u00e3o<\/li>\n<\/ul>\n\n\n\n<h2 class=\"wp-block-heading\" id=\"1.0.0\"><a title=\"#1.0.0\" href=\"#1.0.0\" rel=\"nofollow\"> 1.0.0 <\/a><\/h2>\n\n\n\n<ul class=\"wp-block-list\">\n<li>Lan\u00e7amento inicial<\/li>\n<\/ul>","protected":false},"excerpt":{"rendered":"<p>1.4.0 &#8211; 09\/11\/2025 1.3.18 &#8211; 05\/20\/2025 1.3.17 &#8211; 03\/03\/2025 1.3.16 &#8211; 12\/18\/2024 1.3.15 &#8211; 11\/28\/2024 1.3.14 &#8211; 11\/27\/2024 1.3.12 &#8211; 11\/26\/2024 1.3.11 &#8211; 11\/06\/2024 1.3.10 &#8211; 06\/12\/2024 1.3.9 &#8211; 04\/30\/2024 1.3.8 &#8211; 03\/28\/2024 1.3.7 &#8211; 03\/19\/2024 1.3.6 &#8211; 01\/16\/2024 1.3.5 &#8211; 11\/14\/2023 1.3.1 &#8211; 1.3.4 &#8211; 11\/08\/2023 1.3.0 &#8211; 10\/06\/2023 1.2.14 &#8211; 09\/14\/2023 1.2.13 &#8211; [&hellip;]<\/p>\n","protected":false},"author":2028,"featured_media":0,"parent":0,"menu_order":0,"comment_status":"closed","ping_status":"closed","template":"","meta":{"_acf_changed":false,"om_disable_all_campaigns":false,"_strive_editorial_status":"not-started","_strive_copy_of":0,"inline_featured_image":false,"_monsterinsights_skip_tracking":false,"_monsterinsights_sitenote_active":false,"_monsterinsights_sitenote_note":"","_monsterinsights_sitenote_category":0,"_genesis_hide_title":false,"_genesis_hide_breadcrumbs":false,"_genesis_hide_singular_image":false,"_genesis_hide_footer_widgets":false,"_genesis_custom_body_class":"","_genesis_custom_post_class":"","_genesis_layout":"","footnotes":""},"class_list":{"0":"post-5844","1":"page","2":"type-page","3":"status-publish","5":"entry"},"acf":[],"aioseo_notices":[],"_links":{"self":[{"href":"https:\/\/easyaffiliate.com\/pt\/wp-json\/wp\/v2\/pages\/5844","targetHints":{"allow":["GET"]}}],"collection":[{"href":"https:\/\/easyaffiliate.com\/pt\/wp-json\/wp\/v2\/pages"}],"about":[{"href":"https:\/\/easyaffiliate.com\/pt\/wp-json\/wp\/v2\/types\/page"}],"author":[{"embeddable":true,"href":"https:\/\/easyaffiliate.com\/pt\/wp-json\/wp\/v2\/users\/2028"}],"replies":[{"embeddable":true,"href":"https:\/\/easyaffiliate.com\/pt\/wp-json\/wp\/v2\/comments?post=5844"}],"version-history":[{"count":7,"href":"https:\/\/easyaffiliate.com\/pt\/wp-json\/wp\/v2\/pages\/5844\/revisions"}],"predecessor-version":[{"id":13531,"href":"https:\/\/easyaffiliate.com\/pt\/wp-json\/wp\/v2\/pages\/5844\/revisions\/13531"}],"wp:attachment":[{"href":"https:\/\/easyaffiliate.com\/pt\/wp-json\/wp\/v2\/media?parent=5844"}],"curies":[{"name":"wp","href":"https:\/\/api.w.org\/{rel}","templated":true}]}}