{"id":6074,"date":"2021-04-20T14:13:40","date_gmt":"2021-04-20T14:13:40","guid":{"rendered":"https:\/\/easyaffstage.wpengine.com\/?page_id=6074"},"modified":"2021-04-23T21:29:06","modified_gmt":"2021-04-23T21:29:06","slug":"easy-affiliate-replaces-affiliate-royale","status":"publish","type":"page","link":"https:\/\/easyaffiliate.com\/pt\/easy-affiliate-replaces-affiliate-royale\/","title":{"rendered":"O novo Easy Affiliate substitui o Affiliate Royale"},"content":{"rendered":"<p>O novo plug-in de programa de afiliados <strong>Afiliado f\u00e1cil<\/strong> \u00e9 o plug-in de programa de afiliados mais abrangente, seguro e moderno do mundo! Se voc\u00ea gostou de usar o Affiliate Royale, <strong>Prepare-se para ser surpreendido pela Easy Affiliate<\/strong>!<\/p>\n\n\n\n<p>Se voc\u00ea for um usu\u00e1rio atual do Affiliate Royale, poder\u00e1 <strong>mude para o novo produto Easy Affiliate gratuitamente<\/strong> seguindo as instru\u00e7\u00f5es abaixo. Ao mudar, todas as suas configura\u00e7\u00f5es, afiliados, transa\u00e7\u00f5es, cliques, pagamentos e outros dados estar\u00e3o seguros e voc\u00ea poder\u00e1 acess\u00e1-los a partir do Easy Affiliate.<\/p>\n\n\n\n<h2 class=\"wp-block-heading\"><strong>O que est\u00e1 inclu\u00eddo na mistura<\/strong><\/h2>\n\n\n\n<ul class=\"wp-block-list\"><li><strong>Processo de inscri\u00e7\u00e3o de afiliados<\/strong>. Agora \u00e9 poss\u00edvel exigir que os afiliados se inscrevam por meio de um formul\u00e1rio de inscri\u00e7\u00e3o e, em seguida, voc\u00ea pode aprovar, rejeitar ou ignorar a inscri\u00e7\u00e3o<\/li><li><strong>Pagamentos com 1 clique do PayPal<\/strong>. Pague seus afiliados via PayPal diretamente do painel do WordPress<\/li><li><strong>Painel de controle Pro<\/strong>. Um painel de controle do tipo SaaS de p\u00e1gina inteira para seus afiliados<\/li><li><strong>Seguran\u00e7a<\/strong>. Os cookies s\u00e3o protegidos com valida\u00e7\u00e3o de hash para evitar adultera\u00e7\u00f5es, e h\u00e1 um complemento de Preven\u00e7\u00e3o contra fraudes para detectar e evitar cliques e vendas fraudulentas<\/li><li><strong>Comiss\u00f5es de v\u00e1rios itens do carrinho<\/strong>. Para compras no WooCommerce e EDD, o Easy Affiliate rastrear\u00e1 as comiss\u00f5es em cada item individual do carrinho, em vez do total do pedido, permitindo que voc\u00ea defina um n\u00edvel de comiss\u00e3o personalizado ou zero comiss\u00e3o em produtos individuais<\/li><li><strong>Complementos<\/strong>. Os seguintes add-ons podem ser instalados em Easy Affiliate &gt; Add-ons (requer uma licen\u00e7a ativa):<ul><li><strong>N\u00edveis de comiss\u00e3o<\/strong>. Suporte adicional para adicionar e remover n\u00edveis de comiss\u00e3o (isso estava no n\u00facleo do Affiliate Royale - se voc\u00ea estava usando mais de um n\u00edvel de comiss\u00e3o, precisar\u00e1 deste complemento para adicionar ou remover n\u00edveis de comiss\u00e3o)<\/li><li><strong>Regras da Comiss\u00e3o<\/strong>. Permite que voc\u00ea defina regras para habilitar diferentes valores de comiss\u00e3o para diferentes produtos, afiliados e muito mais<\/li><li><strong>Preven\u00e7\u00e3o de fraudes<\/strong>. Detectar e evitar cliques e vendas fraudulentas<\/li><li><strong>Marketing<\/strong>. Os afiliados ser\u00e3o adicionados a esses servi\u00e7os (se instalados) quando se inscreverem:<ul><li>ActiveCampaign<\/li><li>ConvertKit<\/li><li>GetResponse<\/li><li>Mailchimp<\/li><\/ul><\/li><\/ul><\/li><\/ul>\n\n\n\n<h2 class=\"wp-block-heading\"><strong>O que h\u00e1 de diferente<\/strong><\/h2>\n\n\n\n<p>O <strong>Integra\u00e7\u00e3o de marketing AWeber<\/strong> n\u00e3o est\u00e1 inclu\u00eddo no Easy Affiliate. Esperamos disponibiliz\u00e1-lo como um complemento ainda este ano.<\/p>\n\n\n\n<p>O <strong>suportado<\/strong> As integra\u00e7\u00f5es de com\u00e9rcio eletr\u00f4nico no Easy Affiliate s\u00e3o:<\/p>\n\n\n\n<ul class=\"wp-block-list\"><li>MemberPress<\/li><li>WooCommerce<\/li><li>Downloads digitais f\u00e1ceis<\/li><li>PayPal<\/li><\/ul>\n\n\n\n<p>Se voc\u00ea estiver usando qualquer uma das seguintes integra\u00e7\u00f5es de com\u00e9rcio eletr\u00f4nico no Affiliate Royale, saiba que elas n\u00e3o funcionar\u00e3o no Easy Affiliate.<\/p>\n\n\n\n<ul class=\"wp-block-list\"><li>Compre agora para Stripe<\/li><li>Jigoshop<\/li><li>MarketPress<\/li><li>Loja<\/li><li>Carrinho66<\/li><li>WP E-Commerce<\/li><li>Authorize.net ARB<\/li><li>Lista de desejos<\/li><li>Pagamentos com Stripe da DigLabs<\/li><li>Rastreamento geral (Pixel)<\/li><\/ul>\n\n\n\n<h2 class=\"wp-block-heading\">Como mudar para o Easy Affiliate<\/h2>\n\n\n\n<p>Fa\u00e7a login em seu <a href=\"https:\/\/easyaffiliate.com\/pt\/account\/\">Conta easyaffiliate.com<\/a> (usando as mesmas credenciais de sua conta affiliateroyale.com) e baixe a vers\u00e3o mais recente do plug-in Easy Affiliate. Em seguida, v\u00e1 para <em>Plug-ins &gt; Adicionar novo<\/em>Fa\u00e7a o upload e instale o arquivo zip do plug-in Easy Affiliate. Depois de ativar o plug-in, voc\u00ea ser\u00e1 redirecionado para o Assistente de Configura\u00e7\u00e3o para come\u00e7ar.<\/p>\n\n\n\n<h2 class=\"wp-block-heading\"><strong>Como reverter para o Affiliate Royale<\/strong><\/h2>\n\n\n\n<p>Duvidamos muito que isso aconte\u00e7a, mas se algo der errado ou se voc\u00ea quiser reverter para o Affiliate Royale, o processo \u00e9 f\u00e1cil. Basta desativar o Easy Affiliate e ativar o Affiliate Royale. Seu programa de afiliados ser\u00e1 executado pelo Affiliate Royale novamente.<\/p>\n\n\n\n<p>Se voc\u00ea tiver alguma d\u00favida ou precisar de ajuda, por favor <a href=\"https:\/\/easyaffiliate.com\/pt\/support\/\" title=\"easyaffiliate.com\/support\">Entre em contato com o Suporte<\/a>. Estamos aqui para ajudar!<\/p>\n\n\n\n<h4 class=\"wp-block-heading\"><strong>Observa\u00e7\u00e3o importante sobre o c\u00f3digo personalizado<\/strong><\/h4>\n\n\n\n<p>Se voc\u00ea tiver algum c\u00f3digo PHP personalizado que interaja com o Affiliate Royale (por exemplo, usando as classes PHP que come\u00e7am com Wafp, como WafpUser), o c\u00f3digo precisar\u00e1 ser alterado ou removido para evitar erros fatais. No Easy Affiliate, as classes s\u00e3o nomeadas para come\u00e7ar com EasyAffiliate\\. Por exemplo, WafpUser agora \u00e9 EasyAffiliate\\Models\\User.<\/p>\n\n\n\n<p>Se voc\u00ea tiver algum estilo personalizado para a Affiliate Royale nas classes CSS que come\u00e7am com Wafp, verifique se o estilo personalizado foi afetado pela atualiza\u00e7\u00e3o e corrija-o, se necess\u00e1rio.<\/p>","protected":false},"excerpt":{"rendered":"<p>The all new affiliate program plugin Easy Affiliate is the most comprehensive, secure, and modern affiliate program plugin in the world! If you&#8217;ve enjoyed using Affiliate Royale, get ready to be blown away by Easy Affiliate! If you&#8217;re a current user of Affiliate Royale, you can switch to the all new product Easy Affiliate for [&hellip;]<\/p>\n","protected":false},"author":2,"featured_media":0,"parent":0,"menu_order":0,"comment_status":"closed","ping_status":"closed","template":"","meta":{"_acf_changed":false,"om_disable_all_campaigns":false,"_strive_editorial_status":"not-started","_strive_copy_of":0,"inline_featured_image":false,"_monsterinsights_skip_tracking":false,"_monsterinsights_sitenote_active":false,"_monsterinsights_sitenote_note":"","_monsterinsights_sitenote_category":0,"_genesis_hide_title":false,"_genesis_hide_breadcrumbs":false,"_genesis_hide_singular_image":false,"_genesis_hide_footer_widgets":false,"_genesis_custom_body_class":"","_genesis_custom_post_class":"","_genesis_layout":"","footnotes":""},"class_list":{"0":"post-6074","1":"page","2":"type-page","3":"status-publish","5":"entry"},"acf":[],"aioseo_notices":[],"_links":{"self":[{"href":"https:\/\/easyaffiliate.com\/pt\/wp-json\/wp\/v2\/pages\/6074","targetHints":{"allow":["GET"]}}],"collection":[{"href":"https:\/\/easyaffiliate.com\/pt\/wp-json\/wp\/v2\/pages"}],"about":[{"href":"https:\/\/easyaffiliate.com\/pt\/wp-json\/wp\/v2\/types\/page"}],"author":[{"embeddable":true,"href":"https:\/\/easyaffiliate.com\/pt\/wp-json\/wp\/v2\/users\/2"}],"replies":[{"embeddable":true,"href":"https:\/\/easyaffiliate.com\/pt\/wp-json\/wp\/v2\/comments?post=6074"}],"version-history":[{"count":0,"href":"https:\/\/easyaffiliate.com\/pt\/wp-json\/wp\/v2\/pages\/6074\/revisions"}],"wp:attachment":[{"href":"https:\/\/easyaffiliate.com\/pt\/wp-json\/wp\/v2\/media?parent=6074"}],"curies":[{"name":"wp","href":"https:\/\/api.w.org\/{rel}","templated":true}]}}