{"id":6207,"date":"2021-05-05T00:02:11","date_gmt":"2021-05-05T00:02:11","guid":{"rendered":"https:\/\/easyaffiliate.com\/?page_id=6207"},"modified":"2021-05-05T00:02:12","modified_gmt":"2021-05-05T00:02:12","slug":"media","status":"publish","type":"page","link":"https:\/\/easyaffiliate.com\/pt\/media\/","title":{"rendered":"M\u00eddia"},"content":{"rendered":"<p>Fa\u00e7a o download de uma imagem de alta resolu\u00e7\u00e3o do logotipo da Easy Affiliate:<\/p>\n\n\n\n<figure class=\"wp-block-image size-large\"><a href=\"https:\/\/easyaffiliate.com\/wp-content\/uploads\/2021\/05\/EA-RGB-Horizontal.jpg\"><img decoding=\"async\" src=\"https:\/\/easyaffiliate.com\/wp-content\/uploads\/2021\/05\/EA-RGB-Horizontal-1024x242.jpg\" alt=\"\" class=\"wp-image-6208\"\/><\/a><\/figure>\n\n\n\n<p>Ou sinta-se \u00e0 vontade para fazer o download de um conjunto mais extenso de v\u00e1rios logotipos aprovados de alta resolu\u00e7\u00e3o do Easy Affiliate:<\/p>\n\n\n\n<div class=\"wp-block-file\"><a href=\"https:\/\/easyaffiliate.com\/wp-content\/uploads\/2021\/05\/Easy_Affiliate_Logo_Pack.zip\">Easy_Affiliate_Logo_Pack.zip (477 KB)<\/a><a href=\"https:\/\/easyaffiliate.com\/wp-content\/uploads\/2021\/05\/Easy_Affiliate_Logo_Pack.zip\" class=\"wp-block-file__button\" download>Baixar<\/a><\/div>\n\n\n\n<h3 class=\"wp-block-heading\">Mais informa\u00e7\u00f5es e recursos<\/h3>\n\n\n\n<p>Se precisar de mais informa\u00e7\u00f5es ou recursos, gostar\u00edamos de ouvi-lo por meio de nosso\u00a0<a href=\"https:\/\/easyaffiliate.com\/pt\/contact\/\" title=\"https:\/\/memberpress.com\/contact\">Formul\u00e1rio de contato<\/a>.<\/p>","protected":false},"excerpt":{"rendered":"<p>Fa\u00e7a o download de uma imagem de alta resolu\u00e7\u00e3o do logotipo do Easy Affiliate: Ou sinta-se \u00e0 vontade para fazer o download de um conjunto mais extenso de v\u00e1rios logotipos aprovados de alta resolu\u00e7\u00e3o do Easy Affiliate: Mais informa\u00e7\u00f5es e recursos Se precisar de mais informa\u00e7\u00f5es ou recursos, gostar\u00edamos de ouvi-lo por meio de nosso formul\u00e1rio de contato.<\/p>","protected":false},"author":1,"featured_media":0,"parent":0,"menu_order":0,"comment_status":"closed","ping_status":"closed","template":"","meta":{"_acf_changed":false,"om_disable_all_campaigns":false,"_strive_editorial_status":"not-started","_strive_copy_of":0,"inline_featured_image":false,"_monsterinsights_skip_tracking":false,"_monsterinsights_sitenote_active":false,"_monsterinsights_sitenote_note":"","_monsterinsights_sitenote_category":0,"_genesis_hide_title":false,"_genesis_hide_breadcrumbs":false,"_genesis_hide_singular_image":false,"_genesis_hide_footer_widgets":false,"_genesis_custom_body_class":"","_genesis_custom_post_class":"","_genesis_layout":"","footnotes":""},"class_list":{"0":"post-6207","1":"page","2":"type-page","3":"status-publish","5":"entry"},"acf":[],"aioseo_notices":[],"_links":{"self":[{"href":"https:\/\/easyaffiliate.com\/pt\/wp-json\/wp\/v2\/pages\/6207","targetHints":{"allow":["GET"]}}],"collection":[{"href":"https:\/\/easyaffiliate.com\/pt\/wp-json\/wp\/v2\/pages"}],"about":[{"href":"https:\/\/easyaffiliate.com\/pt\/wp-json\/wp\/v2\/types\/page"}],"author":[{"embeddable":true,"href":"https:\/\/easyaffiliate.com\/pt\/wp-json\/wp\/v2\/users\/1"}],"replies":[{"embeddable":true,"href":"https:\/\/easyaffiliate.com\/pt\/wp-json\/wp\/v2\/comments?post=6207"}],"version-history":[{"count":0,"href":"https:\/\/easyaffiliate.com\/pt\/wp-json\/wp\/v2\/pages\/6207\/revisions"}],"wp:attachment":[{"href":"https:\/\/easyaffiliate.com\/pt\/wp-json\/wp\/v2\/media?parent=6207"}],"curies":[{"name":"wp","href":"https:\/\/api.w.org\/{rel}","templated":true}]}}